{"id":37157,"date":"2022-09-05T11:12:27","date_gmt":"2022-09-05T09:12:27","guid":{"rendered":"https:\/\/ak47.nu\/produkt\/primal-gear-shemagh-scarf-svart\/"},"modified":"2025-08-21T10:42:14","modified_gmt":"2025-08-21T08:42:14","slug":"primal-gear-shemagh-echarpe-noire","status":"publish","type":"product","link":"https:\/\/ak47.nu\/fr\/produit\/tillbehor-2\/ovriga-tillbehor\/primal-gear-shemagh-echarpe-noire\/","title":{"rendered":"Primal Gear Shemagh - \u00c9charpe Arafat Noire"},"content":{"rendered":"<h1>Primal Gear Shemagh - \u00c9charpe Noire<\/h1>\n<h2>Couvre-chef Arabe Traditionnel<\/h2>\n<p>Une \u00e9charpe Shemagh\/Keffieh, \u00e9galement connue sous le nom d'\u00e9charpe Arafat, est un couvre-chef arabe traditionnel polyvalent. Cette \u00e9charpe Arafat noire de Primal Gear offre d'innombrables utilisations et peut \u00eatre port\u00e9e de nombreuses fa\u00e7ons diff\u00e9rentes. Fabriqu\u00e9e au Pakistan \u00e0 partir de coton 100 % de haute qualit\u00e9, vous obtenez une \u00e9charpe durable et confortable.<\/p>\n<h3>Coton de Haute Qualit\u00e9<\/h3>\n<p>L'\u00e9charpe Arafat est compos\u00e9e \u00e0 100 % de coton, ce qui la rend douce et confortable contre la peau tout en restant durable et r\u00e9sistante. Le coton de haute qualit\u00e9 assure une utilisation et un confort durables.<\/p>\n<h3>Informations sur le produit :<\/h3>\n<ul>\n <li><strong>Mat\u00e9riau :<\/strong> 100 % coton<\/li>\n <li><strong>Dimensions :<\/strong> 110 x 110 cm<\/li>\n <li><strong>Poids :<\/strong> 150g<\/li>\n <li><strong>Couleur :<\/strong> Noir<\/li>\n <li><strong>Fabricant :<\/strong> Primal Gear<\/li>\n<\/ul>\n<p>Cette \u00e9charpe Shemagh noire de Primal Gear est un excellent ajout \u00e0 votre \u00e9quipement. Utilisez-la comme protection contre le soleil, le vent et le sable, ou comme un accessoire \u00e9l\u00e9gant. <a href=\"https:\/\/ak47.nu\/fr\/butik\/\">Explorez notre gamme d'autres \u00e9charpes<\/a>. Consultez \u00e9galement notre s\u00e9lection d'autres <a href=\"https:\/\/ak47.nu\/fr\/tillbehor-2\/ovriga-tillbehor\/\">produits Primal Gear<\/a> pour compl\u00e9ter votre \u00e9quipement. Visitez <a href=\"https:\/\/ak47.nu\/fr\/\">notre site web<\/a> pour d\u00e9couvrir toute notre gamme.<\/p>","protected":false},"excerpt":{"rendered":"<p>K\u00f6p Primal Gear Shemagh Scarf i svart &#8211; B\u00e4sta kvalitet och pris. Perfekt f\u00f6r outdooraktiviteter och taktisk anv\u00e4ndning. Best\u00e4ll nu och f\u00e5 snabb leverans!<\/p>","protected":false},"featured_media":37149,"template":"","meta":[],"product_brand":[],"product_cat":[475,450],"product_tag":[],"class_list":{"0":"post-37157","1":"product","2":"type-product","3":"status-publish","4":"has-post-thumbnail","6":"product_cat-ovriga-tillbehor","7":"product_cat-tillbehor-2","8":"pa_brand-primal-gear","9":"pa_farg-svart","11":"first","12":"instock","13":"sale","14":"taxable","15":"shipping-taxable","16":"purchasable","17":"product-type-simple"},"_links":{"self":[{"href":"https:\/\/ak47.nu\/fr\/wp-json\/wp\/v2\/product\/37157","targetHints":{"allow":["GET"]}}],"collection":[{"href":"https:\/\/ak47.nu\/fr\/wp-json\/wp\/v2\/product"}],"about":[{"href":"https:\/\/ak47.nu\/fr\/wp-json\/wp\/v2\/types\/product"}],"wp:featuredmedia":[{"embeddable":true,"href":"https:\/\/ak47.nu\/fr\/wp-json\/wp\/v2\/media\/37149"}],"wp:attachment":[{"href":"https:\/\/ak47.nu\/fr\/wp-json\/wp\/v2\/media?parent=37157"}],"wp:term":[{"taxonomy":"product_brand","embeddable":true,"href":"https:\/\/ak47.nu\/fr\/wp-json\/wp\/v2\/product_brand?post=37157"},{"taxonomy":"product_cat","embeddable":true,"href":"https:\/\/ak47.nu\/fr\/wp-json\/wp\/v2\/product_cat?post=37157"},{"taxonomy":"product_tag","embeddable":true,"href":"https:\/\/ak47.nu\/fr\/wp-json\/wp\/v2\/product_tag?post=37157"}],"curies":[{"name":"wp","href":"https:\/\/api.w.org\/{rel}","templated":true}]}}