{"id":37166,"date":"2022-09-05T11:12:31","date_gmt":"2022-09-05T09:12:31","guid":{"rendered":"https:\/\/ak47.nu\/produkt\/primal-gear-shemagh-scarf-oliv\/"},"modified":"2025-08-21T10:42:13","modified_gmt":"2025-08-21T08:42:13","slug":"primal-gear-shemagh-echarpe-olive","status":"publish","type":"product","link":"https:\/\/ak47.nu\/fr\/produit\/tillbehor-2\/ovriga-tillbehor\/primal-gear-shemagh-echarpe-olive\/","title":{"rendered":"Primal Gear Shemagh \u00c9charpe Olive | Arafat"},"content":{"rendered":"<h1>Primal Gear Shemagh \u00c9charpe - Olive<\/h1>\n<h2>Couvre-chef Arabe Traditionnel pour de Multiples Occasions<\/h2>\n<p>Le Shemagh\/Keffieh, &eacute;galement connu sous le nom d'&eacute;charpe Arafat, est un couvre-chef arabe traditionnel aux innombrables utilisations et fa&ccedil;ons de le porter. Cette &eacute;charpe Arafat de couleur olive de Primal Gear est fabriqu&eacute;e au Pakistan &agrave; partir de coton 100 % de haute qualit&eacute;, ce qui la rend &agrave; la fois durable et confortable. D&eacute;couvrez toutes les utilisations de cet accessoire classique. Vous pouvez trouver de nombreux autres <a href=\"https:\/\/ak47.nu\/fr\/butik\/\">accessoires Primal Gear<\/a> dans notre gamme.<\/p>\n<h3>Mat&eacute;riau de Haute Qualit&eacute; et Dimensions<\/h3>\n<ul>\n <li><strong>Mat&eacute;riau:<\/strong> 100% coton<\/li>\n <li><strong>Dimensions:<\/strong> 110 x 110 cm<\/li>\n <li><strong>Poids:<\/strong> 150g<\/li>\n <li><strong>Couleur:<\/strong> Olive<\/li>\n <li><strong>Fabricant:<\/strong> Primal Gear<\/li>\n<\/ul>\n<p>Utilisez votre &eacute;charpe Arafat comme protection contre le soleil, le vent ou le sable, ou comme un accessoire &eacute;l&eacute;gant. La grande taille (110 x 110 cm) vous offre de nombreuses possibilit&eacute;s de personnaliser la fa&ccedil;on dont vous le portez en fonction de vos besoins. Vous cherchez plus d'options ? Consultez notre <a href=\"https:\/\/ak47.nu\/fr\/tillbehor-2\/ovriga-tillbehor\/\">cat&eacute;gorie d'&eacute;charpes<\/a> pour trouver ce qui vous convient le mieux. Vous pouvez trouver plus de produits de Primal Gear sur <a href=\"https:\/\/ak47.nu\/fr\/\">notre site web<\/a>.<\/p>","protected":false},"excerpt":{"rendered":"<p>K\u00f6p din Primal Gear olivf\u00e4rgade Shemagh Scarf online hos oss. Perfekt f\u00f6r utomhusaktiviteter och ger dig ett stilfullt och funktionellt tillbeh\u00f6r. H\u00f6g kvalitet till b\u00e4sta pris. Best\u00e4ll nu!<\/p>","protected":false},"featured_media":37158,"template":"","meta":[],"product_brand":[],"product_cat":[475,450],"product_tag":[],"class_list":{"0":"post-37166","1":"product","2":"type-product","3":"status-publish","4":"has-post-thumbnail","6":"product_cat-ovriga-tillbehor","7":"product_cat-tillbehor-2","8":"pa_brand-primal-gear","9":"pa_farg-oliv","11":"first","12":"instock","13":"sale","14":"taxable","15":"shipping-taxable","16":"purchasable","17":"product-type-simple"},"_links":{"self":[{"href":"https:\/\/ak47.nu\/fr\/wp-json\/wp\/v2\/product\/37166","targetHints":{"allow":["GET"]}}],"collection":[{"href":"https:\/\/ak47.nu\/fr\/wp-json\/wp\/v2\/product"}],"about":[{"href":"https:\/\/ak47.nu\/fr\/wp-json\/wp\/v2\/types\/product"}],"wp:featuredmedia":[{"embeddable":true,"href":"https:\/\/ak47.nu\/fr\/wp-json\/wp\/v2\/media\/37158"}],"wp:attachment":[{"href":"https:\/\/ak47.nu\/fr\/wp-json\/wp\/v2\/media?parent=37166"}],"wp:term":[{"taxonomy":"product_brand","embeddable":true,"href":"https:\/\/ak47.nu\/fr\/wp-json\/wp\/v2\/product_brand?post=37166"},{"taxonomy":"product_cat","embeddable":true,"href":"https:\/\/ak47.nu\/fr\/wp-json\/wp\/v2\/product_cat?post=37166"},{"taxonomy":"product_tag","embeddable":true,"href":"https:\/\/ak47.nu\/fr\/wp-json\/wp\/v2\/product_tag?post=37166"}],"curies":[{"name":"wp","href":"https:\/\/api.w.org\/{rel}","templated":true}]}}