{"id":37175,"date":"2022-09-05T11:13:27","date_gmt":"2022-09-05T09:13:27","guid":{"rendered":"https:\/\/ak47.nu\/produkt\/primal-gear-shemagh-scarf-tan\/"},"modified":"2025-08-21T10:42:09","modified_gmt":"2025-08-21T08:42:09","slug":"primal-gear-shemagh-tan","status":"publish","type":"product","link":"https:\/\/ak47.nu\/fr\/produit\/tillbehor-2\/ovriga-tillbehor\/primal-gear-shemagh-tan\/","title":{"rendered":"Primal Gear Shemagh - Tan | \u00c9charpe Arafat"},"content":{"rendered":"<h1>Primal Gear Shemagh - Tan<\/h1>\n<h2>Couvre-chef Arabe Traditionnel<\/h2>\n<p>Le Shemagh\/Keffieh, \u00e9galement connu sous le nom d'\u00e9charpe Arafat, est un couvre-chef arabe traditionnel avec d'innombrables utilisations et options de port. Ce Shemagh Primal Gear est fabriqu\u00e9 au Pakistan \u00e0 partir de coton 100% de haute qualit\u00e9, assurant \u00e0 la fois confort et durabilit\u00e9. Utilisez-le comme protection contre le soleil, le vent ou le sable, ou comme accessoire \u00e9l\u00e9gant. D\u00e9couvrez les nombreuses utilisations de cette \u00e9charpe polyvalente.<\/p>\n<h3>Sp\u00e9cifications du produit :<\/h3>\n<ul>\n <li><strong>Mat\u00e9riau :<\/strong> 100% coton<\/li>\n <li><strong>Dimensions :<\/strong> 110 x 110 cm<\/li>\n <li><strong>Poids :<\/strong> 150g<\/li>\n <li><strong>Couleur :<\/strong> Tan<\/li>\n <li><strong>Fabricant :<\/strong> Primal Gear<\/li>\n <li><strong>Fabriqu\u00e9 au :<\/strong> Pakistan<\/li>\n<\/ul>\n<p>Vous recherchez une \u00e9charpe polyvalente et \u00e9l\u00e9gante ? Ce <a href=\"https:\/\/ak47.nu\/fr\/butik\/\">Shemagh Primal Gear<\/a> est parfait pour une vari\u00e9t\u00e9 d'utilisations. Que vous ayez besoin de protection contre les \u00e9l\u00e9ments ou que vous souhaitiez compl\u00e9ter votre tenue, cette \u00e9charpe est un excellent choix. Explorez notre gamme d'<a href=\"https:\/\/ak47.nu\/fr\/tillbehor-2\/ovriga-tillbehor\/\">\u00e9charpes et d'accessoires<\/a> pour trouver plus d'options. Achetez votre \u00e9charpe Arafat Primal Gear d\u00e8s aujourd'hui et d\u00e9couvrez la diff\u00e9rence ! Visitez <a href=\"https:\/\/ak47.nu\/fr\/\">notre page d'accueil<\/a> pour voir notre gamme compl\u00e8te.<\/p>","protected":false},"excerpt":{"rendered":"<p>K\u00f6p Primal Gear Shemagh Scarf i f\u00e4rgen tan online. Perfekt f\u00f6r utomhusaktiviteter och ger en stilfull touch till din outfit. Best\u00e4ll idag f\u00f6r snabb leverans och h\u00f6g kvalitet.<\/p>","protected":false},"featured_media":37167,"template":"","meta":[],"product_brand":[],"product_cat":[475,450],"product_tag":[],"class_list":{"0":"post-37175","1":"product","2":"type-product","3":"status-publish","4":"has-post-thumbnail","6":"product_cat-ovriga-tillbehor","7":"product_cat-tillbehor-2","8":"pa_brand-primal-gear","9":"pa_farg-sand","11":"first","12":"instock","13":"sale","14":"taxable","15":"shipping-taxable","16":"purchasable","17":"product-type-simple"},"_links":{"self":[{"href":"https:\/\/ak47.nu\/fr\/wp-json\/wp\/v2\/product\/37175","targetHints":{"allow":["GET"]}}],"collection":[{"href":"https:\/\/ak47.nu\/fr\/wp-json\/wp\/v2\/product"}],"about":[{"href":"https:\/\/ak47.nu\/fr\/wp-json\/wp\/v2\/types\/product"}],"wp:featuredmedia":[{"embeddable":true,"href":"https:\/\/ak47.nu\/fr\/wp-json\/wp\/v2\/media\/37167"}],"wp:attachment":[{"href":"https:\/\/ak47.nu\/fr\/wp-json\/wp\/v2\/media?parent=37175"}],"wp:term":[{"taxonomy":"product_brand","embeddable":true,"href":"https:\/\/ak47.nu\/fr\/wp-json\/wp\/v2\/product_brand?post=37175"},{"taxonomy":"product_cat","embeddable":true,"href":"https:\/\/ak47.nu\/fr\/wp-json\/wp\/v2\/product_cat?post=37175"},{"taxonomy":"product_tag","embeddable":true,"href":"https:\/\/ak47.nu\/fr\/wp-json\/wp\/v2\/product_tag?post=37175"}],"curies":[{"name":"wp","href":"https:\/\/api.w.org\/{rel}","templated":true}]}}