{"id":37299,"date":"2022-09-05T15:19:29","date_gmt":"2022-09-05T13:19:29","guid":{"rendered":"https:\/\/ak47.nu\/produkt\/element-airsoft-hex-skruvmejsel-3-0\/"},"modified":"2025-12-03T20:33:11","modified_gmt":"2025-12-03T19:33:11","slug":"element-airsoft-tournevis-hex-3-0","status":"publish","type":"product","link":"https:\/\/ak47.nu\/fr\/produit\/tillbehor-2\/ovriga-tillbehor\/element-airsoft-tournevis-hex-3-0\/","title":{"rendered":"Element Airsoft - Tournevis HEX 3.0"},"content":{"rendered":"<h1>Element Airsoft - Tournevis HEX 3.0<\/h1>\n<h2>Outil de pr\u00e9cision pour une exactitude<\/h2>\n<p>Le tournevis HEX 3.0 d'Element Airsoft est un outil indispensable pour tous ceux qui ont besoin de pr\u00e9cision. Fabriqu\u00e9 \u00e0 partir de mat\u00e9riaux de haute qualit\u00e9 tels que l'aluminium et l'acier, il garantit une longue durabilit\u00e9 et une exactitude dans chaque mouvement. Sa conception rouge et argent\u00e9e le rend facile \u00e0 identifier dans votre bo\u00eete \u00e0 outils. Parfait pour les passionn\u00e9s d'airsoft et les amateurs.<\/p>\n<h3>Mat\u00e9riaux de haute qualit\u00e9<\/h3>\n<p>Fabriqu\u00e9 \u00e0 partir d'une combinaison d'aluminium et d'acier pour une durabilit\u00e9 et une pr\u00e9cision optimales.<\/p>\n<ul>\n <li><strong>Mat\u00e9riau :<\/strong> Aluminium\/Acier<\/li>\n <li><strong>Couleur :<\/strong> Rouge\/Argent<\/li>\n<\/ul>\n<p>Procurez-vous d\u00e8s aujourd'hui votre <a href=\"https:\/\/ak47.nu\/fr\/butik\/\">Tournevis HEX 3.0 d'Element Airsoft<\/a> et d\u00e9couvrez la diff\u00e9rence ! Consultez \u00e9galement notre gamme d'<a href=\"https:\/\/ak47.nu\/fr\/tillbehor-2\/ovriga-tillbehor\/\">outils d'airsoft<\/a> pour trouver tout ce dont vous avez besoin pour votre entretien. Visitez notre <a href=\"https:\/\/ak47.nu\/fr\/\">site web<\/a> pour plus de produits et d'offres.<\/p>","protected":false},"excerpt":{"rendered":"<p>K\u00f6p Element Airsoft HEX skruvmejsel 3.0 online &#8211; H\u00f6gkvalitativ verktyg f\u00f6r airsoftvapen. Utforska v\u00e5rt breda sortiment av skruvmejslar f\u00f6r airsoftvapen och k\u00f6p Element Airsoft HEX skruvmejsel 3.0 till b\u00e4sta pris. Perfekt f\u00f6r att justera och underh\u00e5lla ditt airsoftvapen. Best\u00e4ll nu och f\u00e5 snabb leverans.<\/p>","protected":false},"featured_media":37279,"template":"","meta":[],"product_brand":[],"product_cat":[475],"product_tag":[],"class_list":{"0":"post-37299","1":"product","2":"type-product","3":"status-publish","4":"has-post-thumbnail","6":"product_cat-ovriga-tillbehor","7":"pa_brand-element-airsoft","8":"pa_farg-rod","10":"first","11":"instock","12":"taxable","13":"shipping-taxable","14":"purchasable","15":"product-type-simple"},"_links":{"self":[{"href":"https:\/\/ak47.nu\/fr\/wp-json\/wp\/v2\/product\/37299","targetHints":{"allow":["GET"]}}],"collection":[{"href":"https:\/\/ak47.nu\/fr\/wp-json\/wp\/v2\/product"}],"about":[{"href":"https:\/\/ak47.nu\/fr\/wp-json\/wp\/v2\/types\/product"}],"wp:featuredmedia":[{"embeddable":true,"href":"https:\/\/ak47.nu\/fr\/wp-json\/wp\/v2\/media\/37279"}],"wp:attachment":[{"href":"https:\/\/ak47.nu\/fr\/wp-json\/wp\/v2\/media?parent=37299"}],"wp:term":[{"taxonomy":"product_brand","embeddable":true,"href":"https:\/\/ak47.nu\/fr\/wp-json\/wp\/v2\/product_brand?post=37299"},{"taxonomy":"product_cat","embeddable":true,"href":"https:\/\/ak47.nu\/fr\/wp-json\/wp\/v2\/product_cat?post=37299"},{"taxonomy":"product_tag","embeddable":true,"href":"https:\/\/ak47.nu\/fr\/wp-json\/wp\/v2\/product_tag?post=37299"}],"curies":[{"name":"wp","href":"https:\/\/api.w.org\/{rel}","templated":true}]}}