{"id":37309,"date":"2022-09-06T10:44:27","date_gmt":"2022-09-06T08:44:27","guid":{"rendered":"https:\/\/ak47.nu\/produkt\/range-solutions-20mm-shooting-target-pasters-1000-pcs-white\/"},"modified":"2025-08-21T10:41:41","modified_gmt":"2025-08-21T08:41:41","slug":"autocollants-cibles-tir-20mm-1000-pcs-range-solutions","status":"publish","type":"product","link":"https:\/\/ak47.nu\/fr\/produit\/tillbehor-2\/maltavlor\/autocollants-cibles-tir-20mm-1000-pcs-range-solutions\/","title":{"rendered":"Autocollants Cibles Tir 20mm 1000 Pcs | Range Solutions"},"content":{"rendered":"<h1>Range Solutions - Autocollants Cibles de Tir 20mm - 1000 Pcs - Blanc<\/h1>\n<h2>Cibles auto-adh\u00e9sives pour le tir d'entra\u00eenement<\/h2>\n<p>Ces autocollants de cible de tir blancs auto-adh\u00e9sifs de 20 mm de Range Solutions sont parfaits pour prolonger la dur\u00e9e de vie de vos cibles. Avec 1000 pi\u00e8ces par rouleau, ils sont id\u00e9aux pour les cibles en carton et en papier.<\/p>\n<h3>Prolonge la dur\u00e9e de vie de la cible<\/h3>\n<p>Le diam\u00e8tre de 20 mm permet aux cibles de durer plus longtemps, surtout lorsque les impacts sont regroup\u00e9s. C'est parfait si vous pratiquez le tir de pr\u00e9cision et que vous souhaitez minimiser le besoin de changer de cible souvent. Vous trouverez <a href=\"https:\/\/ak47.nu\/fr\/butik\/\">d'autres cibles de tir ici<\/a> dans diff\u00e9rentes tailles.<\/p>\n<h3>Sp\u00e9cifications du produit :<\/h3>\n<ul>\n <li><strong>Auto-adh\u00e9sif :<\/strong> Facile \u00e0 fixer \u00e0 la cible.<\/li>\n <li><strong>Couleur :<\/strong> Blanc pour une visibilit\u00e9 claire.<\/li>\n <li><strong>Quantit\u00e9 :<\/strong> 1000 autocollants par rouleau.<\/li>\n <li><strong>Diam\u00e8tre :<\/strong> 20 mm, taille id\u00e9ale pour l'entra\u00eenement de pr\u00e9cision.<\/li>\n<\/ul>\n<p>Pour voir notre autre assortiment de <a href=\"https:\/\/ak47.nu\/fr\/tillbehor-2\/maltavlor\/\">cibles de tir et d'accessoires<\/a>, visitez notre site Web. Ne manquez pas nos autres produits de <a href=\"https:\/\/ak47.nu\/fr\/\">Range Solutions<\/a> pour une exp\u00e9rience de tir compl\u00e8te.<\/p>","protected":false},"excerpt":{"rendered":"<p>K\u00f6p Range Solutions 20mm Shooting Target stickers &#8211; 1000 st &#8211; vita. Perfekta f\u00f6r att f\u00f6rb\u00e4ttra din tr\u00e4ffs\u00e4kerhet. Handla nu!<\/p>","protected":false},"featured_media":37305,"template":"","meta":[],"product_brand":[],"product_cat":[474,450],"product_tag":[],"class_list":{"0":"post-37309","1":"product","2":"type-product","3":"status-publish","4":"has-post-thumbnail","6":"product_cat-maltavlor","7":"product_cat-tillbehor-2","8":"pa_brand-range-solutions","10":"first","11":"outofstock","12":"sale","13":"taxable","14":"shipping-taxable","15":"purchasable","16":"product-type-simple"},"_links":{"self":[{"href":"https:\/\/ak47.nu\/fr\/wp-json\/wp\/v2\/product\/37309","targetHints":{"allow":["GET"]}}],"collection":[{"href":"https:\/\/ak47.nu\/fr\/wp-json\/wp\/v2\/product"}],"about":[{"href":"https:\/\/ak47.nu\/fr\/wp-json\/wp\/v2\/types\/product"}],"wp:featuredmedia":[{"embeddable":true,"href":"https:\/\/ak47.nu\/fr\/wp-json\/wp\/v2\/media\/37305"}],"wp:attachment":[{"href":"https:\/\/ak47.nu\/fr\/wp-json\/wp\/v2\/media?parent=37309"}],"wp:term":[{"taxonomy":"product_brand","embeddable":true,"href":"https:\/\/ak47.nu\/fr\/wp-json\/wp\/v2\/product_brand?post=37309"},{"taxonomy":"product_cat","embeddable":true,"href":"https:\/\/ak47.nu\/fr\/wp-json\/wp\/v2\/product_cat?post=37309"},{"taxonomy":"product_tag","embeddable":true,"href":"https:\/\/ak47.nu\/fr\/wp-json\/wp\/v2\/product_tag?post=37309"}],"curies":[{"name":"wp","href":"https:\/\/api.w.org\/{rel}","templated":true}]}}