{"id":37324,"date":"2022-09-06T11:52:28","date_gmt":"2022-09-06T09:52:28","guid":{"rendered":"https:\/\/ak47.nu\/produkt\/protech-guns-clean-gun-servett-for-vapenrengoring-1st\/"},"modified":"2025-08-21T10:41:35","modified_gmt":"2025-08-21T08:41:35","slug":"protech-guns-lingette-clean-gun-nettoyage-arme","status":"publish","type":"product","link":"https:\/\/ak47.nu\/fr\/produit\/tillbehor-2\/rengoring\/protech-guns-lingette-clean-gun-nettoyage-arme\/","title":{"rendered":"ProTech Guns Lingette Clean Gun Nettoyage Arme"},"content":{"rendered":"<h1>ProTech Guns - Lingette Clean Gun pour Nettoyage d'Arme<\/h1>\n<h2>Nettoyage Pratique des Armes \u00e0 Feu<\/h2>\n<p>Les lingettes ProTech Guns Clean Gun pour le nettoyage des armes \u00e0 feu offrent une solution pratique pour ceux qui souhaitent nettoyer et entretenir rapidement et facilement leur arme \u00e0 feu apr\u00e8s une courte session de tir. Les lingettes sont imbib\u00e9es d'un m\u00e9lange sp\u00e9cialement s\u00e9lectionn\u00e9 d'agents antirouille et d'huiles. Cela permet d'\u00e9liminer efficacement la salet\u00e9 et les r\u00e9sidus de toutes les parties de l'arme, m\u00eame l\u00e0 o\u00f9 ils sont coinc\u00e9s depuis longtemps.<\/p>\n<h3>Avantages des agents huilants<\/h3>\n<p>Gr\u00e2ce \u00e0 l'agent huilant contenu dans les lingettes Clean Gun, la suie provenant de la combustion de la poudre \u00e0 canon est moins susceptible de coller \u00e0 la surface de la culasse. Cela aide \u00e0 garder votre arme \u00e0 feu propre plus longtemps et simplifie le nettoyage futur.<\/p>\n<ul>\n<li><strong>Nettoyage pratique des armes\u00a0:<\/strong> Nettoyage rapide et facile apr\u00e8s le tir.<\/li>\n<li><strong>Protection contre la rouille\u00a0:<\/strong> Prot\u00e8ge l'arme contre la rouille.<\/li>\n<li><strong>Effet huilant\u00a0:<\/strong> Lubrifie les m\u00e9canismes de l'arme et r\u00e9duit la friction.<\/li>\n<li><strong>Emp\u00eache l'adh\u00e9rence de la suie\u00a0:<\/strong> Facilite le nettoyage et l'entretien.<\/li>\n<\/ul>\n<p><strong>Le produit ne contient pas de glycol<\/strong><\/p>\n<p><strong>Contient\u00a0:<\/strong> 1\u00a0lingette<br><strong>Poids\u00a0:<\/strong> 5\u00a0g<br><strong>Fabricant\u00a0:<\/strong> ProTech\u00a0Guns<\/p>\n<p>D\u00e9couvrez plus d'informations sur nos <a href=\"https:\/\/ak47.nu\/fr\/butik\/\">produits d'entretien des armes \u00e0 feu<\/a> pour maintenir vos armes \u00e0 feu en parfait \u00e9tat. Visitez notre <a href=\"https:\/\/ak47.nu\/fr\/tillbehor-2\/rengoring\/\">cat\u00e9gorie d'accessoires pour armes \u00e0 feu<\/a> pour une large gamme de produits. Pour voir toute notre s\u00e9lection, visitez <a href=\"https:\/\/ak47.nu\/fr\/\">notre site web<\/a>.<\/p>","protected":false},"excerpt":{"rendered":"<p>ProTech Guns &#8211; Clean Gun servett for vapenreng\u00f6ring 1st &#8211; H\u00f6gkvalitativ vapenreng\u00f6ringsservett f\u00f6r effektiv vapenv\u00e5rd. K\u00f6p nu och h\u00e5ll dina vapen i toppskick med ProTech Guns.<\/p>","protected":false},"featured_media":37320,"template":"","meta":[],"product_brand":[],"product_cat":[574,450],"product_tag":[],"class_list":{"0":"post-37324","1":"product","2":"type-product","3":"status-publish","4":"has-post-thumbnail","6":"product_cat-rengoring","7":"product_cat-tillbehor-2","8":"pa_brand-protech-guns","10":"first","11":"outofstock","12":"sale","13":"taxable","14":"shipping-taxable","15":"purchasable","16":"product-type-simple"},"_links":{"self":[{"href":"https:\/\/ak47.nu\/fr\/wp-json\/wp\/v2\/product\/37324","targetHints":{"allow":["GET"]}}],"collection":[{"href":"https:\/\/ak47.nu\/fr\/wp-json\/wp\/v2\/product"}],"about":[{"href":"https:\/\/ak47.nu\/fr\/wp-json\/wp\/v2\/types\/product"}],"wp:featuredmedia":[{"embeddable":true,"href":"https:\/\/ak47.nu\/fr\/wp-json\/wp\/v2\/media\/37320"}],"wp:attachment":[{"href":"https:\/\/ak47.nu\/fr\/wp-json\/wp\/v2\/media?parent=37324"}],"wp:term":[{"taxonomy":"product_brand","embeddable":true,"href":"https:\/\/ak47.nu\/fr\/wp-json\/wp\/v2\/product_brand?post=37324"},{"taxonomy":"product_cat","embeddable":true,"href":"https:\/\/ak47.nu\/fr\/wp-json\/wp\/v2\/product_cat?post=37324"},{"taxonomy":"product_tag","embeddable":true,"href":"https:\/\/ak47.nu\/fr\/wp-json\/wp\/v2\/product_tag?post=37324"}],"curies":[{"name":"wp","href":"https:\/\/api.w.org\/{rel}","templated":true}]}}