{"id":37334,"date":"2022-09-06T14:55:27","date_gmt":"2022-09-06T12:55:27","guid":{"rendered":"https:\/\/ak47.nu\/produkt\/element-airsoft-kamouflagetejp-cgc\/"},"modified":"2025-08-21T10:41:31","modified_gmt":"2025-08-21T08:41:31","slug":"ruban-de-camouflage-airsoft-element-cgc","status":"publish","type":"product","link":"https:\/\/ak47.nu\/fr\/produit\/tillbehor-2\/ovriga-tillbehor\/ruban-de-camouflage-airsoft-element-cgc\/","title":{"rendered":"Ruban de Camouflage Airsoft Element CGC"},"content":{"rendered":"<h1>Ruban de Camouflage Airsoft Element CGC<\/h1>\n<h2>Camouflage efficace pour vos r\u00e9pliques d'airsoft<\/h2>\n<p>Le <b>Ruban de Camouflage - CGC<\/b> d'Element Airsoft est un ruban en coton qui permet un camouflage rapide et facile de vos r\u00e9pliques d'airsoft et autres \u00e9quipements. Vous voulez \u00e9viter de peindre vos r\u00e9pliques ? Alors ce ruban est une alternative parfaite pour les cacher de la vue de l'adversaire. Ce <a href=\"https:\/\/ak47.nu\/fr\/tillbehor-2\/ovriga-tillbehor\/\">ruban de camouflage<\/a> est flexible et facile \u00e0 appliquer, et adh\u00e8re bien \u00e0 tous les types de formes et de surfaces. Parfait pour ceux qui veulent adapter leur \u00e9quipement \u00e0 l'environnement !<\/p>\n<h3>Propri\u00e9t\u00e9s :<\/h3>\n<ul>\n <li><b>Mat\u00e9riau :<\/b> Coton<\/li>\n <li><b>Flexible :<\/b> S'adapte \u00e0 diff\u00e9rentes formes<\/li>\n <li><b>R\u00e9utilisable :<\/b> Peut \u00eatre retir\u00e9 et r\u00e9appliqu\u00e9<\/li>\n <li><b>Protecteur :<\/b> Prot\u00e8ge votre \u00e9quipement des rayures<\/li>\n <li><b>Alternative \u00e0 :<\/b> Peinture des r\u00e9pliques<\/li>\n<\/ul>\n\n<h3>Sp\u00e9cifications :<\/h3>\n<ul>\n <li><b>Poids :<\/b> 25g<\/li>\n <li><b>Largeur :<\/b> 50mm<\/li>\n <li><b>Longueur :<\/b> 2m<\/li>\n <li><b>Couleur :<\/b> CGC<\/li>\n <li><b>Fabricant :<\/b> Element<\/li>\n<\/ul>\n<p>Avec le Ruban de Camouflage Airsoft Element CGC, vous pouvez rapidement et facilement personnaliser votre \u00e9quipement pour un camouflage optimal. Visitez notre <a href=\"https:\/\/ak47.nu\/fr\/\">site web<\/a> pour voir notre gamme compl\u00e8te d'accessoires d'airsoft. Ne manquez pas non plus nos autres <a href=\"https:\/\/ak47.nu\/fr\/butik\/\">produits de camouflage<\/a> ! D\u00e9couvrez notre s\u00e9lection d'<a href=\"https:\/\/ak47.nu\/fr\/butik\/\">accessoires d'airsoft authentiques<\/a>.<\/p>","protected":false},"excerpt":{"rendered":"<p>K\u00f6p Element Airsoft kamouflagetejp hos CGC &#8211; den perfekta l\u00f6sningen f\u00f6r att smidigt d\u00f6lja dig i terr\u00e4ngen. Med h\u00f6gkvalitativt material och effektivt kamouflagem\u00f6nster \u00e4r denna tejp ett m\u00e5ste f\u00f6r alla airsoft-entusiaster. Best\u00e4ll idag hos CGC f\u00f6r snabb leverans och b\u00e4sta priser.<\/p>","protected":false},"featured_media":37330,"template":"","meta":[],"product_brand":[],"product_cat":[475,450],"product_tag":[],"class_list":{"0":"post-37334","1":"product","2":"type-product","3":"status-publish","4":"has-post-thumbnail","6":"product_cat-ovriga-tillbehor","7":"product_cat-tillbehor-2","8":"pa_brand-element-airsoft","9":"pa_farg-gron","11":"first","12":"instock","13":"sale","14":"taxable","15":"shipping-taxable","16":"purchasable","17":"product-type-simple"},"_links":{"self":[{"href":"https:\/\/ak47.nu\/fr\/wp-json\/wp\/v2\/product\/37334","targetHints":{"allow":["GET"]}}],"collection":[{"href":"https:\/\/ak47.nu\/fr\/wp-json\/wp\/v2\/product"}],"about":[{"href":"https:\/\/ak47.nu\/fr\/wp-json\/wp\/v2\/types\/product"}],"wp:featuredmedia":[{"embeddable":true,"href":"https:\/\/ak47.nu\/fr\/wp-json\/wp\/v2\/media\/37330"}],"wp:attachment":[{"href":"https:\/\/ak47.nu\/fr\/wp-json\/wp\/v2\/media?parent=37334"}],"wp:term":[{"taxonomy":"product_brand","embeddable":true,"href":"https:\/\/ak47.nu\/fr\/wp-json\/wp\/v2\/product_brand?post=37334"},{"taxonomy":"product_cat","embeddable":true,"href":"https:\/\/ak47.nu\/fr\/wp-json\/wp\/v2\/product_cat?post=37334"},{"taxonomy":"product_tag","embeddable":true,"href":"https:\/\/ak47.nu\/fr\/wp-json\/wp\/v2\/product_tag?post=37334"}],"curies":[{"name":"wp","href":"https:\/\/api.w.org\/{rel}","templated":true}]}}