{"id":37339,"date":"2022-09-06T14:56:28","date_gmt":"2022-09-06T12:56:28","guid":{"rendered":"https:\/\/ak47.nu\/produkt\/element-airsoft-kamouflagetejp-acu\/"},"modified":"2025-12-03T20:33:14","modified_gmt":"2025-12-03T19:33:14","slug":"element-airsoft-bande-camouflage-acu","status":"publish","type":"product","link":"https:\/\/ak47.nu\/fr\/produit\/tillbehor-2\/ovriga-tillbehor\/element-airsoft-bande-camouflage-acu\/","title":{"rendered":"Element Airsoft Bande Camouflage ACU"},"content":{"rendered":"<h1>Element Airsoft Bande de Camouflage - ACU<\/h1>\n<h2>Camouflage efficace pour r\u00e9pliques et \u00e9quipements d'airsoft<\/h2>\n<p>La bande de camouflage Element Airsoft en couleur ACU offre une solution simple et efficace pour camoufler vos r\u00e9pliques d'airsoft et autres \u00e9quipements. Fabriqu\u00e9e en coton, cette bande est flexible et facile \u00e0 appliquer sur diverses formes et surfaces, ce qui la rend id\u00e9ale pour dissimuler votre \u00e9quipement sur le terrain. \u00c9vitez de peindre vos r\u00e9pliques : cette bande de camouflage est une excellente alternative pour adapter rapidement et facilement votre \u00e9quipement \u00e0 l'environnement. Avec un poids de seulement 25 g, elle n'aura pas non plus d'impact significatif sur le poids de votre \u00e9quipement.<\/p>\n\n<h3>Avantages du produit :<\/h3>\n<ul>\n <li><b>Flexible et facile \u00e0 appliquer :<\/b> S'adapte \u00e0 toutes les formes et surfaces.<\/li>\n <li><b>R\u00e9utilisable :<\/b> Peut \u00eatre retir\u00e9e et r\u00e9utilis\u00e9e sans endommager la surface sous-jacente.<\/li>\n <li><b>Parfait pour l'airsoft :<\/b> Id\u00e9al pour camoufler les r\u00e9pliques et autres \u00e9quipements.<\/li>\n<\/ul>\n\n<h3>Sp\u00e9cifications :<\/h3>\n<ul>\n <li>Poids : 25g<\/li>\n <li>Largeur : 50mm<\/li>\n <li>Longueur : 2m<\/li>\n <li>Couleur : ACU<\/li>\n <li>Mat\u00e9riau : Coton<\/li>\n <li>Fabricant : Element Airsoft<\/li>\n<\/ul>\n\n<p>Donnez \u00e0 votre \u00e9quipement d'airsoft le camouflage ultime avec la bande de camouflage Element Airsoft. <a href=\"https:\/\/ak47.nu\/fr\/butik\/\">D\u00e9couvrez notre gamme d'accessoires d'airsoft<\/a> pour compl\u00e9ter votre \u00e9quipement. Visitez notre <a href=\"https:\/\/ak47.nu\/fr\/tillbehor-2\/ovriga-tillbehor\/\">cat\u00e9gorie camouflage<\/a> pour plus d'options. Pour plus d'informations sur Element Airsoft, visitez <a href=\"https:\/\/ak47.nu\/fr\/\">notre site web<\/a>.<\/p>","protected":false},"excerpt":{"rendered":"<p>K\u00f6p Element Airsoft Kamouflagetejp i ACU-m\u00f6nster online. Perfekt f\u00f6r att d\u00f6lja och anpassa dina airsoft-utrustningar. Best\u00e4ll nu och f\u00e5 snabb leverans p\u00e5 Element Airsoft Kamouflagetejp &#8211; ACU.<\/p>","protected":false},"featured_media":37335,"template":"","meta":[],"product_brand":[],"product_cat":[475],"product_tag":[],"class_list":{"0":"post-37339","1":"product","2":"type-product","3":"status-publish","4":"has-post-thumbnail","6":"product_cat-ovriga-tillbehor","7":"pa_brand-element-airsoft","8":"pa_farg-gron","10":"first","11":"instock","12":"sale","13":"taxable","14":"shipping-taxable","15":"purchasable","16":"product-type-simple"},"_links":{"self":[{"href":"https:\/\/ak47.nu\/fr\/wp-json\/wp\/v2\/product\/37339","targetHints":{"allow":["GET"]}}],"collection":[{"href":"https:\/\/ak47.nu\/fr\/wp-json\/wp\/v2\/product"}],"about":[{"href":"https:\/\/ak47.nu\/fr\/wp-json\/wp\/v2\/types\/product"}],"wp:featuredmedia":[{"embeddable":true,"href":"https:\/\/ak47.nu\/fr\/wp-json\/wp\/v2\/media\/37335"}],"wp:attachment":[{"href":"https:\/\/ak47.nu\/fr\/wp-json\/wp\/v2\/media?parent=37339"}],"wp:term":[{"taxonomy":"product_brand","embeddable":true,"href":"https:\/\/ak47.nu\/fr\/wp-json\/wp\/v2\/product_brand?post=37339"},{"taxonomy":"product_cat","embeddable":true,"href":"https:\/\/ak47.nu\/fr\/wp-json\/wp\/v2\/product_cat?post=37339"},{"taxonomy":"product_tag","embeddable":true,"href":"https:\/\/ak47.nu\/fr\/wp-json\/wp\/v2\/product_tag?post=37339"}],"curies":[{"name":"wp","href":"https:\/\/api.w.org\/{rel}","templated":true}]}}