{"id":49350,"date":"2022-11-01T11:50:33","date_gmt":"2022-11-01T10:50:33","guid":{"rendered":"https:\/\/ak47.nu\/produkt\/replika-winchester-karbingevar-usa-1892-82-cm-gra-2\/"},"modified":"2025-12-03T21:32:36","modified_gmt":"2025-12-03T20:32:36","slug":"replique-carabine-winchester-1892-82cm-gris","status":"publish","type":"product","link":"https:\/\/ak47.nu\/fr\/produit\/repliques\/gevar-replikor\/replique-carabine-winchester-1892-82cm-gris\/","title":{"rendered":"R\u00e9plique Carabine Winchester 1892 - 82cm Gris"},"content":{"rendered":"<h1>R\u00e9plique Carabine Winchester USA 1892 - 82 cm - Gris<\/h1>\n<h2>R\u00e9plique Authentique de la Carabine Winchester<\/h2>\n<p>Cette r\u00e9plique spectaculaire de 82 cm de la carabine Winchester 1892 de Kolser, fid\u00e8lement recr\u00e9\u00e9e en m\u00e9tal et en r\u00e9sine de haute qualit\u00e9, vous donne une sensation authentique de l'histoire. Les mat\u00e9riaux sont sp\u00e9cialement trait\u00e9s pour imiter l'apparence et la texture du bois v\u00e9ritable, ce qui contribue au r\u00e9alisme et \u00e0 la conservation de la r\u00e9plique. Veuillez noter que des balles de r\u00e9plique et quelques cartouches \u00e0 blanc sont incluses. Les cartouches \u00e0 blanc pour jouets (12 anneaux) s'adaptent \u00e0 ces balles.<\/p>\n\n<p><b>REMARQUE :<\/b> Ce fusil ne peut pas tirer de vraies balles et est destin\u00e9 uniquement \u00e0 la d\u00e9coration, \u00e0 la reconstitution historique ou \u00e0 des fins similaires. Il n'est pas recommand\u00e9 d'utiliser des balles sans cartouches \u00e0 blanc, car cela pourrait endommager le fusil et\/ou la balle. Il est \u00e9galement recommand\u00e9 d'huiler r\u00e9guli\u00e8rement les pi\u00e8ces du m\u00e9canisme. Si vous \u00eates int\u00e9ress\u00e9 par d'autres r\u00e9pliques, consultez notre gamme d'<a href=\"https:\/\/ak47.nu\/fr\/butik\/\">autres armes r\u00e9pliques<\/a>.<\/p>\n\n<h3>Action de Levier Fonctionnelle et Syst\u00e8me d'\u00c9jection de Balles<\/h3>\n<p>La r\u00e9plique est fabriqu\u00e9e par Kolser et a un poids et des dimensions similaires \u00e0 ceux du fusil Winchester original. Il a une action de levier fonctionnelle qui donne une sensation r\u00e9aliste. Le mod\u00e8le dispose \u00e9galement d'un syst\u00e8me d'\u00e9jection et de rechargement des balles, ce qui signifie que les balles peuvent \u00eatre introduites et charg\u00e9es avec le levier. Il n'est pas possible de tirer des balles ; nous recommandons d'utiliser des cartouches \u00e0 blanc \u00e0 12 anneaux pour cette r\u00e9plique (les 8 anneaux sont trop petits). Si vous souhaitez voir plus de produits dans la m\u00eame cat\u00e9gorie, vous pouvez visiter notre <a href=\"https:\/\/ak47.nu\/fr\/repliques\/gevar-replikor\/\">cat\u00e9gorie d'armes r\u00e9pliques<\/a>.<\/p>\n\n<h3>Objet de Collection Unique<\/h3>\n<ul>\n  <li><b>R\u00e9plique Authentique :<\/b> Soigneusement recr\u00e9\u00e9e pour ressembler \u00e0 l'original de 1892.<\/li>\n  <li><b>Sensation R\u00e9aliste :<\/b> Action de levier fonctionnelle et syst\u00e8me d'\u00e9jection de balles.<\/li>\n  <li><b>Mat\u00e9riaux de Haute Qualit\u00e9 :<\/b> Fabriqu\u00e9 en m\u00e9tal et en r\u00e9sine avec imitation bois.<\/li>\n  <li><b>Objet de Collection :<\/b> Disponible en noir, laiton et gris.<\/li>\n<\/ul>\n\n<p>Cette r\u00e9plique de fusil mod\u00e8le 21 carabine USA 1892 est disponible en noir, laiton et gris et est un objet de collection unique. Visitez <a href=\"https:\/\/ak47.nu\/fr\/\">notre site web<\/a> pour voir toute notre gamme.<\/p>","protected":false},"excerpt":{"rendered":"<p>K\u00f6p en replika av det klassiska Winchester karbingev\u00e4ret fr\u00e5n USA 1892, med en l\u00e4ngd p\u00e5 82 cm och en snygg gr\u00e5 f\u00e4rg. Perfekt f\u00f6r samlare och entusiaster. Best\u00e4ll idag och f\u00e5 din replika levererad snabbt och smidigt.<\/p>","protected":false},"featured_media":49334,"template":"","meta":[],"product_brand":[],"product_cat":[446],"product_tag":[],"class_list":{"0":"post-49350","1":"product","2":"type-product","3":"status-publish","4":"has-post-thumbnail","6":"product_cat-gevar-replikor","7":"pa_brand-kolser","8":"pa_farg-metall-utseende","10":"first","11":"instock","12":"sale","13":"taxable","14":"shipping-taxable","15":"purchasable","16":"product-type-simple"},"_links":{"self":[{"href":"https:\/\/ak47.nu\/fr\/wp-json\/wp\/v2\/product\/49350","targetHints":{"allow":["GET"]}}],"collection":[{"href":"https:\/\/ak47.nu\/fr\/wp-json\/wp\/v2\/product"}],"about":[{"href":"https:\/\/ak47.nu\/fr\/wp-json\/wp\/v2\/types\/product"}],"wp:featuredmedia":[{"embeddable":true,"href":"https:\/\/ak47.nu\/fr\/wp-json\/wp\/v2\/media\/49334"}],"wp:attachment":[{"href":"https:\/\/ak47.nu\/fr\/wp-json\/wp\/v2\/media?parent=49350"}],"wp:term":[{"taxonomy":"product_brand","embeddable":true,"href":"https:\/\/ak47.nu\/fr\/wp-json\/wp\/v2\/product_brand?post=49350"},{"taxonomy":"product_cat","embeddable":true,"href":"https:\/\/ak47.nu\/fr\/wp-json\/wp\/v2\/product_cat?post=49350"},{"taxonomy":"product_tag","embeddable":true,"href":"https:\/\/ak47.nu\/fr\/wp-json\/wp\/v2\/product_tag?post=49350"}],"curies":[{"name":"wp","href":"https:\/\/api.w.org\/{rel}","templated":true}]}}