{"id":49384,"date":"2022-11-01T13:19:42","date_gmt":"2022-11-01T12:19:42","guid":{"rendered":"https:\/\/ak47.nu\/produkt\/replika-winchester-karbingevar-usa-1892-82-cm-massing-2\/"},"modified":"2025-12-03T21:32:44","modified_gmt":"2025-12-03T20:32:44","slug":"replique-carabine-winchester-1892-82cm-laiton","status":"publish","type":"product","link":"https:\/\/ak47.nu\/fr\/produit\/repliques\/gevar-replikor\/replique-carabine-winchester-1892-82cm-laiton\/","title":{"rendered":"R\u00e9plique Carabine Winchester 1892 - 82cm Laiton"},"content":{"rendered":"<h1>R\u00e9plique Carabine Winchester 1892 USA - 82 CM - Laiton<\/h1>\n<h2>R\u00e9plique Authentique de la Carabine Winchester 1892<\/h2>\n<p>Cette r\u00e9plique spectaculaire de 82 cm de la carabine Winchester 1892, fabriqu\u00e9e par Kolser, offre une apparence et une sensation authentiques. Elle est faite de m\u00e9tal et de r\u00e9sine de haute qualit\u00e9 qui a \u00e9t\u00e9 trait\u00e9e pour imiter le bois v\u00e9ritable, offrant \u00e0 la fois r\u00e9alisme et durabilit\u00e9. Ce mod\u00e8le est id\u00e9al pour la d\u00e9coration, les reconstitutions historiques et les collectionneurs. Veuillez noter que des balles de r\u00e9plique et quelques cartouches \u00e0 blanc sont incluses. Les cartouches \u00e0 blanc pour jouets (12 anneaux) conviennent \u00e0 ces balles.<\/p>\n<p><strong>NOTE:<\/strong> Ce fusil ne peut pas tirer de vraies balles et est destin\u00e9 uniquement \u00e0 la d\u00e9coration, aux reconstitutions historiques ou \u00e0 des fins similaires. Il est d\u00e9conseill\u00e9 d'utiliser des balles sans cartouches \u00e0 blanc car cela pourrait endommager le fusil et\/ou la balle. Il est \u00e9galement recommand\u00e9 d'huiler de temps en temps les pi\u00e8ces du m\u00e9canisme.<\/p>\n<h3>Action de Levier Fonctionnelle et Syst\u00e8me d'\u00c9jection de Balles<\/h3>\n<p>La r\u00e9plique a un poids et des dimensions similaires \u00e0 l'original et comporte une action de levier fonctionnelle. Le mod\u00e8le dispose \u00e9galement d'un syst\u00e8me d'\u00e9jection et de rechargement des balles, ce qui signifie que les balles peuvent \u00eatre introduites et charg\u00e9es avec le levier. Il ne peut pas tirer de balles ; nous recommandons d'utiliser des cartouches \u00e0 blanc \u00e0 12 anneaux pour cette r\u00e9plique (pas \u00e0 8 anneaux car elles sont trop petites). Ce fusil est parfait pour ceux qui veulent <a href=\"https:\/\/ak47.nu\/fr\/\">compl\u00e9ter leur collection<\/a> ou l'utiliser comme <a href=\"https:\/\/ak47.nu\/fr\/repliques\/gevar-replikor\/\">d\u00e9coration \u00e9l\u00e9gante<\/a>.<\/p>\n<ul>\n<li><strong>Mat\u00e9riau :<\/strong> M\u00e9tal et r\u00e9sine de haute qualit\u00e9<\/li>\n<li><strong>Longueur :<\/strong> 82 cm<\/li>\n<li><strong>Fonction :<\/strong> Action de levier fonctionnelle et syst\u00e8me d'\u00e9jection de balles<\/li>\n<li><strong>Utilisation :<\/strong> D\u00e9coration, reconstitution historique<\/li>\n<li><strong>Couleur :<\/strong> Laiton<\/li>\n<\/ul>\n<p>Cette r\u00e9plique de fusil Model 21 carabine USA 1892 est disponible en noir, laiton et gris et est un objet de collection unique. Ne manquez pas la chance de poss\u00e9der un morceau d'histoire ! <a href=\"https:\/\/ak47.nu\/fr\/butik\/\">D\u00e9couvrez notre gamme d'armes de r\u00e9plique<\/a> d\u00e8s aujourd'hui.<\/p>","protected":false},"excerpt":{"rendered":"<p>K\u00f6p en replika av det ber\u00f6mda Winchester karbingev\u00e4ret USA 1892 i m\u00e4ssing, med en l\u00e4ngd p\u00e5 82 cm. Perfekt f\u00f6r samlare och historieentusiaster. Best\u00e4ll nu och f\u00e5 en autentisk upplevelse av det legendariska vapnet.<\/p>","protected":false},"featured_media":49368,"template":"","meta":[],"product_brand":[],"product_cat":[446],"product_tag":[],"class_list":{"0":"post-49384","1":"product","2":"type-product","3":"status-publish","4":"has-post-thumbnail","6":"product_cat-gevar-replikor","7":"pa_brand-kolser","8":"pa_farg-brons","10":"first","11":"outofstock","12":"taxable","13":"shipping-taxable","14":"purchasable","15":"product-type-simple"},"_links":{"self":[{"href":"https:\/\/ak47.nu\/fr\/wp-json\/wp\/v2\/product\/49384","targetHints":{"allow":["GET"]}}],"collection":[{"href":"https:\/\/ak47.nu\/fr\/wp-json\/wp\/v2\/product"}],"about":[{"href":"https:\/\/ak47.nu\/fr\/wp-json\/wp\/v2\/types\/product"}],"wp:featuredmedia":[{"embeddable":true,"href":"https:\/\/ak47.nu\/fr\/wp-json\/wp\/v2\/media\/49368"}],"wp:attachment":[{"href":"https:\/\/ak47.nu\/fr\/wp-json\/wp\/v2\/media?parent=49384"}],"wp:term":[{"taxonomy":"product_brand","embeddable":true,"href":"https:\/\/ak47.nu\/fr\/wp-json\/wp\/v2\/product_brand?post=49384"},{"taxonomy":"product_cat","embeddable":true,"href":"https:\/\/ak47.nu\/fr\/wp-json\/wp\/v2\/product_cat?post=49384"},{"taxonomy":"product_tag","embeddable":true,"href":"https:\/\/ak47.nu\/fr\/wp-json\/wp\/v2\/product_tag?post=49384"}],"curies":[{"name":"wp","href":"https:\/\/api.w.org\/{rel}","templated":true}]}}