{"id":49421,"date":"2022-11-01T13:48:34","date_gmt":"2022-11-01T12:48:34","guid":{"rendered":"https:\/\/ak47.nu\/produkt\/replica-of-percussion-pirate-pistol-italy-18th-c\/"},"modified":"2025-12-03T21:32:47","modified_gmt":"2025-12-03T20:32:47","slug":"replique-pistolet-de-pirate-a-percussion-italie-18eme","status":"publish","type":"product","link":"https:\/\/ak47.nu\/fr\/produit\/repliques\/armes-anciennes\/replique-pistolet-de-pirate-a-percussion-italie-18eme\/","title":{"rendered":"R\u00e9plique Pistolet de Pirate \u00e0 Percussion, Italie 18\u00e8me | DENIX"},"content":{"rendered":"<h1>R\u00e9plique de Pistolet de Pirate \u00e0 Percussion, Italie 18\u00e8me Si\u00e8cle<\/h1>\n<h2>R\u00e9plique Authentique d'un Pistolet de Pirate Historique<\/h2>\n<p>Revivez l'excitation de l'histoire avec cette r\u00e9plique d\u00e9taill\u00e9e d'un pistolet de pirate du 18\u00e8me si\u00e8cle. Fabriqu\u00e9e avec pr\u00e9cision, cette r\u00e9plique capture la sensation et l'apparence d'une \u00e9poque o\u00f9 les pirates r\u00e9gnaient sur les mers. Parfait pour les collectionneurs, les passionn\u00e9s d'histoire ou comme pi\u00e8ce d\u00e9corative unique.<\/p>\n<h3>D\u00e9tails et Sp\u00e9cifications<\/h3>\n<ul>\n <li><strong>R\u00e9f\u00e9rence :<\/strong> 1104\/G<\/li>\n <li><strong>Dimensions :<\/strong> 37 cm<\/li>\n <li><strong>Poids :<\/strong> 629 g<\/li>\n<\/ul>\n<p>Cette r\u00e9plique d'un pistolet de pirate \u00e0 percussion du 18\u00e8me si\u00e8cle est une repr\u00e9sentation \u00e9tonnante de l'armurerie italienne de cette \u00e9poque. Mesurant 37 cm de long et pesant 629 g, il est substantiel et authentique en main. La conception d\u00e9taill\u00e9e en fait un excellent objet de collection et un \u00e9l\u00e9ment de d\u00e9coration fascinant.<\/p>\n<p>Explorez notre large gamme de <a href=\"https:\/\/ak47.nu\/fr\/butik\/\">r\u00e9pliques d'armes historiques<\/a> et d\u00e9couvrez des tr\u00e9sors similaires. Pour plus d'informations sur notre s\u00e9lection, visitez notre <a href=\"https:\/\/ak47.nu\/fr\/repliques\/armes-anciennes\/\">cat\u00e9gorie d'armes<\/a>. Ne manquez pas l'opportunit\u00e9 d'ajouter cette r\u00e9plique unique \u00e0 votre collection. Visitez <a href=\"https:\/\/ak47.nu\/fr\/\">notre site web<\/a> d\u00e8s aujourd'hui!<\/p>","protected":false},"excerpt":{"rendered":"<p>R\u00e9plique de Pistolet de Pirate \u00e0 Percussion, Italie 18\u00e8me Si\u00e8cle R\u00e9plique Authentique d&#8217;un Pistolet de Pirate Historique Revivez l&#8217;excitation de l&#8217;histoire avec cette r\u00e9plique d\u00e9taill\u00e9e d&#8217;un pistolet de pirate du 18\u00e8me si\u00e8cle. Fabriqu\u00e9e avec pr\u00e9cision, cette r\u00e9plique capture la sensation et l&#8217;apparence d&#8217;une \u00e9poque o\u00f9 les pirates r\u00e9gnaient sur les mers. Parfait pour les collectionneurs, [&#8230;]","protected":false},"featured_media":49385,"template":"","meta":[],"product_brand":[],"product_cat":[447],"product_tag":[],"class_list":{"0":"post-49421","1":"product","2":"type-product","3":"status-publish","4":"has-post-thumbnail","6":"product_cat-aldre-vapen","7":"pa_brand-denix","8":"pa_farg-metall-utseende","10":"first","11":"outofstock","12":"taxable","13":"shipping-taxable","14":"purchasable","15":"product-type-simple"},"_links":{"self":[{"href":"https:\/\/ak47.nu\/fr\/wp-json\/wp\/v2\/product\/49421","targetHints":{"allow":["GET"]}}],"collection":[{"href":"https:\/\/ak47.nu\/fr\/wp-json\/wp\/v2\/product"}],"about":[{"href":"https:\/\/ak47.nu\/fr\/wp-json\/wp\/v2\/types\/product"}],"wp:featuredmedia":[{"embeddable":true,"href":"https:\/\/ak47.nu\/fr\/wp-json\/wp\/v2\/media\/49385"}],"wp:attachment":[{"href":"https:\/\/ak47.nu\/fr\/wp-json\/wp\/v2\/media?parent=49421"}],"wp:term":[{"taxonomy":"product_brand","embeddable":true,"href":"https:\/\/ak47.nu\/fr\/wp-json\/wp\/v2\/product_brand?post=49421"},{"taxonomy":"product_cat","embeddable":true,"href":"https:\/\/ak47.nu\/fr\/wp-json\/wp\/v2\/product_cat?post=49421"},{"taxonomy":"product_tag","embeddable":true,"href":"https:\/\/ak47.nu\/fr\/wp-json\/wp\/v2\/product_tag?post=49421"}],"curies":[{"name":"wp","href":"https:\/\/api.w.org\/{rel}","templated":true}]}}