{"id":49461,"date":"2022-11-02T14:09:41","date_gmt":"2022-11-02T13:09:41","guid":{"rendered":"https:\/\/ak47.nu\/produkt\/replika-winchester-mares-leg-karbingevar-55-cm-gra\/"},"modified":"2025-08-21T10:40:52","modified_gmt":"2025-08-21T08:40:52","slug":"replique-winchester-mares-leg-carabine-55cm-gris-2","status":"publish","type":"product","link":"https:\/\/ak47.nu\/fr\/produit\/repliques\/armes-anciennes\/replique-winchester-mares-leg-carabine-55cm-gris-2\/","title":{"rendered":"R\u00e9plique Winchester Mare's Leg - Carabine 55cm - Gris"},"content":{"rendered":"<h1>R\u00e9plique Winchester Mare's Leg - 55 CM - Gris<\/h1>\n<h2>R\u00e9plique d\u00e9corative du Winchester Mare's Leg<\/h2>\n<p>Cette r\u00e9plique d'un Winchester Mare's Leg, fabriqu\u00e9e par Kolser, est une reproduction fid\u00e8le de la carabine classique. Avec une longueur de 55 cm et une finition grise, cette r\u00e9plique capture les d\u00e9tails et la sensation de l'original. Parfait pour la d\u00e9coration et les collectionneurs qui appr\u00e9cient les armes historiques.<\/p>\n<h3>Conception et mat\u00e9riaux authentiques<\/h3>\n<p>La r\u00e9plique est faite de m\u00e9tal et de r\u00e9sine haute densit\u00e9 qui imite le bois, lui donnant \u00e0 la fois la sensation et l'apparence d'un v\u00e9ritable Winchester Mare's Leg. La finition est grise, ce qui contribue \u00e0 l'aspect authentique.<\/p>\n<ul>\n <li><strong>Mat\u00e9riau:<\/strong> M\u00e9tal et r\u00e9sine haute densit\u00e9<\/li>\n <li><strong>Finition:<\/strong> Gris<\/li>\n <li><strong>Longueur:<\/strong> 55 cm<\/li>\n <li><strong>M\u00e9canisme:<\/strong> Action de levier fonctionnelle (sans syst\u00e8me d'\u00e9jection et de rechargement des cartouches)<\/li>\n<\/ul>\n<h3>Utilisation et entretien<\/h3>\n<p>Cette r\u00e9plique est destin\u00e9e \u00e0 la d\u00e9coration uniquement et ne peut pas \u00eatre utilis\u00e9e pour le tir. Le m\u00e9canisme est fonctionnel dans le sens o\u00f9 il a une action de levier, mais il n'a pas de syst\u00e8me d'\u00e9jection et de rechargement des cartouches. Il est recommand\u00e9 d'huiler r\u00e9guli\u00e8rement les parties du m\u00e9canisme pour assurer son bon fonctionnement.<\/p>\n<p>Notez que bien qu'il soit possible d'ins\u00e9rer des balles de r\u00e9plique, le m\u00e9canisme n'est pas con\u00e7u pour cela et les balles peuvent se coincer. Cette r\u00e9plique est id\u00e9ale pour les collectionneurs, les accessoires de th\u00e9\u00e2tre ou comme objet de d\u00e9coration dans la maison. D\u00e9couvrez d'autres <a href=\"https:\/\/ak47.nu\/fr\/butik\/\">r\u00e9pliques d'armes<\/a> dans notre gamme. Visitez notre <a href=\"https:\/\/ak47.nu\/fr\/repliques\/armes-anciennes\/\">cat\u00e9gorie d'armes<\/a> pour voir toute la gamme, ou visitez la <a href=\"https:\/\/ak47.nu\/fr\/\">page d'accueil<\/a> pour voir d'autres produits.<\/p>","protected":false},"excerpt":{"rendered":"<p>K\u00f6p en replika av Winchester Mare\u00b4s Leg karbingev\u00e4r i gr\u00e5tt, med en l\u00e4ngd p\u00e5 55 cm. Perfekt f\u00f6r samlare och vapenentusiaster. Best\u00e4ll nu f\u00f6r snabb leverans och bra priser.<\/p>","protected":false},"featured_media":49445,"template":"","meta":[],"product_brand":[],"product_cat":[447,441],"product_tag":[],"class_list":{"0":"post-49461","1":"product","2":"type-product","3":"status-publish","4":"has-post-thumbnail","6":"product_cat-aldre-vapen","7":"product_cat-replikor","8":"pa_brand-kolser","9":"pa_farg-metall-utseende","11":"first","12":"onbackorder","13":"sale","14":"taxable","15":"shipping-taxable","16":"purchasable","17":"product-type-simple"},"_links":{"self":[{"href":"https:\/\/ak47.nu\/fr\/wp-json\/wp\/v2\/product\/49461","targetHints":{"allow":["GET"]}}],"collection":[{"href":"https:\/\/ak47.nu\/fr\/wp-json\/wp\/v2\/product"}],"about":[{"href":"https:\/\/ak47.nu\/fr\/wp-json\/wp\/v2\/types\/product"}],"wp:featuredmedia":[{"embeddable":true,"href":"https:\/\/ak47.nu\/fr\/wp-json\/wp\/v2\/media\/49445"}],"wp:attachment":[{"href":"https:\/\/ak47.nu\/fr\/wp-json\/wp\/v2\/media?parent=49461"}],"wp:term":[{"taxonomy":"product_brand","embeddable":true,"href":"https:\/\/ak47.nu\/fr\/wp-json\/wp\/v2\/product_brand?post=49461"},{"taxonomy":"product_cat","embeddable":true,"href":"https:\/\/ak47.nu\/fr\/wp-json\/wp\/v2\/product_cat?post=49461"},{"taxonomy":"product_tag","embeddable":true,"href":"https:\/\/ak47.nu\/fr\/wp-json\/wp\/v2\/product_tag?post=49461"}],"curies":[{"name":"wp","href":"https:\/\/api.w.org\/{rel}","templated":true}]}}