{"id":49504,"date":"2022-11-02T14:10:15","date_gmt":"2022-11-02T13:10:15","guid":{"rendered":"https:\/\/ak47.nu\/produkt\/replika-winchester-mares-leg-karbingevar-55-cm-massing-2\/"},"modified":"2026-03-23T09:06:48","modified_gmt":"2026-03-23T08:06:48","slug":"replique-winchester-mares-leg-55cm-laiton","status":"publish","type":"product","link":"https:\/\/ak47.nu\/fr\/produit\/repliques\/armes-anciennes\/replique-winchester-mares-leg-55cm-laiton\/","title":{"rendered":"R\u00e9plique Winchester Mare's Leg - 55cm Laiton | Kolser"},"content":{"rendered":"<h1>R\u00e9plique Winchester Mare's Leg Carabine - 55 CM - Laiton<\/h1>\n<h2>R\u00e9plique Authentique pour D\u00e9coration et Reconstitution<\/h2>\n<p>Cette r\u00e9plique de carabine Winchester Mare's Leg de Kolser est une reproduction d\u00e9taill\u00e9e et r\u00e9aliste d'une carabine Winchester classique. Mesurant 55 cm de long et fabriqu\u00e9e en laiton, elle offre une sensation et une apparence authentiques, parfaites pour la d\u00e9coration, la reconstitution historique ou comme objet de collection. <b>NOTE\u00a0: Des balles de r\u00e9plique et quelques amorces sont incluses. Les amorces de jouet (12\u00a0anneaux) conviennent \u00e0 ces balles\u00a0!<\/b><\/p>\n\n<p><b>Important\u00a0:<\/b> Ce fusil ne peut pas tirer de vraies balles et est destin\u00e9 \u00e0 des fins d\u00e9coratives, \u00e0 la reconstitution historique ou \u00e0 un usage similaire. L\u2019utilisation de balles sans amorces n\u2019est pas recommand\u00e9e, car elle pourrait endommager le fusil et\/ou la balle. Un huilage r\u00e9gulier des pi\u00e8ces du m\u00e9canisme est \u00e9galement recommand\u00e9.<\/p>\n\n<h3>Fonction et Design R\u00e9alistes<\/h3>\n<ul>\n    <li><b>Conception Authentique\u00a0:<\/b> Fabriqu\u00e9e par Kolser pour imiter avec pr\u00e9cision une Winchester d\u2019\u00e9poque en termes de taille et de poids.<\/li>\n    <li><b>M\u00e9canisme Fonctionnel\u00a0:<\/b> M\u00e9canisme \u00e0 levier classique pour un fonctionnement r\u00e9aliste.<\/li>\n    <li><b>Syst\u00e8me d\u2019\u00c9jection des Balles\u00a0:<\/b> Possibilit\u00e9 de charger et de recharger les balles avec le levier (ne peut pas \u00eatre tir\u00e9).<\/li>\n    <li><b>Utilisation Recommand\u00e9e\u00a0:<\/b> Utilisez des amorces \u00e0 12\u00a0anneaux pour une meilleure exp\u00e9rience (pas \u00e0 8\u00a0anneaux).<\/li>\n<\/ul>\n\n<h3>Mat\u00e9riaux de Haute Qualit\u00e9<\/h3>\n<p>La r\u00e9plique est fabriqu\u00e9e en m\u00e9tal avec une finition noire, en laiton ou grise, et en r\u00e9sine haute densit\u00e9 qui simule la sensation et l\u2019apparence du bois. Cette r\u00e9plique de Mare's Leg est une copie fid\u00e8le de celle utilis\u00e9e par Steve McQueen.<\/p>\n\n<p>Cette r\u00e9plique est parfaite pour ceux qui appr\u00e9cient les armes historiques et qui souhaitent un mod\u00e8le r\u00e9aliste et d\u00e9taill\u00e9 pour l\u2019exposition ou la reconstitution. Ajoutez cette impressionnante carabine Winchester Mare's Leg \u00e0 votre collection ou offrez-la en cadeau unique. <a href=\"https:\/\/ak47.nu\/fr\/butik\/\">Consultez notre s\u00e9lection d\u2019autres armes de r\u00e9plique<\/a> pour trouver d\u2019autres mod\u00e8les historiques. Pour plus d\u2019informations sur nos produits, veuillez visiter notre <a href=\"https:\/\/ak47.nu\/fr\/\">site web<\/a>. Explorez notre gamme de <a href=\"https:\/\/ak47.nu\/fr\/repliques\/armes-anciennes\/\">fusils de r\u00e9plique<\/a> d\u00e8s aujourd\u2019hui\u00a0!<\/p>","protected":false},"excerpt":{"rendered":"<p>K\u00f6p en replika av Winchester Mare&#8217;s Leg karbingev\u00e4r i m\u00e4ssing, 55 cm l\u00e5ng. Perfekt f\u00f6r samlare och vapenentusiaster. S\u00e4ker onlinebest\u00e4llning och snabb leverans.<\/p>","protected":false},"featured_media":49488,"template":"","meta":[],"product_brand":[],"product_cat":[447],"product_tag":[],"class_list":{"0":"post-49504","1":"product","2":"type-product","3":"status-publish","4":"has-post-thumbnail","6":"product_cat-aldre-vapen","7":"pa_brand-kolser","8":"pa_farg-brons","10":"first","11":"onbackorder","12":"taxable","13":"shipping-taxable","14":"purchasable","15":"product-type-simple"},"_links":{"self":[{"href":"https:\/\/ak47.nu\/fr\/wp-json\/wp\/v2\/product\/49504","targetHints":{"allow":["GET"]}}],"collection":[{"href":"https:\/\/ak47.nu\/fr\/wp-json\/wp\/v2\/product"}],"about":[{"href":"https:\/\/ak47.nu\/fr\/wp-json\/wp\/v2\/types\/product"}],"wp:featuredmedia":[{"embeddable":true,"href":"https:\/\/ak47.nu\/fr\/wp-json\/wp\/v2\/media\/49488"}],"wp:attachment":[{"href":"https:\/\/ak47.nu\/fr\/wp-json\/wp\/v2\/media?parent=49504"}],"wp:term":[{"taxonomy":"product_brand","embeddable":true,"href":"https:\/\/ak47.nu\/fr\/wp-json\/wp\/v2\/product_brand?post=49504"},{"taxonomy":"product_cat","embeddable":true,"href":"https:\/\/ak47.nu\/fr\/wp-json\/wp\/v2\/product_cat?post=49504"},{"taxonomy":"product_tag","embeddable":true,"href":"https:\/\/ak47.nu\/fr\/wp-json\/wp\/v2\/product_tag?post=49504"}],"curies":[{"name":"wp","href":"https:\/\/api.w.org\/{rel}","templated":true}]}}