{"id":49530,"date":"2022-11-02T14:11:39","date_gmt":"2022-11-02T13:11:39","guid":{"rendered":"https:\/\/ak47.nu\/produkt\/replika-winchester-mares-leg-karbingevar-67-cm-massing\/"},"modified":"2025-12-03T21:32:59","modified_gmt":"2025-12-03T20:32:59","slug":"replique-winchester-mares-leg-carabine-67-cm-laiton-2","status":"publish","type":"product","link":"https:\/\/ak47.nu\/fr\/produit\/repliques\/armes-anciennes\/replique-winchester-mares-leg-carabine-67-cm-laiton-2\/","title":{"rendered":"R\u00e9plique Winchester Mare's Leg 67cm - Laiton | Kolser"},"content":{"rendered":"<h1>R\u00e9plique Winchester Mare's Leg Carabine - 67 CM - Laiton<\/h1>\n<h2>R\u00e9plique D\u00e9corative du Winchester Mare's Leg<\/h2>\n<p>Cette r\u00e9plique de la carabine Winchester Mare's Leg de Kolser est un excellent choix pour la d\u00e9coration et les collectionneurs. Le mod\u00e8le mesure 67 cm de long et est fabriqu\u00e9 avec une finition en laiton pour un aspect authentique. Veuillez noter que ce fusil n'est pas destin\u00e9 \u00e0 tirer des balles ; il s'agit uniquement d'une r\u00e9plique d\u00e9corative.<\/p>\n<h3>D\u00e9tails et Caract\u00e9ristiques<\/h3>\n<ul>\n <li><strong>Fabricant :<\/strong> Kolser<\/li>\n <li><strong>Mod\u00e8le :<\/strong> 47-1058-1 L<\/li>\n <li><strong>Longueur :<\/strong> 67 cm<\/li>\n <li><strong>Mat\u00e9riau :<\/strong> M\u00e9tal avec finition en laiton et r\u00e9sine haute densit\u00e9<\/li>\n <li><strong>Utilisation :<\/strong> D\u00e9coration uniquement<\/li>\n<\/ul>\n<p>La r\u00e9plique est faite pour imiter un vrai fusil en poids et dimensions. Elle n'a pas de fonction d'\u00e9jection de balle ou de rechargement. Bien que des balles de r\u00e9plique puissent \u00eatre ins\u00e9r\u00e9es, le m\u00e9canisme n'est pas pr\u00e9vu pour cela, et les balles peuvent se coincer. Pour entretenir le m\u00e9canisme, il est recommand\u00e9 de lubrifier r\u00e9guli\u00e8rement les pi\u00e8ces.<\/p>\n<p>La r\u00e9plique est faite de m\u00e9tal avec une finition en noir, laiton ou gris, et de r\u00e9sine haute densit\u00e9 qui simule l'apparence et la sensation du bois. Cette r\u00e9plique d\u00e9taill\u00e9e est parfaite pour ceux qui appr\u00e9cient l'histoire des armes et recherchent un d\u00e9tail d\u00e9coratif. D\u00e9couvrez d'autres <a href=\"https:\/\/ak47.nu\/fr\/butik\/\">r\u00e9pliques d'armes<\/a> dans notre gamme. Visitez notre <a href=\"https:\/\/ak47.nu\/fr\/repliques\/armes-anciennes\/\">cat\u00e9gorie d'armes<\/a> pour voir notre large s\u00e9lection, ou visitez <a href=\"https:\/\/ak47.nu\/fr\/\">notre site web<\/a> pour explorer toute notre gamme.<\/p>","protected":false},"excerpt":{"rendered":"<p>K\u00f6p en replika av Winchester Mare&#8217;s Leg karbin i m\u00e4ssing, med en l\u00e4ngd p\u00e5 67 cm. Perfekt f\u00f6r samlare och vapenentusiaster. Best\u00e4ll nu och f\u00e5 snabb leverans.<\/p>","protected":false},"featured_media":49514,"template":"","meta":[],"product_brand":[],"product_cat":[447],"product_tag":[],"class_list":{"0":"post-49530","1":"product","2":"type-product","3":"status-publish","4":"has-post-thumbnail","6":"product_cat-aldre-vapen","7":"pa_brand-kolser","8":"pa_farg-brons","10":"first","11":"outofstock","12":"taxable","13":"shipping-taxable","14":"purchasable","15":"product-type-simple"},"_links":{"self":[{"href":"https:\/\/ak47.nu\/fr\/wp-json\/wp\/v2\/product\/49530","targetHints":{"allow":["GET"]}}],"collection":[{"href":"https:\/\/ak47.nu\/fr\/wp-json\/wp\/v2\/product"}],"about":[{"href":"https:\/\/ak47.nu\/fr\/wp-json\/wp\/v2\/types\/product"}],"wp:featuredmedia":[{"embeddable":true,"href":"https:\/\/ak47.nu\/fr\/wp-json\/wp\/v2\/media\/49514"}],"wp:attachment":[{"href":"https:\/\/ak47.nu\/fr\/wp-json\/wp\/v2\/media?parent=49530"}],"wp:term":[{"taxonomy":"product_brand","embeddable":true,"href":"https:\/\/ak47.nu\/fr\/wp-json\/wp\/v2\/product_brand?post=49530"},{"taxonomy":"product_cat","embeddable":true,"href":"https:\/\/ak47.nu\/fr\/wp-json\/wp\/v2\/product_cat?post=49530"},{"taxonomy":"product_tag","embeddable":true,"href":"https:\/\/ak47.nu\/fr\/wp-json\/wp\/v2\/product_tag?post=49530"}],"curies":[{"name":"wp","href":"https:\/\/api.w.org\/{rel}","templated":true}]}}