{"id":49597,"date":"2022-11-03T10:55:28","date_gmt":"2022-11-03T09:55:28","guid":{"rendered":"https:\/\/ak47.nu\/produkt\/replika-winchester-mares-leg-karbingevar-67-cm-svart-2\/"},"modified":"2026-03-23T09:06:45","modified_gmt":"2026-03-23T08:06:45","slug":"replique-winchester-mares-leg-carabine-67-cm-noir","status":"publish","type":"product","link":"https:\/\/ak47.nu\/fr\/produit\/repliques\/armes-anciennes\/replique-winchester-mares-leg-carabine-67-cm-noir\/","title":{"rendered":"R\u00e9plique Winchester Mare's Leg Carabine | Kolser"},"content":{"rendered":"<h1>R\u00e9plique Winchester Mare's Leg Carabine - 67 CM - Noir | Kolser<\/h1>\n<h2>R\u00e9plique authentique pour la d\u00e9coration et la reconstitution<\/h2>\n<p>Cette r\u00e9plique de la carabine Winchester Mare's Leg de Kolser est parfaite pour ceux qui recherchent un d\u00e9tail authentique pour la d\u00e9coration, la reconstitution historique ou \u00e0 des fins similaires. Le mod\u00e8le mesure 67 cm de long et est fabriqu\u00e9 avec grand soin pour imiter un vrai fusil en termes de poids et de dimensions. <b>REMARQUE : Des balles de r\u00e9plique et quelques cartouches \u00e0 blanc sont incluses. Les amorces jouets (12 anneaux) conviennent \u00e0 ces balles !<\/b><\/p>\n\n<p><b>Important :<\/b> Il s'agit d'une r\u00e9plique et ne peut pas tirer de balles r\u00e9elles. Elle est destin\u00e9e uniquement \u00e0 des fins d\u00e9coratives et de reconstitution historique. L'utilisation de balles sans cartouches \u00e0 blanc n'est pas recommand\u00e9e car cela pourrait endommager le fusil et la balle. Les pi\u00e8ces du m\u00e9canisme doivent \u00eatre huil\u00e9es r\u00e9guli\u00e8rement pour assurer leur fonctionnement.<\/p>\n\n<h3>M\u00e9canisme et mat\u00e9riaux r\u00e9alistes<\/h3>\n<p>La s\u00e9rie Kolser X se caract\u00e9rise par un m\u00e9canisme fonctionnel avec une chambre rechargeable et un syst\u00e8me d'\u00e9jection des balles pour un r\u00e9alisme maximal. La r\u00e9plique comprend des balles adapt\u00e9es aux cartouches \u00e0 blanc. Pour un meilleur effet, il est recommand\u00e9 d'utiliser des amorces \u00e0 12 anneaux (pas \u00e0 8 anneaux). Le fusil est fabriqu\u00e9 en m\u00e9tal avec une finition en noir, en laiton ou en gris, et en r\u00e9sine haute densit\u00e9 qui simule l'aspect et le toucher du bois.<\/p>\n\n<ul>\n <li><b>R\u00e9plique r\u00e9aliste :<\/b> Dimensions et poids exacts qui imitent une vraie carabine Winchester Mare's Leg.<\/li>\n <li><b>M\u00e9canisme fonctionnel :<\/b> Chambre rechargeable et syst\u00e8me d'\u00e9jection des balles pour un r\u00e9alisme accru.<\/li>\n <li><b>Compatible avec les cartouches \u00e0 blanc :<\/b> Adapt\u00e9e \u00e0 l'utilisation d'amorces \u00e0 12 anneaux (non incluses).<\/li>\n <li><b>Mat\u00e9riaux de haute qualit\u00e9 :<\/b> Fabriqu\u00e9e en m\u00e9tal et en r\u00e9sine haute densit\u00e9 pour une sensation et un aspect authentiques.<\/li>\n<\/ul>\n\n<p>Compl\u00e9tez votre collection ou votre \u00e9quipement de reconstitution avec cette r\u00e9plique spectaculaire d'une carabine Mare's Leg. D\u00e9couvrez notre gamme d'<a href=\"https:\/\/ak47.nu\/fr\/butik\/\">armes r\u00e9pliques suppl\u00e9mentaires<\/a> pour trouver d'autres articles d'inspiration historique. Ne manquez pas non plus notre large gamme de <a href=\"https:\/\/ak47.nu\/fr\/repliques\/armes-anciennes\/\">jouets d'armes \u00e0 feu<\/a> pour d'autres alternatives amusantes. Visitez <a href=\"https:\/\/ak47.nu\/fr\/\">notre site web<\/a> pour voir toute notre gamme.<\/p>","protected":false},"excerpt":{"rendered":"<p>K\u00f6p en replika av Winchester Mare\u00b4s Leg karbingev\u00e4r i svart f\u00e4rg, med en l\u00e4ngd p\u00e5 67 cm. Perfekt f\u00f6r samlare och entusiaster.<\/p>","protected":false},"featured_media":49585,"template":"","meta":[],"product_brand":[],"product_cat":[447],"product_tag":[],"class_list":{"0":"post-49597","1":"product","2":"type-product","3":"status-publish","4":"has-post-thumbnail","6":"product_cat-aldre-vapen","7":"pa_brand-kolser","8":"pa_farg-svart","10":"first","11":"outofstock","12":"sale","13":"taxable","14":"shipping-taxable","15":"purchasable","16":"product-type-simple"},"_links":{"self":[{"href":"https:\/\/ak47.nu\/fr\/wp-json\/wp\/v2\/product\/49597","targetHints":{"allow":["GET"]}}],"collection":[{"href":"https:\/\/ak47.nu\/fr\/wp-json\/wp\/v2\/product"}],"about":[{"href":"https:\/\/ak47.nu\/fr\/wp-json\/wp\/v2\/types\/product"}],"wp:featuredmedia":[{"embeddable":true,"href":"https:\/\/ak47.nu\/fr\/wp-json\/wp\/v2\/media\/49585"}],"wp:attachment":[{"href":"https:\/\/ak47.nu\/fr\/wp-json\/wp\/v2\/media?parent=49597"}],"wp:term":[{"taxonomy":"product_brand","embeddable":true,"href":"https:\/\/ak47.nu\/fr\/wp-json\/wp\/v2\/product_brand?post=49597"},{"taxonomy":"product_cat","embeddable":true,"href":"https:\/\/ak47.nu\/fr\/wp-json\/wp\/v2\/product_cat?post=49597"},{"taxonomy":"product_tag","embeddable":true,"href":"https:\/\/ak47.nu\/fr\/wp-json\/wp\/v2\/product_tag?post=49597"}],"curies":[{"name":"wp","href":"https:\/\/api.w.org\/{rel}","templated":true}]}}