{"id":49637,"date":"2022-11-08T14:32:31","date_gmt":"2022-11-08T13:32:31","guid":{"rendered":"https:\/\/ak47.nu\/produkt\/replika-winchester-long-range-1892-karbingevar-108-cm-gra\/"},"modified":"2026-03-14T11:59:47","modified_gmt":"2026-03-14T10:59:47","slug":"replique-winchester-1892-carabine-long-range","status":"publish","type":"product","link":"https:\/\/ak47.nu\/fr\/produit\/repliques\/armes-anciennes\/replique-winchester-1892-carabine-long-range\/","title":{"rendered":"R\u00e9plique Winchester 1892 Carabine Long Range | Kolser"},"content":{"rendered":"<h1>R\u00e9plique Winchester Long Range 1892 Carabine - Gris<\/h1>\n<h2>R\u00e9plique authentique pour collectionneurs et reconstitutions<\/h2>\n<p>Cette r\u00e9plique de la carabine Winchester Long Range 1892 de Kolser est parfaite pour la d\u00e9coration, les reconstitutions historiques et les collectionneurs. La conception r\u00e9aliste et le m\u00e9canisme fonctionnel en font un ajout impressionnant \u00e0 votre collection. <strong>REMARQUE : Des balles de r\u00e9plique et quelques amorces sont incluses. Les amorces de jouet (12 anneaux) conviennent \u00e0 ces balles !<\/strong><\/p>\n<p><strong>Important :<\/strong> Ce fusil <strong>ne peut pas<\/strong> tirer de vraies balles et est uniquement destin\u00e9 \u00e0 des fins d\u00e9coratives. L'utilisation de balles sans amorces n'est pas recommand\u00e9e car cela pourrait endommager \u00e0 la fois le fusil et la balle. Un huilage r\u00e9gulier des pi\u00e8ces du m\u00e9canisme est recommand\u00e9 pour maintenir la fonction.<\/p>\n<h3>Conception et fonction r\u00e9alistes<\/h3>\n<p>La r\u00e9plique mesure 108 cm de long et est faite de m\u00e9tal avec une finition grise, et de polystyr\u00e8ne de qualit\u00e9 bois qui recr\u00e9e la sensation et la densit\u00e9 du bois. Il poss\u00e8de un m\u00e9canisme fonctionnel et une chambre int\u00e9rieure rechargeable pouvant contenir jusqu'\u00e0 6 balles d'imitation adapt\u00e9es aux amorces.<\/p>\n<ul>\n  <li>Longueur : 108 cm<\/li>\n  <li>Mat\u00e9riau : M\u00e9tal et polystyr\u00e8ne<\/li>\n  <li>Finition : Gris<\/li>\n  <li>M\u00e9canisme fonctionnel avec chambre rechargeable<\/li>\n  <li>Espace pour 6 balles d'imitation<\/li>\n<\/ul>\n<h3>Kolser X-Series : Pour un r\u00e9alisme maximal<\/h3>\n<p>La Kolser X-Series est connue pour ses r\u00e9pliques aux caract\u00e9ristiques r\u00e9alistes. Ce mod\u00e8le poss\u00e8de une chambre rechargeable et un syst\u00e8me d'\u00e9jection de balles. Des <a href=\"https:\/\/ak47.nu\/fr\/butik\/\">balles de r\u00e9plique<\/a> adapt\u00e9es aux amorces sont incluses. Pour un meilleur effet, l'utilisation d'amorces \u00e0 12 anneaux est recommand\u00e9e. D\u00e9couvrez notre s\u00e9lection d'<a href=\"https:\/\/ak47.nu\/fr\/repliques\/armes-anciennes\/\">armes de r\u00e9plique<\/a> pour trouver d'autres mod\u00e8les historiques.<\/p>\n<h3>Un morceau d'histoire<\/h3>\n<p>La carabine USA Long Range de 1892 a jou\u00e9 un r\u00f4le important dans le soul\u00e8vement ouvrier de 1892, l'une des r\u00e9voltes les plus graves de l'histoire ouvri\u00e8re am\u00e9ricaine. Avec cette r\u00e9plique, vous pouvez poss\u00e9der un morceau d'histoire. Visitez notre <a href=\"https:\/\/ak47.nu\/fr\/\">page d'accueil<\/a> pour en savoir plus sur notre gamme.<\/p>","protected":false},"excerpt":{"rendered":"<p>K\u00f6p en h\u00f6gkvalitativ replika av Winchester Long Range 1892 karbingev\u00e4r i gr\u00e5tt utf\u00f6rande. Gev\u00e4ret \u00e4r 108 cm l\u00e5ngt och perfekt f\u00f6r samlare och entusiaster. Best\u00e4ll nu f\u00f6r att l\u00e4gga till detta autentiska vapen i din samling.<\/p>","protected":false},"featured_media":49621,"template":"","meta":[],"product_brand":[],"product_cat":[447],"product_tag":[],"class_list":{"0":"post-49637","1":"product","2":"type-product","3":"status-publish","4":"has-post-thumbnail","6":"product_cat-aldre-vapen","7":"pa_brand-kolser","8":"pa_farg-metall-utseende","10":"first","11":"outofstock","12":"taxable","13":"shipping-taxable","14":"purchasable","15":"product-type-simple"},"_links":{"self":[{"href":"https:\/\/ak47.nu\/fr\/wp-json\/wp\/v2\/product\/49637","targetHints":{"allow":["GET"]}}],"collection":[{"href":"https:\/\/ak47.nu\/fr\/wp-json\/wp\/v2\/product"}],"about":[{"href":"https:\/\/ak47.nu\/fr\/wp-json\/wp\/v2\/types\/product"}],"wp:featuredmedia":[{"embeddable":true,"href":"https:\/\/ak47.nu\/fr\/wp-json\/wp\/v2\/media\/49621"}],"wp:attachment":[{"href":"https:\/\/ak47.nu\/fr\/wp-json\/wp\/v2\/media?parent=49637"}],"wp:term":[{"taxonomy":"product_brand","embeddable":true,"href":"https:\/\/ak47.nu\/fr\/wp-json\/wp\/v2\/product_brand?post=49637"},{"taxonomy":"product_cat","embeddable":true,"href":"https:\/\/ak47.nu\/fr\/wp-json\/wp\/v2\/product_cat?post=49637"},{"taxonomy":"product_tag","embeddable":true,"href":"https:\/\/ak47.nu\/fr\/wp-json\/wp\/v2\/product_tag?post=49637"}],"curies":[{"name":"wp","href":"https:\/\/api.w.org\/{rel}","templated":true}]}}