{"id":49660,"date":"2022-11-14T13:56:27","date_gmt":"2022-11-14T12:56:27","guid":{"rendered":"https:\/\/ak47.nu\/produkt\/balte-med-dubbla-holster-och-kulor\/"},"modified":"2026-04-13T16:14:00","modified_gmt":"2026-04-13T14:14:00","slug":"ceinture-double-holster-avec-balles","status":"publish","type":"product","link":"https:\/\/ak47.nu\/fr\/produit\/tillbehor-2\/troupes\/ceinture-double-holster-avec-balles\/","title":{"rendered":"Ceinture Double Holster Avec Balles | Kolser"},"content":{"rendered":"<h1>Ceinture Double Holster Avec Balles<\/h1>\n<h2>R\u00e9plique Authentique d'une Ceinture du Far West<\/h2>\n<p>Revivez l'excitation du Far West avec cette ceinture double holster authentique et ses balles r\u00e9pliques de Kolser. Cette r\u00e9plique d\u00e9taill\u00e9e vous ram\u00e8ne \u00e0 l'\u00e9poque o\u00f9 les duels se r\u00e9glaient rapidement et \u00e9quitablement. Parfait pour les jeux de r\u00f4le, le th\u00e9\u00e2tre ou comme un ajout unique \u00e0 votre collection. Achetez votre <a href=\"https:\/\/ak47.nu\/fr\/butik\/\">revolver Kolser<\/a> aujourd'hui et compl\u00e9tez votre \u00e9quipement !<\/p>\n\n<h3>Sp\u00e9cifications :<\/h3>\n<ul>\n  <li><strong>Fabricant :<\/strong> Kolser<\/li>\n  <li><strong>Num\u00e9ro d'article :<\/strong> 47-1112-2<\/li>\n  <li><strong>Type :<\/strong> Ceinture Double Holster avec Balles R\u00e9pliques<\/li>\n  <li><strong>Mat\u00e9riau :<\/strong> Cuir<\/li>\n  <li><strong>Longueur :<\/strong> 110 cm<\/li>\n  <li><strong>Nombre de balles :<\/strong> 13 balles r\u00e9pliques<\/li>\n  <li><strong>Fonction :<\/strong> Deux holsters pour revolvers et compartiments individuels pour les balles<\/li>\n  <li><strong>Compatibilit\u00e9 :<\/strong> Les balles r\u00e9pliques conviennent aux revolvers Kolser, les amorces pour jouets (8 anneaux) conviennent \u00e0 ces balles<\/li>\n<\/ul>\n\n<h3>Caract\u00e9ristiques et Avantages :<\/h3>\n<p>Cette ceinture est fabriqu\u00e9e en cuir et poss\u00e8de une boucle r\u00e9glable pour assurer un ajustement confortable. Les deux holsters vous permettent de porter deux revolvers en m\u00eame temps, comme dans les vieux films de western. Les compartiments individuels pour les balles r\u00e9pliques vous permettent de garder vos munitions \u00e0 port\u00e9e de main. La ceinture mesure 110 cm de long et convient \u00e0 la plupart des adultes. Un incontournable pour tous ceux qui aiment le Far West et les <a href=\"https:\/\/ak47.nu\/fr\/tillbehor-2\/troupes\/\">accessoires de r\u00e9pliques western<\/a>.<\/p>\n\n<h3>Remarque :<\/h3>\n<p>Les balles r\u00e9pliques conviennent aux revolvers Kolser, les amorces pour jouets (8 anneaux) conviennent \u00e0 ces balles ! Visitez <a href=\"https:\/\/ak47.nu\/fr\/\">notre boutique<\/a> pour trouver plus de produits !<\/p>","protected":false},"excerpt":{"rendered":"<p>Uppt\u00e4ck v\u00e5rt b\u00e4lte med dubbla h\u00f6lster och kulor &#8211; det perfekta tillbeh\u00f6ret f\u00f6r vapenentusiaster. Med detta b\u00e4lte kan du enkelt b\u00e4ra tv\u00e5 pistoler samtidigt och ha extra ammunition l\u00e4ttillg\u00e4nglig. Utforska v\u00e5rt sortiment av b\u00e4lten med dubbla h\u00f6lster och kulor f\u00f6r att hitta den perfekta kombinationen av stil och funktionalitet. K\u00f6p ditt b\u00e4lte idag och ta din vapenupplevelse till n\u00e4sta niv\u00e5.<\/p>","protected":false},"featured_media":49656,"template":"","meta":[],"product_brand":[],"product_cat":[563],"product_tag":[],"class_list":{"0":"post-49660","1":"product","2":"type-product","3":"status-publish","4":"has-post-thumbnail","6":"product_cat-holsters","7":"pa_brand-kolser","8":"pa_farg-brun","10":"first","11":"onbackorder","12":"sale","13":"taxable","14":"shipping-taxable","15":"purchasable","16":"product-type-simple"},"_links":{"self":[{"href":"https:\/\/ak47.nu\/fr\/wp-json\/wp\/v2\/product\/49660","targetHints":{"allow":["GET"]}}],"collection":[{"href":"https:\/\/ak47.nu\/fr\/wp-json\/wp\/v2\/product"}],"about":[{"href":"https:\/\/ak47.nu\/fr\/wp-json\/wp\/v2\/types\/product"}],"wp:featuredmedia":[{"embeddable":true,"href":"https:\/\/ak47.nu\/fr\/wp-json\/wp\/v2\/media\/49656"}],"wp:attachment":[{"href":"https:\/\/ak47.nu\/fr\/wp-json\/wp\/v2\/media?parent=49660"}],"wp:term":[{"taxonomy":"product_brand","embeddable":true,"href":"https:\/\/ak47.nu\/fr\/wp-json\/wp\/v2\/product_brand?post=49660"},{"taxonomy":"product_cat","embeddable":true,"href":"https:\/\/ak47.nu\/fr\/wp-json\/wp\/v2\/product_cat?post=49660"},{"taxonomy":"product_tag","embeddable":true,"href":"https:\/\/ak47.nu\/fr\/wp-json\/wp\/v2\/product_tag?post=49660"}],"curies":[{"name":"wp","href":"https:\/\/api.w.org\/{rel}","templated":true}]}}