{"id":51549,"date":"2023-01-03T18:36:40","date_gmt":"2023-01-03T17:36:40","guid":{"rendered":"https:\/\/ak47.nu\/produkt\/kolser-replika-colt-peacemaker-revolver-replika-11-475-pipa-4\/"},"modified":"2026-03-23T09:10:08","modified_gmt":"2026-03-23T08:10:08","slug":"kolser-replika-colt-peacemaker-revolver-replika-11-475-pipa-4","status":"publish","type":"product","link":"https:\/\/ak47.nu\/fr\/produit\/repliques\/revolvrar-replikor\/kolser-replika-colt-peacemaker-revolver-replika-11-475-pipa-4\/","title":{"rendered":"Kolser &#8211; Replika &#8211; Colt Peacemaker Revolver Replika 1:1 &#8211; 4,75&#8243; Pipa"},"content":{"rendered":"<p>Colt Peacemaker revolver replika 1:1 &#8211; 25.5 CM l\u00e5ng, 4,75&#8243; Pipa<br \/><b>OBS Replika kulor ing\u00e5r, leksaksknallpulver (100 pack 1 skott) passar till dessa kulor!<br \/>Denna revolver kan ej skjuta riktiga kulor utan \u00e4r enbart till f\u00f6r dekoration, historisk reenactment eller dylikt. Det rekommenderas ej att anv\u00e4nda kulor utan knallpulver skott d\u00e5 detta kan skada revolvern och\/eller kula, det rekommenderas \u00e4ven att olja in mekanismens delar till och fr\u00e5n.<\/b><\/p>\n<p>En underbar Colt revolver replika fr\u00e5n Kolser f\u00f6r dig som vill \u00e5teruppleva den vilda v\u00e4stern.<\/p>\n<p>Colt 45 Peacemaker 4&#8217;75&#8221; USA 1873 replika revolver modellen finns i m\u00e4ssing-, bl\u00e5else-, nickelpl\u00e4terad- och \u00e5ldrad metall-finish, uppn\u00e5dd genom manuella processer som appliceras p\u00e5 varje del av pistolen, med ett grepp gjort av \u00e4kta tr\u00e4 eller ett h\u00f6gkvalitativt handtag i antingen elfenbensimitation, imiterat ben eller imiterat tr\u00e4, vilket \u00e5terskapar en av Gamla V\u00e4sterns mest ikoniska revolvrar.<\/p>\n<p>Designen av denna replika modell \u00e4r baserad p\u00e5 den faktiska handmonterade modellen och har tillr\u00e4ckligt med delar f\u00f6r att ge en mer realistisk triggerupplevelse.<\/p>\n<p>Denna Colt Single Action replika har en fungerande mekanism och en omladdningsbar roterande cylinder f\u00f6r Kolser tillverkade imitationskulor som ocks\u00e5 \u00e4r anpassade f\u00f6r knallpulver.<\/p>","protected":false},"excerpt":{"rendered":"<p>Colt Peacemaker revolver replika 1:1 &#8211; 25.5 CM l\u00e5ng, 4,75&#8243; PipaOBS Replika kulor ing\u00e5r, leksaksknallpulver (100 pack 1 skott) passar till dessa kulor!Denna revolver kan ej skjuta riktiga kulor utan \u00e4r enbart till f\u00f6r dekoration, historisk reenactment eller dylikt. Det rekommenderas ej att anv\u00e4nda kulor utan knallpulver skott d\u00e5 detta kan skada revolvern och\/eller kula, [&#8230;]","protected":false},"featured_media":51560,"template":"","meta":[],"product_brand":[],"product_cat":[443],"product_tag":[],"class_list":{"0":"post-51549","1":"product","2":"type-product","3":"status-publish","4":"has-post-thumbnail","6":"product_cat-revolvrar-replikor","7":"pa_brand-kolser","8":"pa_modell-imitation-bone-bull","9":"pa_modell-imitation-bone-snake","10":"pa_modell-imitation-ivory","11":"pa_modell-imitation-wood","12":"pa_modell-real-wood","14":"first","15":"instock","16":"sale","17":"taxable","18":"shipping-taxable","19":"purchasable","20":"product-type-variable"},"_links":{"self":[{"href":"https:\/\/ak47.nu\/fr\/wp-json\/wp\/v2\/product\/51549","targetHints":{"allow":["GET"]}}],"collection":[{"href":"https:\/\/ak47.nu\/fr\/wp-json\/wp\/v2\/product"}],"about":[{"href":"https:\/\/ak47.nu\/fr\/wp-json\/wp\/v2\/types\/product"}],"wp:featuredmedia":[{"embeddable":true,"href":"https:\/\/ak47.nu\/fr\/wp-json\/wp\/v2\/media\/51560"}],"wp:attachment":[{"href":"https:\/\/ak47.nu\/fr\/wp-json\/wp\/v2\/media?parent=51549"}],"wp:term":[{"taxonomy":"product_brand","embeddable":true,"href":"https:\/\/ak47.nu\/fr\/wp-json\/wp\/v2\/product_brand?post=51549"},{"taxonomy":"product_cat","embeddable":true,"href":"https:\/\/ak47.nu\/fr\/wp-json\/wp\/v2\/product_cat?post=51549"},{"taxonomy":"product_tag","embeddable":true,"href":"https:\/\/ak47.nu\/fr\/wp-json\/wp\/v2\/product_tag?post=51549"}],"curies":[{"name":"wp","href":"https:\/\/api.w.org\/{rel}","templated":true}]}}