{"id":51775,"date":"2023-01-28T14:02:27","date_gmt":"2023-01-28T13:02:27","guid":{"rendered":"https:\/\/ak47.nu\/produkt\/kolser-mini-yxa\/"},"modified":"2026-01-08T08:44:33","modified_gmt":"2026-01-08T07:44:33","slug":"kolser-mini-hache-replique-nordique","status":"publish","type":"product","link":"https:\/\/ak47.nu\/fr\/produit\/repliques\/replique-darmes-de-guerre\/kolser-mini-hache-replique-nordique\/","title":{"rendered":"Kolser Mini Hache - R\u00e9plique Nordique"},"content":{"rendered":"<h1>Kolser Mini Hache - R\u00e9plique Nordique<\/h1>\n<h2>Une belle petite hache au design nordique<\/h2>\n<p>Cette <strong>mini hache Kolser<\/strong> est une magnifique r\u00e9plique d'une petite hache utilis\u00e9e par les Vikings et les Normands au Xe si\u00e8cle. Mesurant 39 cm x 8 cm, cette hache capture l'esprit de l'art nordique avec sa gravure caract\u00e9ristique. Kolser recr\u00e9e la sensation nordique dans cette petite hache, avec un manche en bois, une lame en m\u00e9tal et une pointe de lance.<\/p>\n\n<h3>Design nordique et inspiration historique<\/h3>\n<p>La mini hache Kolser est parfaite pour ceux qui appr\u00e9cient l'histoire et le design nordiques. La gravure d\u00e9taill\u00e9e et le design authentique en font un objet de d\u00e9coration unique.<\/p>\n\n<h3>Sp\u00e9cifications :<\/h3>\n<ul>\n    <li><strong>Dimensions :<\/strong> 39 cm x 8 cm<\/li>\n    <li><strong>Mat\u00e9riau :<\/strong> Manche en bois, lame en m\u00e9tal, pointe de lance<\/li>\n    <li><strong>Design :<\/strong> R\u00e9plique d'une hache nordique du Xe si\u00e8cle<\/li>\n<\/ul>\n\n<p>D\u00e9couvrez d'autres <a href=\"https:\/\/ak47.nu\/fr\/butik\/\">r\u00e9pliques authentiques<\/a> de Kolser. Visitez notre <a href=\"https:\/\/ak47.nu\/fr\/repliques\/replique-darmes-de-guerre\/\">cat\u00e9gorie d'objets de collection<\/a> pour trouver des produits similaires. Pour plus d'informations sur Kolser, visitez <a href=\"https:\/\/ak47.nu\/fr\/\">notre site web<\/a>.<\/p>","protected":false},"excerpt":{"rendered":"<p>K\u00f6p en kvalitativ och kompakt kolser mini-yxa online &#8211; perfekt f\u00f6r dekoration. Uppt\u00e4ck v\u00e5rt sortiment av kolser mini-yxor f\u00f6r att hitta den perfekta f\u00f6ljeslagaren f\u00f6r dina \u00e4ventyr. Best\u00e4ll idag f\u00f6r snabb leverans och konkurrenskraftiga priser.<\/p>","protected":false},"featured_media":51771,"template":"","meta":[],"product_brand":[],"product_cat":[448],"product_tag":[],"class_list":{"0":"post-51775","1":"product","2":"type-product","3":"status-publish","4":"has-post-thumbnail","6":"product_cat-ovriga-vapen-replikor","7":"pa_brand-kolser","9":"first","10":"instock","11":"sale","12":"taxable","13":"shipping-taxable","14":"purchasable","15":"product-type-simple"},"_links":{"self":[{"href":"https:\/\/ak47.nu\/fr\/wp-json\/wp\/v2\/product\/51775","targetHints":{"allow":["GET"]}}],"collection":[{"href":"https:\/\/ak47.nu\/fr\/wp-json\/wp\/v2\/product"}],"about":[{"href":"https:\/\/ak47.nu\/fr\/wp-json\/wp\/v2\/types\/product"}],"wp:featuredmedia":[{"embeddable":true,"href":"https:\/\/ak47.nu\/fr\/wp-json\/wp\/v2\/media\/51771"}],"wp:attachment":[{"href":"https:\/\/ak47.nu\/fr\/wp-json\/wp\/v2\/media?parent=51775"}],"wp:term":[{"taxonomy":"product_brand","embeddable":true,"href":"https:\/\/ak47.nu\/fr\/wp-json\/wp\/v2\/product_brand?post=51775"},{"taxonomy":"product_cat","embeddable":true,"href":"https:\/\/ak47.nu\/fr\/wp-json\/wp\/v2\/product_cat?post=51775"},{"taxonomy":"product_tag","embeddable":true,"href":"https:\/\/ak47.nu\/fr\/wp-json\/wp\/v2\/product_tag?post=51775"}],"curies":[{"name":"wp","href":"https:\/\/api.w.org\/{rel}","templated":true}]}}