{"id":51793,"date":"2023-01-28T14:02:38","date_gmt":"2023-01-28T13:02:38","guid":{"rendered":"https:\/\/ak47.nu\/produkt\/kolser-mini-full-rustning-22-cm\/"},"modified":"2025-08-21T10:38:43","modified_gmt":"2025-08-21T08:38:43","slug":"kolser-mini-armure-complete-22-cm-2","status":"publish","type":"product","link":"https:\/\/ak47.nu\/fr\/produit\/repliques\/replique-darmes-de-guerre\/kolser-mini-armure-complete-22-cm-2\/","title":{"rendered":"Kolser Mini Armure Compl\u00e8te 22 cm | D\u00e9corative"},"content":{"rendered":"<h1>Kolser - Mini - Armure Compl\u00e8te 22 cm<\/h1>\n<h2>Armure D\u00e9corative du XVIe Si\u00e8cle<\/h2>\n<p><strong>Armor S.XVI<\/strong><\/p>\n<p>Cette armure d\u00e9corative du XVIe si\u00e8cle de Kolser est fabriqu\u00e9e en m\u00e9tal avec une finition vieillie qui rehausse son aspect r\u00e9aliste. Mesurant 22 cm de hauteur, elle est parfaite pour ajouter une touche historique \u00e0 votre maison ou \u00e0 votre bureau. L'armure est une repr\u00e9sentation d\u00e9taill\u00e9e d'une armure compl\u00e8te des ann\u00e9es 1500, ce qui en fait une d\u00e9coration int\u00e9ressante et unique.<\/p>\n<p>Placez cette mini armure compl\u00e8te sur une \u00e9tag\u00e8re, un bureau ou dans une vitrine pour susciter la conversation et montrer votre appr\u00e9ciation de l'histoire et de l'artisanat. La finition vieillie conf\u00e8re \u00e0 l'armure un aspect authentique, comme si elle avait \u00e9t\u00e9 tir\u00e9e directement d'une \u00e9poque r\u00e9volue. D\u00e9couvrez d'autres <a href=\"https:\/\/ak47.nu\/fr\/butik\/\">objets de d\u00e9coration historiques<\/a> dans notre gamme. Visitez notre <a href=\"https:\/\/ak47.nu\/fr\/repliques\/replique-darmes-de-guerre\/\">cat\u00e9gorie de d\u00e9coration int\u00e9rieure<\/a> pour trouver d'autres articles uniques pour votre maison ou visitez notre <a href=\"https:\/\/ak47.nu\/fr\/\">page d'accueil<\/a> pour voir toute notre s\u00e9lection.<\/p>","protected":false},"excerpt":{"rendered":"<p>K\u00f6p en imponerande kolser i mini-storlek med full rustning, endast 22 cm l\u00e5ng. Perfekt f\u00f6r samlare och entusiaster. Best\u00e4ll nu och f\u00e5 en unik och autentisk dekoration f\u00f6r ditt hem eller kontor.<\/p>","protected":false},"featured_media":51785,"template":"","meta":[],"product_brand":[],"product_cat":[448,441],"product_tag":[],"class_list":{"0":"post-51793","1":"product","2":"type-product","3":"status-publish","4":"has-post-thumbnail","6":"product_cat-ovriga-vapen-replikor","7":"product_cat-replikor","8":"pa_brand-kolser","10":"first","11":"instock","12":"sale","13":"taxable","14":"shipping-taxable","15":"purchasable","16":"product-type-simple"},"_links":{"self":[{"href":"https:\/\/ak47.nu\/fr\/wp-json\/wp\/v2\/product\/51793","targetHints":{"allow":["GET"]}}],"collection":[{"href":"https:\/\/ak47.nu\/fr\/wp-json\/wp\/v2\/product"}],"about":[{"href":"https:\/\/ak47.nu\/fr\/wp-json\/wp\/v2\/types\/product"}],"wp:featuredmedia":[{"embeddable":true,"href":"https:\/\/ak47.nu\/fr\/wp-json\/wp\/v2\/media\/51785"}],"wp:attachment":[{"href":"https:\/\/ak47.nu\/fr\/wp-json\/wp\/v2\/media?parent=51793"}],"wp:term":[{"taxonomy":"product_brand","embeddable":true,"href":"https:\/\/ak47.nu\/fr\/wp-json\/wp\/v2\/product_brand?post=51793"},{"taxonomy":"product_cat","embeddable":true,"href":"https:\/\/ak47.nu\/fr\/wp-json\/wp\/v2\/product_cat?post=51793"},{"taxonomy":"product_tag","embeddable":true,"href":"https:\/\/ak47.nu\/fr\/wp-json\/wp\/v2\/product_tag?post=51793"}],"curies":[{"name":"wp","href":"https:\/\/api.w.org\/{rel}","templated":true}]}}