{"id":51930,"date":"2023-01-28T14:03:56","date_gmt":"2023-01-28T13:03:56","guid":{"rendered":"https:\/\/ak47.nu\/produkt\/kolser-replika-krutflaska-5\/"},"modified":"2026-01-07T14:26:29","modified_gmt":"2026-01-07T13:26:29","slug":"kolser-replique-poire-a-poudre-peurasow-powderbox","status":"publish","type":"product","link":"https:\/\/ak47.nu\/fr\/produit\/repliques\/replique-darmes-de-guerre\/kolser-replique-poire-a-poudre-peurasow-powderbox\/","title":{"rendered":"Kolser R\u00e9plique Poire \u00e0 Poudre - Peurasow Powderbox"},"content":{"rendered":"<h1>Kolser - R\u00e9plique - Poire \u00e0 Poudre<\/h1>\n<h2>R\u00e9plique Peurasow Powderbox<\/h2>\n<p>Cette bo\u00eete \u00e0 poudre paon avec finition m\u00e9tallique est fabriqu\u00e9e par Kolser avec une partie de 20,5 centim\u00e8tres. C'est une pi\u00e8ce unique. Enti\u00e8rement en m\u00e9tal, il est \u00e9galement enti\u00e8rement fonctionnel, donnant une exp\u00e9rience et le sentiment d'\u00eatre son propri\u00e9taire qui doit le porter. Auparavant, les poubelles \u00e9taient faites de bois de cerf, \u00e0 cette occasion et voulaient donner une plus grande durabilit\u00e9 \u00e0 la pi\u00e8ce exclusive, il s'agit de penser \u00e0 la conservation dans le temps et de s'assurer qu'il s'agit de durabilit\u00e9, en plus du fait que le mat\u00e9riau utilis\u00e9 conf\u00e8re une r\u00e9sistance \u00e0 la pi\u00e8ce. Il est id\u00e9al \u00e0 compl\u00e9ter pour les collections et il est plus que parfait pour que vous compl\u00e9tiez votre collection avec ce bel accessoire.<\/p>\n<p><b>Sp\u00e9cifications:<\/b><\/p>\n<ul>\n <li>Dimensions: 20,5 cm<\/li>\n <li>Mat\u00e9riau: M\u00e9tal<\/li>\n <li>Utilisation: Pour la d\u00e9coration seulement<\/li>\n<\/ul>\n<p>Veuillez noter que cette <a href=\"https:\/\/ak47.nu\/fr\/butik\/\">poire \u00e0 poudre<\/a> n'est pas fonctionnelle et est destin\u00e9e uniquement \u00e0 des fins d\u00e9coratives. Cette <a href=\"https:\/\/ak47.nu\/fr\/repliques\/replique-darmes-de-guerre\/\">r\u00e9plique<\/a> est id\u00e9ale pour les collectionneurs et ceux qui cherchent \u00e0 ajouter une touche unique \u00e0 leur collection. Compl\u00e9tez votre collection avec ce magnifique accessoire de <a href=\"https:\/\/ak47.nu\/fr\/\">Kolser<\/a>!<\/p>","protected":false},"excerpt":{"rendered":"<p>K\u00f6p kolser replika krutflaska online &#8211; H\u00f6gkvalitativa kolser replikor till f\u00f6rs\u00e4ljning. Utforska v\u00e5rt breda sortiment av kolser replikor och hitta den perfekta krutflaskan f\u00f6r dina behov. Best\u00e4ll nu och f\u00e5 snabb leverans till din d\u00f6rr.<\/p>","protected":false},"featured_media":51922,"template":"","meta":[],"product_brand":[],"product_cat":[448],"product_tag":[],"class_list":{"0":"post-51930","1":"product","2":"type-product","3":"status-publish","4":"has-post-thumbnail","6":"product_cat-ovriga-vapen-replikor","7":"pa_brand-kolser","8":"pa_farg-svart","10":"first","11":"outofstock","12":"sale","13":"taxable","14":"shipping-taxable","15":"purchasable","16":"product-type-simple"},"_links":{"self":[{"href":"https:\/\/ak47.nu\/fr\/wp-json\/wp\/v2\/product\/51930","targetHints":{"allow":["GET"]}}],"collection":[{"href":"https:\/\/ak47.nu\/fr\/wp-json\/wp\/v2\/product"}],"about":[{"href":"https:\/\/ak47.nu\/fr\/wp-json\/wp\/v2\/types\/product"}],"wp:featuredmedia":[{"embeddable":true,"href":"https:\/\/ak47.nu\/fr\/wp-json\/wp\/v2\/media\/51922"}],"wp:attachment":[{"href":"https:\/\/ak47.nu\/fr\/wp-json\/wp\/v2\/media?parent=51930"}],"wp:term":[{"taxonomy":"product_brand","embeddable":true,"href":"https:\/\/ak47.nu\/fr\/wp-json\/wp\/v2\/product_brand?post=51930"},{"taxonomy":"product_cat","embeddable":true,"href":"https:\/\/ak47.nu\/fr\/wp-json\/wp\/v2\/product_cat?post=51930"},{"taxonomy":"product_tag","embeddable":true,"href":"https:\/\/ak47.nu\/fr\/wp-json\/wp\/v2\/product_tag?post=51930"}],"curies":[{"name":"wp","href":"https:\/\/api.w.org\/{rel}","templated":true}]}}