{"id":51944,"date":"2023-01-28T14:04:02","date_gmt":"2023-01-28T13:04:02","guid":{"rendered":"https:\/\/ak47.nu\/produkt\/kolser-replika-ottomansk-pistol-yxa\/"},"modified":"2025-12-17T11:56:27","modified_gmt":"2025-12-17T10:56:27","slug":"kolser-replique-hache-pistolet-ottoman-2","status":"publish","type":"product","link":"https:\/\/ak47.nu\/fr\/produit\/repliques\/replique-darmes-de-guerre\/kolser-replique-hache-pistolet-ottoman-2\/","title":{"rendered":"Kolser R\u00e9plique Hache-Pistolet Ottoman"},"content":{"rendered":"<h1>Kolser R\u00e9plique Hache-Pistolet Ottoman<\/h1>\n<h2>R\u00e9plique Authentique d'une Hache-Pistolet Ottomane<\/h2>\n<p>La Kolser - R\u00e9plique de Hache-Pistolet Ottomane est une reproduction fid\u00e8le de l'une des meilleures armes d\u00e9fensives de l'Empire Ottoman. Cette magnifique hache ottomane est fabriqu\u00e9e par Kolser et est enti\u00e8rement faite de m\u00e9tal. Cette r\u00e9plique de hache-pistolet recr\u00e9e le design historique avec pr\u00e9cision. Le manche mesure 40 cm.<\/p>\n<h3>D\u00e9tails et Design<\/h3>\n<p>La hache pr\u00e9sente une t\u00eate incurv\u00e9e et est enti\u00e8rement grav\u00e9e, pr\u00e9servant le type d'art utilis\u00e9 dans l'empire. Sa poign\u00e9e se distingue \u00e9galement par sa belle sculpture et une prise en maille sp\u00e9ciale qui d\u00e9passe de la poign\u00e9e, facilitant son utilisation.<\/p>\n<ul>\n <li><strong>R\u00e9plique Authentique :<\/strong> Reconstitu\u00e9e m\u00e9ticuleusement \u00e0 partir d'originaux historiques.<\/li>\n <li><strong>Mat\u00e9riau :<\/strong> Enti\u00e8rement fabriqu\u00e9e en m\u00e9tal pour la durabilit\u00e9 et l'authenticit\u00e9.<\/li>\n <li><strong>Design :<\/strong> T\u00eate incurv\u00e9e et gravures d\u00e9taill\u00e9es refl\u00e9tant l'art ottoman.<\/li>\n <li><strong>Manche :<\/strong> Magnifiquement sculpt\u00e9 avec une prise en maille pour une meilleure maniabilit\u00e9.<\/li>\n<\/ul>\n<p>Explorez notre s\u00e9lection d'<a href=\"https:\/\/ak47.nu\/fr\/butik\/\">armes r\u00e9pliques<\/a> pour trouver d'autres objets historiques. Visitez notre <a href=\"https:\/\/ak47.nu\/fr\/repliques\/replique-darmes-de-guerre\/\">page de cat\u00e9gorie des r\u00e9pliques<\/a> pour voir notre gamme compl\u00e8te. Pour plus d'informations sur Kolser et nos produits, visitez notre <a href=\"https:\/\/ak47.nu\/fr\/\">page d'accueil<\/a>.<\/p>","protected":false},"excerpt":{"rendered":"<p>K\u00f6p en h\u00f6gkvalitativ replika av en kolser ottomansk pistol yxa online. Utforska v\u00e5rt utbud av autentiska och detaljerade kolser replikor till fantastiska priser. Best\u00e4ll idag och njut av en unik historisk upplevelse!<\/p>","protected":false},"featured_media":51936,"template":"","meta":[],"product_brand":[],"product_cat":[448],"product_tag":[],"class_list":{"0":"post-51944","1":"product","2":"type-product","3":"status-publish","4":"has-post-thumbnail","6":"product_cat-ovriga-vapen-replikor","7":"pa_brand-kolser","8":"pa_farg-guld","10":"first","11":"onbackorder","12":"sale","13":"taxable","14":"shipping-taxable","15":"purchasable","16":"product-type-simple"},"_links":{"self":[{"href":"https:\/\/ak47.nu\/fr\/wp-json\/wp\/v2\/product\/51944","targetHints":{"allow":["GET"]}}],"collection":[{"href":"https:\/\/ak47.nu\/fr\/wp-json\/wp\/v2\/product"}],"about":[{"href":"https:\/\/ak47.nu\/fr\/wp-json\/wp\/v2\/types\/product"}],"wp:featuredmedia":[{"embeddable":true,"href":"https:\/\/ak47.nu\/fr\/wp-json\/wp\/v2\/media\/51936"}],"wp:attachment":[{"href":"https:\/\/ak47.nu\/fr\/wp-json\/wp\/v2\/media?parent=51944"}],"wp:term":[{"taxonomy":"product_brand","embeddable":true,"href":"https:\/\/ak47.nu\/fr\/wp-json\/wp\/v2\/product_brand?post=51944"},{"taxonomy":"product_cat","embeddable":true,"href":"https:\/\/ak47.nu\/fr\/wp-json\/wp\/v2\/product_cat?post=51944"},{"taxonomy":"product_tag","embeddable":true,"href":"https:\/\/ak47.nu\/fr\/wp-json\/wp\/v2\/product_tag?post=51944"}],"curies":[{"name":"wp","href":"https:\/\/api.w.org\/{rel}","templated":true}]}}