{"id":52340,"date":"2023-02-14T12:28:26","date_gmt":"2023-02-14T11:28:26","guid":{"rendered":"https:\/\/ak47.nu\/produkt\/kolser-winchester-replika-patron-4-cm\/"},"modified":"2026-04-10T17:37:39","modified_gmt":"2026-04-10T15:37:39","slug":"kolser-winchester-replique-cartouche-calibre-44","status":"publish","type":"product","link":"https:\/\/ak47.nu\/fr\/produit\/repliques\/gevar-replikor\/kolser-winchester-replique-cartouche-calibre-44\/","title":{"rendered":"Kolser - Winchester R\u00e9plique Cartouche Calibre .44"},"content":{"rendered":"<h1>Kolser - Winchester R\u00e9plique Cartouche Calibre .44<\/h1>\n<h2>Cartouche de r\u00e9plique pour fusils Winchester<\/h2>\n<p>Cette cartouche de r\u00e9plique Kolser 47-1041 est sp\u00e9cialement con\u00e7ue pour les fusils de r\u00e9plique Winchester de Kolser en calibre .44. Parfait pour augmenter le r\u00e9alisme et l'exp\u00e9rience de votre fusil de r\u00e9plique. La cartouche est adapt\u00e9e pour une utilisation avec des amorces jouets, o\u00f9 les amorces jouets (12 anneaux) s'ins\u00e8rent parfaitement dans ces cartouches. <a href=\"https:\/\/ak47.nu\/fr\/\">Cliquez ici pour voir notre gamme compl\u00e8te<\/a>.<\/p>\n\n<h3>Utilisation avec des amorces jouets<\/h3>\n<p>Les cartouches sont con\u00e7ues pour \u00eatre utilis\u00e9es avec des amorces jouets, offrant un bang et une fum\u00e9e authentiques lors du tir. Cela augmente le r\u00e9alisme et rend l'exp\u00e9rience encore plus engageante. Compl\u00e9tez votre <a href=\"https:\/\/ak47.nu\/fr\/butik\/\">fusil de r\u00e9plique Winchester<\/a> avec ces cartouches pour un effet maximal.<\/p>\n\n<h3>Compatibilit\u00e9<\/h3>\n<p>Cette cartouche convient \u00e0 la s\u00e9rie X de fusils de r\u00e9plique Winchester de Kolser, qui sont sp\u00e9cialement con\u00e7us pour \u00eatre utilis\u00e9s avec des cartouches de r\u00e9plique. Assurez-vous que votre fusil est compatible avec ces cartouches pour une fonction et une exp\u00e9rience optimales. Kolser propose des r\u00e9pliques et des accessoires de haute qualit\u00e9 pour les collectionneurs et les passionn\u00e9s. Si vous recherchez d'autres <a href=\"https:\/\/ak47.nu\/fr\/repliques\/gevar-replikor\/\">accessoires d'armes de r\u00e9plique<\/a>, consultez notre large gamme.<\/p>\n\n<ul>\n <li><strong>Produit :<\/strong> Cartouche de r\u00e9plique<\/li>\n <li><strong>Fabricant :<\/strong> Kolser<\/li>\n <li><strong>Num\u00e9ro de mod\u00e8le :<\/strong> 47-1041<\/li>\n <li><strong>Calibre :<\/strong> .44<\/li>\n <li><strong>Compatibilit\u00e9 :<\/strong> S\u00e9rie X de fusils de r\u00e9plique Winchester de Kolser<\/li>\n <li><strong>Utilisation :<\/strong> Adapt\u00e9 pour les amorces jouets (12 anneaux)<\/li>\n<\/ul>","protected":false},"excerpt":{"rendered":"<p>Hitta h\u00f6gkvalitativa Winchester replika patroner f\u00f6r kolser p\u00e5 4 CM. Utforska v\u00e5rt sortiment av kolser och hitta de b\u00e4sta Winchester replikapatronerna f\u00f6r dina behov.<\/p>","protected":false},"featured_media":52336,"template":"","meta":[],"product_brand":[],"product_cat":[446],"product_tag":[],"class_list":{"0":"post-52340","1":"product","2":"type-product","3":"status-publish","4":"has-post-thumbnail","6":"product_cat-gevar-replikor","7":"pa_brand-kolser","8":"pa_farg-brons","10":"first","11":"instock","12":"sale","13":"featured","14":"taxable","15":"shipping-taxable","16":"purchasable","17":"product-type-simple"},"_links":{"self":[{"href":"https:\/\/ak47.nu\/fr\/wp-json\/wp\/v2\/product\/52340","targetHints":{"allow":["GET"]}}],"collection":[{"href":"https:\/\/ak47.nu\/fr\/wp-json\/wp\/v2\/product"}],"about":[{"href":"https:\/\/ak47.nu\/fr\/wp-json\/wp\/v2\/types\/product"}],"wp:featuredmedia":[{"embeddable":true,"href":"https:\/\/ak47.nu\/fr\/wp-json\/wp\/v2\/media\/52336"}],"wp:attachment":[{"href":"https:\/\/ak47.nu\/fr\/wp-json\/wp\/v2\/media?parent=52340"}],"wp:term":[{"taxonomy":"product_brand","embeddable":true,"href":"https:\/\/ak47.nu\/fr\/wp-json\/wp\/v2\/product_brand?post=52340"},{"taxonomy":"product_cat","embeddable":true,"href":"https:\/\/ak47.nu\/fr\/wp-json\/wp\/v2\/product_cat?post=52340"},{"taxonomy":"product_tag","embeddable":true,"href":"https:\/\/ak47.nu\/fr\/wp-json\/wp\/v2\/product_tag?post=52340"}],"curies":[{"name":"wp","href":"https:\/\/api.w.org\/{rel}","templated":true}]}}