{"id":52790,"date":"2023-04-05T08:47:37","date_gmt":"2023-04-05T06:47:37","guid":{"rendered":"https:\/\/ak47.nu\/produkt\/brevoppnare-xl-charlamagne-massing\/"},"modified":"2025-12-03T22:38:51","modified_gmt":"2025-12-03T21:38:51","slug":"ouvre-lettre-xl-charlemagne-laiton","status":"publish","type":"product","link":"https:\/\/ak47.nu\/fr\/produit\/repliques\/replique-darmes-de-guerre\/ouvre-lettre-xl-charlemagne-laiton\/","title":{"rendered":"Ouvre-lettre XL - Charlemagne Laiton | Kolser"},"content":{"rendered":"<h1>Ouvre-lettre XL - Charlemagne Laiton<\/h1>\n<h2>R\u00e9plique spectaculaire de l'\u00e9p\u00e9e c\u00e9r\u00e9monielle de Charlemagne<\/h2>\n<p>Cette r\u00e9plique spectaculaire de l'\u00e9p\u00e9e c\u00e9r\u00e9monielle de Charlemagne est un must pour votre collection. Tout comme l'histoire de la Chanson de Roland le dit : \"Il n'y a jamais eu son \u00e9gal\", ce fantastique bijou est fait de m\u00e9tal et mesure 44 cm x 8,5 cm.<\/p>\n<h3>D\u00e9tails de l'ouvre-lettre :<\/h3>\n<ul>\n <li><strong>Design :<\/strong> Une belle r\u00e9plique de l'\u00e9p\u00e9e c\u00e9r\u00e9monielle de Charlemagne.<\/li>\n <li><strong>Mat\u00e9riau :<\/strong> M\u00e9tal.<\/li>\n <li><strong>Taille :<\/strong> 44 cm x 8,5 cm.<\/li>\n <li><strong>Pommeau :<\/strong> D\u00e9cor\u00e9 de la m\u00eame mani\u00e8re que le bijou de l'empereur.<\/li>\n <li><strong>Manche :<\/strong> Entrelac\u00e9 de deux dragons et d'une fleur de lys dans sa partie centrale.<\/li>\n <li><strong>Quillon :<\/strong> Orn\u00e9 de d\u00e9tails.<\/li>\n<\/ul>\n\n<p>Kolser a cr\u00e9\u00e9 cette \u00e9p\u00e9e c\u00e9r\u00e9monielle avec une grande attention aux d\u00e9tails, ce qui en fait un ouvre-lettre fantastique et un objet de collection unique. Procurez-vous votre <a href=\"https:\/\/ak47.nu\/fr\/butik\/\">ouvre-lettre de collection<\/a> d\u00e8s aujourd'hui. Explorez notre large gamme de <a href=\"https:\/\/ak47.nu\/fr\/repliques\/replique-darmes-de-guerre\/\">r\u00e9pliques historiques<\/a> et ne manquez pas cet ajout unique \u00e0 votre collection. Visitez <a href=\"https:\/\/ak47.nu\/fr\/\">notre site web<\/a> pour d\u00e9couvrir d'autres produits \u00e9tonnants.<\/p>","protected":false},"excerpt":{"rendered":"<p>K\u00f6p den eleganta och praktiska brev\u00f6ppnaren XL &#8211; Charlamagne m\u00e4ssing idag. Perfekt f\u00f6r att \u00f6ppna dina brev smidigt och med stil. Best\u00e4ll nu och f\u00e5 snabb leverans.<\/p>","protected":false},"featured_media":52786,"template":"","meta":[],"product_brand":[],"product_cat":[448],"product_tag":[],"class_list":{"0":"post-52790","1":"product","2":"type-product","3":"status-publish","4":"has-post-thumbnail","6":"product_cat-ovriga-vapen-replikor","7":"pa_brand-kolser","9":"first","10":"instock","11":"sale","12":"taxable","13":"shipping-taxable","14":"purchasable","15":"product-type-simple"},"_links":{"self":[{"href":"https:\/\/ak47.nu\/fr\/wp-json\/wp\/v2\/product\/52790","targetHints":{"allow":["GET"]}}],"collection":[{"href":"https:\/\/ak47.nu\/fr\/wp-json\/wp\/v2\/product"}],"about":[{"href":"https:\/\/ak47.nu\/fr\/wp-json\/wp\/v2\/types\/product"}],"wp:featuredmedia":[{"embeddable":true,"href":"https:\/\/ak47.nu\/fr\/wp-json\/wp\/v2\/media\/52786"}],"wp:attachment":[{"href":"https:\/\/ak47.nu\/fr\/wp-json\/wp\/v2\/media?parent=52790"}],"wp:term":[{"taxonomy":"product_brand","embeddable":true,"href":"https:\/\/ak47.nu\/fr\/wp-json\/wp\/v2\/product_brand?post=52790"},{"taxonomy":"product_cat","embeddable":true,"href":"https:\/\/ak47.nu\/fr\/wp-json\/wp\/v2\/product_cat?post=52790"},{"taxonomy":"product_tag","embeddable":true,"href":"https:\/\/ak47.nu\/fr\/wp-json\/wp\/v2\/product_tag?post=52790"}],"curies":[{"name":"wp","href":"https:\/\/api.w.org\/{rel}","templated":true}]}}