{"id":52831,"date":"2023-04-05T08:47:52","date_gmt":"2023-04-05T06:47:52","guid":{"rendered":"https:\/\/ak47.nu\/produkt\/brevoppnare-granada-kniv-m-slida\/"},"modified":"2026-02-17T13:55:00","modified_gmt":"2026-02-17T12:55:00","slug":"ouvre-lettre-couteau-grenade","status":"publish","type":"product","link":"https:\/\/ak47.nu\/fr\/produit\/repliques\/replique-darmes-de-guerre\/ouvre-lettre-couteau-grenade\/","title":{"rendered":"Ouvre-Lettre Couteau Grenade | Kolser"},"content":{"rendered":"<h1>Ouvre-Lettre - Couteau Grenade<\/h1>\n<h2>Ouvre-Lettre Dague Grenade de Kolser<\/h2>\n<p>Cette magnifique dague, l'ouvre-lettre Dague Grenade, est une r\u00e9plique d'une dague de Grenade fabriqu\u00e9e par Kolser. Inspir\u00e9e par les tr\u00e9sors du Royaume de Grenade, cette dague pr\u00e9sente des cristaux incrust\u00e9s repr\u00e9sentant des pierres pr\u00e9cieuses, lui donnant un charme merveilleux qui fait ressortir son incroyable valeur.<\/p>\n<h3>D\u00e9tails et Design<\/h3>\n<p>L'ouvre-lettre comporte une garde avec une grande pierre ressemblant \u00e0 un rubis et des quillons ferm\u00e9s qui embrassent la lame. Son manche est enti\u00e8rement grav\u00e9 jusqu'\u00e0 son pommeau ovale, renfor\u00e7ant ainsi son aspect authentique.<\/p>\n<ul>\n <li><strong>Design Authentique :<\/strong> La r\u00e9plique d'une dague de Grenade apporte une touche historique.<\/li>\n <li><strong>Cristaux Incrust\u00e9s :<\/strong> Repr\u00e9sentent des pierres pr\u00e9cieuses, renfor\u00e7ant le charme.<\/li>\n <li><strong>Pierre Ressemblant \u00e0 un Rubis :<\/strong> Garde orn\u00e9e d'une grande pierre ressemblant \u00e0 un rubis.<\/li>\n <li><strong>Manche Grav\u00e9 :<\/strong> Manche enti\u00e8rement grav\u00e9 jusqu'au pommeau ovale.<\/li>\n<\/ul>\n<h3>Dimensions<\/h3>\n<p>Avec des dimensions de 27 cm x 8 cm et 27x5 cm, cet ouvre-lettre constitue un ajout \u00e9l\u00e9gant \u00e0 tout bureau ou collection.<\/p>\n\n<p>Explorez davantage d'ouvre-lettres uniques et d'<a href=\"https:\/\/ak47.nu\/fr\/butik\/\">objets de collection<\/a> dans notre boutique. Visitez notre <a href=\"https:\/\/ak47.nu\/fr\/repliques\/replique-darmes-de-guerre\/\">cat\u00e9gorie de d\u00e9coration int\u00e9rieure<\/a> pour trouver d'autres produits qui compl\u00e8tent votre style, ou visitez notre <a href=\"https:\/\/ak47.nu\/fr\/\">page d'accueil<\/a> pour consulter toute notre gamme.<\/p>","protected":false},"excerpt":{"rendered":"<p>Hitta den b\u00e4sta brev\u00f6ppnaren &#8211; Granada kniv f\u00f6r smidig och effektiv posthantering. Uppt\u00e4ck det perfekta verktyget f\u00f6r att \u00f6ppna brev snabbt och enkelt.<\/p>","protected":false},"featured_media":52827,"template":"","meta":[],"product_brand":[],"product_cat":[448],"product_tag":[],"class_list":{"0":"post-52831","1":"product","2":"type-product","3":"status-publish","4":"has-post-thumbnail","6":"product_cat-ovriga-vapen-replikor","7":"pa_brand-kolser","9":"first","10":"onbackorder","11":"sale","12":"taxable","13":"shipping-taxable","14":"purchasable","15":"product-type-simple"},"_links":{"self":[{"href":"https:\/\/ak47.nu\/fr\/wp-json\/wp\/v2\/product\/52831","targetHints":{"allow":["GET"]}}],"collection":[{"href":"https:\/\/ak47.nu\/fr\/wp-json\/wp\/v2\/product"}],"about":[{"href":"https:\/\/ak47.nu\/fr\/wp-json\/wp\/v2\/types\/product"}],"wp:featuredmedia":[{"embeddable":true,"href":"https:\/\/ak47.nu\/fr\/wp-json\/wp\/v2\/media\/52827"}],"wp:attachment":[{"href":"https:\/\/ak47.nu\/fr\/wp-json\/wp\/v2\/media?parent=52831"}],"wp:term":[{"taxonomy":"product_brand","embeddable":true,"href":"https:\/\/ak47.nu\/fr\/wp-json\/wp\/v2\/product_brand?post=52831"},{"taxonomy":"product_cat","embeddable":true,"href":"https:\/\/ak47.nu\/fr\/wp-json\/wp\/v2\/product_cat?post=52831"},{"taxonomy":"product_tag","embeddable":true,"href":"https:\/\/ak47.nu\/fr\/wp-json\/wp\/v2\/product_tag?post=52831"}],"curies":[{"name":"wp","href":"https:\/\/api.w.org\/{rel}","templated":true}]}}