{"id":52836,"date":"2023-04-05T08:47:53","date_gmt":"2023-04-05T06:47:53","guid":{"rendered":"https:\/\/ak47.nu\/produkt\/brevoppnare-segovian-kniv-m-slida\/"},"modified":"2026-04-04T14:17:32","modified_gmt":"2026-04-04T12:17:32","slug":"ouvre-lettre-couteau-segovien","status":"publish","type":"product","link":"https:\/\/ak47.nu\/fr\/produit\/repliques\/replique-darmes-de-guerre\/ouvre-lettre-couteau-segovien\/","title":{"rendered":"Ouvre-lettre Couteau S\u00e9govien | Kolser"},"content":{"rendered":"<h1>Ouvre-lettre - Couteau S\u00e9govien<\/h1>\n<h2>Ouvre-lettre Dague S\u00e9govienne<\/h2>\n<p>De la m\u00eame mani\u00e8re que les \u00e9glises romanes emplissent la ville de S\u00e9govie, Kolser a cherch\u00e9 \u00e0 mettre en valeur l'un des joyaux du roi Alphonse VI, en r\u00e9alisant cette copie majestueuse d'une dague s\u00e9govienne de 27 cm x 5 cm.<\/p>\n<p>Cet <a href=\"https:\/\/ak47.nu\/fr\/repliques\/replique-darmes-de-guerre\/\">ouvre-lettre<\/a> d\u00e9taill\u00e9 rend hommage \u00e0 la riche histoire et \u00e0 l'architecture de S\u00e9govie. Son design refl\u00e8te m\u00e9ticuleusement les caract\u00e9ristiques d'une dague s\u00e9govienne, ce qui en fait un ajout unique et \u00e9l\u00e9gant \u00e0 tout bureau. Parfait pour ouvrir les lettres avec style et finesse, tout en servant de belle d\u00e9coration. D\u00e9couvrez d'autres produits uniques dans notre <a href=\"https:\/\/ak47.nu\/fr\/butik\/\">gamme<\/a> exclusive qui allie fonctionnalit\u00e9 et design artistique.<\/p>\n<p> Avec une dimension de 27 x 5 cm, cet ouvre-lettre est \u00e0 la fois pratique et attrayant. Il est id\u00e9al comme cadeau exclusif ou comme d\u00e9tail sp\u00e9cial dans votre propre maison. Visitez notre <a href=\"https:\/\/ak47.nu\/fr\/\">site web<\/a> pour voir toute notre gamme.<\/p>\n<ul>\n <li>Taille: 27x5 cm<\/li>\n<\/ul>","protected":false},"excerpt":{"rendered":"<p>Uppt\u00e4ck den eleganta och funktionella Segovian kniven, den perfekta brev\u00f6ppnaren f\u00f6r att g\u00f6ra ditt arbete enklare och mer effektivt. Med sitt stilrena design och skarpa blad garanterar denna kniv en smidig och precisionsfull \u00f6ppning av alla brev. Best\u00e4ll din Segovian kniv idag och f\u00e5 en f\u00f6rstklassig produkt som kombinerar kvalitet och anv\u00e4ndarv\u00e4nlighet.<\/p>","protected":false},"featured_media":52832,"template":"","meta":[],"product_brand":[],"product_cat":[448],"product_tag":[],"class_list":{"0":"post-52836","1":"product","2":"type-product","3":"status-publish","4":"has-post-thumbnail","6":"product_cat-ovriga-vapen-replikor","7":"pa_brand-kolser","9":"first","10":"onbackorder","11":"sale","12":"taxable","13":"shipping-taxable","14":"purchasable","15":"product-type-simple"},"_links":{"self":[{"href":"https:\/\/ak47.nu\/fr\/wp-json\/wp\/v2\/product\/52836","targetHints":{"allow":["GET"]}}],"collection":[{"href":"https:\/\/ak47.nu\/fr\/wp-json\/wp\/v2\/product"}],"about":[{"href":"https:\/\/ak47.nu\/fr\/wp-json\/wp\/v2\/types\/product"}],"wp:featuredmedia":[{"embeddable":true,"href":"https:\/\/ak47.nu\/fr\/wp-json\/wp\/v2\/media\/52832"}],"wp:attachment":[{"href":"https:\/\/ak47.nu\/fr\/wp-json\/wp\/v2\/media?parent=52836"}],"wp:term":[{"taxonomy":"product_brand","embeddable":true,"href":"https:\/\/ak47.nu\/fr\/wp-json\/wp\/v2\/product_brand?post=52836"},{"taxonomy":"product_cat","embeddable":true,"href":"https:\/\/ak47.nu\/fr\/wp-json\/wp\/v2\/product_cat?post=52836"},{"taxonomy":"product_tag","embeddable":true,"href":"https:\/\/ak47.nu\/fr\/wp-json\/wp\/v2\/product_tag?post=52836"}],"curies":[{"name":"wp","href":"https:\/\/api.w.org\/{rel}","templated":true}]}}