{"id":52881,"date":"2023-04-05T08:48:21","date_gmt":"2023-04-05T06:48:21","guid":{"rendered":"https:\/\/ak47.nu\/produkt\/brevoppnare-italiensk-dolk\/"},"modified":"2026-04-13T16:15:47","modified_gmt":"2026-04-13T14:15:47","slug":"ouvre-lettre-dague-italienne","status":"publish","type":"product","link":"https:\/\/ak47.nu\/fr\/produit\/repliques\/replique-darmes-de-guerre\/ouvre-lettre-dague-italienne\/","title":{"rendered":"Ouvre-Lettre Dague Italienne | Kolser"},"content":{"rendered":"<h1>Ouvre-Lettre - Dague Italienne<\/h1>\n<h2>Ouvre-lettre dague italienne de Kolser<\/h2>\n<p>De Caelus lui-m\u00eame, Kolser pr\u00e9sente cette r\u00e9plique d'une dague italienne, inspir\u00e9e de celles trouv\u00e9es en Europe du Sud aux XIIe et XIIIe si\u00e8cles. Cet ouvre-lettre unique combine un design historique avec un savoir-faire \u00e9l\u00e9gant, ce qui en fait un ajout parfait \u00e0 tout bureau ou collection. <a href=\"https:\/\/ak47.nu\/fr\/\">Explorez notre gamme<\/a> d'ouvre-lettres uniques et de r\u00e9pliques historiques d\u00e8s aujourd'hui.<\/p>\n<h3>Conception d\u00e9taill\u00e9e<\/h3>\n<p>Cet ouvre-lettre est orn\u00e9 de gravures du dieu Jupiter sur la poign\u00e9e et du visage de la Gorgone sur la lame, ce qui lui conf\u00e8re un aspect distinctif et accrocheur. Chaque d\u00e9tail est m\u00e9ticuleusement recr\u00e9\u00e9 pour ressembler aux dagues originales du Moyen \u00c2ge. Obtenez votre propre morceau d'histoire et <a href=\"https:\/\/ak47.nu\/fr\/repliques\/replique-darmes-de-guerre\/\">ajoutez une touche d'\u00e9l\u00e9gance \u00e0 votre vie quotidienne<\/a>.<\/p>\n<h3>Enti\u00e8rement fabriqu\u00e9 en m\u00e9tal<\/h3>\n<p>Mesurant 22,5 cm de longueur, cet ouvre-lettre en forme de dague est enti\u00e8rement fabriqu\u00e9 en m\u00e9tal, ce qui garantit durabilit\u00e9 et une sensation authentique. Sa construction robuste le rend \u00e0 la fois fonctionnel et d\u00e9coratif. Parfait comme cadeau ou comme objet de collection. <a href=\"https:\/\/ak47.nu\/fr\/butik\/\">D\u00e9couvrez d'autres objets m\u00e9talliques uniques<\/a> dans notre boutique.<\/p>\n<ul>\n  <li><strong>Mat\u00e9riau :<\/strong> M\u00e9tal<\/li>\n  <li><strong>Longueur :<\/strong> 22,5 cm<\/li>\n  <li><strong>Conception :<\/strong> R\u00e9pliques de dagues italiennes des XIIe et XIIIe si\u00e8cles<\/li>\n  <li><strong>D\u00e9coration :<\/strong> Jupiter grav\u00e9 sur la poign\u00e9e, Gorgone grav\u00e9e sur la lame<\/li>\n<\/ul>","protected":false},"excerpt":{"rendered":"<p>K\u00f6p en exklusiv italiensk dolk som \u00e4ven fungerar som brev\u00f6ppnare. Utforska v\u00e5rt sortiment av h\u00f6gkvalitativa brev\u00f6ppnare med italiensk design och hantverk. Skaffa en stilren och praktisk dolk som inte bara kommer att g\u00f6ra det enkelt att \u00f6ppna brev, utan ocks\u00e5 blir en elegant dekoration p\u00e5 ditt skrivbord. Best\u00e4ll din italienska brev\u00f6ppnare idag och njut av b\u00e5de funktionalitet och estetik.<\/p>","protected":false},"featured_media":52876,"template":"","meta":[],"product_brand":[],"product_cat":[448],"product_tag":[],"class_list":{"0":"post-52881","1":"product","2":"type-product","3":"status-publish","4":"has-post-thumbnail","6":"product_cat-ovriga-vapen-replikor","7":"pa_brand-kolser","9":"first","10":"instock","11":"sale","12":"taxable","13":"shipping-taxable","14":"purchasable","15":"product-type-simple"},"_links":{"self":[{"href":"https:\/\/ak47.nu\/fr\/wp-json\/wp\/v2\/product\/52881","targetHints":{"allow":["GET"]}}],"collection":[{"href":"https:\/\/ak47.nu\/fr\/wp-json\/wp\/v2\/product"}],"about":[{"href":"https:\/\/ak47.nu\/fr\/wp-json\/wp\/v2\/types\/product"}],"wp:featuredmedia":[{"embeddable":true,"href":"https:\/\/ak47.nu\/fr\/wp-json\/wp\/v2\/media\/52876"}],"wp:attachment":[{"href":"https:\/\/ak47.nu\/fr\/wp-json\/wp\/v2\/media?parent=52881"}],"wp:term":[{"taxonomy":"product_brand","embeddable":true,"href":"https:\/\/ak47.nu\/fr\/wp-json\/wp\/v2\/product_brand?post=52881"},{"taxonomy":"product_cat","embeddable":true,"href":"https:\/\/ak47.nu\/fr\/wp-json\/wp\/v2\/product_cat?post=52881"},{"taxonomy":"product_tag","embeddable":true,"href":"https:\/\/ak47.nu\/fr\/wp-json\/wp\/v2\/product_tag?post=52881"}],"curies":[{"name":"wp","href":"https:\/\/api.w.org\/{rel}","templated":true}]}}