{"id":52890,"date":"2023-04-05T08:48:26","date_gmt":"2023-04-05T06:48:26","guid":{"rendered":"https:\/\/ak47.nu\/produkt\/brevoppnare-hindu-kniv\/"},"modified":"2025-08-21T10:36:01","modified_gmt":"2025-08-21T08:36:01","slug":"ouvre-lettre-couteau-hindou","status":"publish","type":"product","link":"https:\/\/ak47.nu\/fr\/produit\/repliques\/replique-darmes-de-guerre\/ouvre-lettre-couteau-hindou\/","title":{"rendered":"Ouvre-Lettre Couteau Hindou | Kolser"},"content":{"rendered":"<h1>Ouvre-Lettre - Couteau Hindou<\/h1>\n<h2>Reproduction Authentique d'un Poignard Hindou<\/h2>\n<p>Cet ouvre-lettre poignard hindou de Kolser nous ram\u00e8ne aux croisades. Cette reproduction d'un Jambia ou Jambiya du XIIIe et XIVe si\u00e8cles capture l'essence du design et de l'artisanat historique.<\/p>\n<h3>D\u00e9tails et Conception<\/h3>\n<p>Ce magnifique poignard hindou est enti\u00e8rement fabriqu\u00e9 en m\u00e9tal grav\u00e9 et pr\u00e9sente un pommeau en forme de croissant. Un serpent repr\u00e9sente Shesha, la cr\u00e9ation primordiale, ajoutant une touche mystique. Mesurant 26 cm de long, cet ouvre-lettre est un ajout \u00e9l\u00e9gant \u00e0 votre bureau. Vous cherchez d'autres produits uniques ? <a href=\"https:\/\/ak47.nu\/fr\/butik\/\">Explorez notre gamme<\/a>.<\/p>\n<ul>\n <li><b>Design Authentique :<\/b> Reproduction d'un Jambia\/Jambiya du XIIIe-XIVe si\u00e8cle.<\/li>\n <li><b>Mat\u00e9riau :<\/b> Enti\u00e8rement fabriqu\u00e9 en m\u00e9tal grav\u00e9 pour une sensation durable et luxueuse.<\/li>\n <li><b>D\u00e9tails Uniques :<\/b> Pommeau en forme de croissant et un serpent repr\u00e9sentant Shesha.<\/li>\n <li><b>Taille :<\/b> 26 cm de long, parfait pour une utilisation et pour l'exposition.<\/li>\n<\/ul>\n<p>Cet ouvre-lettre n'est pas seulement un outil pratique, mais aussi un artefact d\u00e9coratif qui apporte une touche d'histoire et de culture \u00e0 votre espace de travail. D\u00e9couvrez d'autres produits similaires dans notre <a href=\"https:\/\/ak47.nu\/fr\/repliques\/replique-darmes-de-guerre\/\">cat\u00e9gorie d'ouvre-lettres<\/a>. Pour plus d'informations sur notre entreprise, visitez notre <a href=\"https:\/\/ak47.nu\/fr\/\">page d'accueil<\/a>.<\/p>","protected":false},"excerpt":{"rendered":"<p>Hitta den b\u00e4sta hinduiska kniven som brev\u00f6ppnare &#8211; K\u00f6p nu! Utforska v\u00e5rt sortiment av brev\u00f6ppnare och v\u00e4lj en hinduisk kniv av h\u00f6g kvalitet f\u00f6r att g\u00f6ra din posthantering b\u00e5de enklare och mer stilfull. Uppt\u00e4ck v\u00e5ra prisv\u00e4rda alternativ och g\u00f6r ditt k\u00f6p idag f\u00f6r att f\u00e5 snabb leverans och en bekv\u00e4m anv\u00e4ndning.<\/p>","protected":false},"featured_media":52882,"template":"","meta":[],"product_brand":[],"product_cat":[448,441],"product_tag":[],"class_list":{"0":"post-52890","1":"product","2":"type-product","3":"status-publish","4":"has-post-thumbnail","6":"product_cat-ovriga-vapen-replikor","7":"product_cat-replikor","8":"pa_brand-kolser","10":"first","11":"outofstock","12":"sale","13":"taxable","14":"shipping-taxable","15":"purchasable","16":"product-type-simple"},"_links":{"self":[{"href":"https:\/\/ak47.nu\/fr\/wp-json\/wp\/v2\/product\/52890","targetHints":{"allow":["GET"]}}],"collection":[{"href":"https:\/\/ak47.nu\/fr\/wp-json\/wp\/v2\/product"}],"about":[{"href":"https:\/\/ak47.nu\/fr\/wp-json\/wp\/v2\/types\/product"}],"wp:featuredmedia":[{"embeddable":true,"href":"https:\/\/ak47.nu\/fr\/wp-json\/wp\/v2\/media\/52882"}],"wp:attachment":[{"href":"https:\/\/ak47.nu\/fr\/wp-json\/wp\/v2\/media?parent=52890"}],"wp:term":[{"taxonomy":"product_brand","embeddable":true,"href":"https:\/\/ak47.nu\/fr\/wp-json\/wp\/v2\/product_brand?post=52890"},{"taxonomy":"product_cat","embeddable":true,"href":"https:\/\/ak47.nu\/fr\/wp-json\/wp\/v2\/product_cat?post=52890"},{"taxonomy":"product_tag","embeddable":true,"href":"https:\/\/ak47.nu\/fr\/wp-json\/wp\/v2\/product_tag?post=52890"}],"curies":[{"name":"wp","href":"https:\/\/api.w.org\/{rel}","templated":true}]}}