{"id":52891,"date":"2023-04-05T08:48:27","date_gmt":"2023-04-05T06:48:27","guid":{"rendered":"https:\/\/ak47.nu\/produkt\/brevoppnare-tysk-dolk\/"},"modified":"2026-04-13T16:15:44","modified_gmt":"2026-04-13T14:15:44","slug":"ouvre-lettre-dague-allemande","status":"publish","type":"product","link":"https:\/\/ak47.nu\/fr\/produit\/repliques\/replique-darmes-de-guerre\/ouvre-lettre-dague-allemande\/","title":{"rendered":"Ouvre-Lettre Dague Allemande | Kolser"},"content":{"rendered":"<h1>Ouvre-Lettre - Dague Allemande<\/h1>\n<h2>R\u00e9plique Authentique d'une Dague Allemande en Ouvre-Lettre<\/h2>\n<p>Cette r\u00e9plique d'une dague allemande de Kolser n'est pas seulement un ouvre-lettre, mais aussi un morceau d'histoire. La dague \u00e9tait l'une des plus utilis\u00e9es en Europe du Nord aux XIIe et XIIIe si\u00e8cles. Parfait pour ceux qui appr\u00e9cient les objets historiques et les d\u00e9tails uniques dans leur vie quotidienne. Ajoutez une touche d'histoire \u00e0 votre bureau avec cet ouvre-lettre d\u00e9taill\u00e9. D\u00e9couvrez notre gamme d'<a href=\"https:\/\/ak47.nu\/fr\/butik\/\">autres r\u00e9pliques historiques<\/a> !<\/p>\n\n<h3>Design et Mat\u00e9riau D\u00e9taill\u00e9s<\/h3>\n<p>La lame est compl\u00e8tement plate, avec une gravure \"Nervo\" au milieu, refl\u00e9tant le design original. De la pomme au quillon (garde), il y a de belles sculptures d'intersection qui rappellent les dagues utilis\u00e9es par Henri de Souabe ou Fr\u00e9d\u00e9ric Ier. Ne manquez pas nos autres <a href=\"https:\/\/ak47.nu\/fr\/repliques\/replique-darmes-de-guerre\/\">ouvre-lettres et coupe-papier<\/a>.<\/p>\n\n<ul>\n <li><strong>Mat\u00e9riau :<\/strong> Enti\u00e8rement en m\u00e9tal<\/li>\n <li><strong>Longueur :<\/strong> 26 cm au total, la lame mesure 23 cm<\/li>\n <li><strong>Design :<\/strong> R\u00e9plique d'une dague allemande du XIIe-XIIIe si\u00e8cle<\/li>\n <li><strong>D\u00e9tails :<\/strong> Gravure Nervo sur la lame, sculptures d'intersection d\u00e9taill\u00e9es<\/li>\n<\/ul>\n\n<p>Cet ouvre-lettre n'est pas seulement un outil pratique, mais aussi un objet d\u00e9coratif qui attire tous les regards. Commandez le v\u00f4tre <a href=\"https:\/\/ak47.nu\/fr\/\">aujourd'hui<\/a> et d\u00e9couvrez un morceau d'histoire dans votre propre maison !<\/p>","protected":false},"excerpt":{"rendered":"<p>K\u00f6p en exklusiv tysk dolk som brev\u00f6ppnare &#8211; perfekt f\u00f6r att addera stil och elegans till din kontorsmilj\u00f6. V\u00e5r breda kollektion av brev\u00f6ppnare erbjuder h\u00f6gkvalitativa produkter, inklusive denna tyska dolk, som \u00e4r tillverkad med omsorgsfullt utvalda material och detaljerad design. Utforska v\u00e5rt sortiment idag och f\u00f6rb\u00e4ttra din arbetsplats med en praktisk och stilfull brev\u00f6ppnare.<\/p>","protected":false},"featured_media":52886,"template":"","meta":[],"product_brand":[],"product_cat":[448],"product_tag":[],"class_list":{"0":"post-52891","1":"product","2":"type-product","3":"status-publish","4":"has-post-thumbnail","6":"product_cat-ovriga-vapen-replikor","7":"pa_brand-kolser","9":"first","10":"instock","11":"sale","12":"taxable","13":"shipping-taxable","14":"purchasable","15":"product-type-simple"},"_links":{"self":[{"href":"https:\/\/ak47.nu\/fr\/wp-json\/wp\/v2\/product\/52891","targetHints":{"allow":["GET"]}}],"collection":[{"href":"https:\/\/ak47.nu\/fr\/wp-json\/wp\/v2\/product"}],"about":[{"href":"https:\/\/ak47.nu\/fr\/wp-json\/wp\/v2\/types\/product"}],"wp:featuredmedia":[{"embeddable":true,"href":"https:\/\/ak47.nu\/fr\/wp-json\/wp\/v2\/media\/52886"}],"wp:attachment":[{"href":"https:\/\/ak47.nu\/fr\/wp-json\/wp\/v2\/media?parent=52891"}],"wp:term":[{"taxonomy":"product_brand","embeddable":true,"href":"https:\/\/ak47.nu\/fr\/wp-json\/wp\/v2\/product_brand?post=52891"},{"taxonomy":"product_cat","embeddable":true,"href":"https:\/\/ak47.nu\/fr\/wp-json\/wp\/v2\/product_cat?post=52891"},{"taxonomy":"product_tag","embeddable":true,"href":"https:\/\/ak47.nu\/fr\/wp-json\/wp\/v2\/product_tag?post=52891"}],"curies":[{"name":"wp","href":"https:\/\/api.w.org\/{rel}","templated":true}]}}