{"id":52926,"date":"2023-04-05T10:48:54","date_gmt":"2023-04-05T08:48:54","guid":{"rendered":"https:\/\/ak47.nu\/produkt\/replika-1700-tals-pistol-slaglas\/"},"modified":"2026-04-13T16:18:35","modified_gmt":"2026-04-13T14:18:35","slug":"replika-1700-tals-pistol-slaglas","status":"publish","type":"product","link":"https:\/\/ak47.nu\/fr\/produit\/repliques\/armes-anciennes\/replika-1700-tals-pistol-slaglas\/","title":{"rendered":"Replika &#8211; 1700-tals pistol &#8211; slagl\u00e5s"},"content":{"rendered":"<p>1700-tals slagl\u00e5spistol. Tillverkad av Kolser i hartz och metall. Vacker pj\u00e4s till samlingen. Hanen kan sp\u00e4nnas och avfyras.<\/p>","protected":false},"excerpt":{"rendered":"<p>Hitta en imponerande replika av en 1700-tals pistol med slagl\u00e5s f\u00f6r samlare och entusiaster. Uppt\u00e4ck den h\u00f6ga kvaliteten och autenticiteten hos denna historiska replika, perfekt f\u00f6r samlare och som en unik prydnad. K\u00f6p nu och l\u00e4gg till en bit historia till din samling!<\/p>","protected":false},"featured_media":52932,"template":"","meta":[],"product_brand":[],"product_cat":[447],"product_tag":[],"class_list":{"0":"post-52926","1":"product","2":"type-product","3":"status-publish","4":"has-post-thumbnail","6":"product_cat-aldre-vapen","7":"pa_brand-kolser","8":"pa_modell-ben-och-massing","9":"pa_modell-ben-och-stal","11":"first","12":"instock","13":"taxable","14":"shipping-taxable","15":"purchasable","16":"product-type-variable"},"_links":{"self":[{"href":"https:\/\/ak47.nu\/fr\/wp-json\/wp\/v2\/product\/52926","targetHints":{"allow":["GET"]}}],"collection":[{"href":"https:\/\/ak47.nu\/fr\/wp-json\/wp\/v2\/product"}],"about":[{"href":"https:\/\/ak47.nu\/fr\/wp-json\/wp\/v2\/types\/product"}],"wp:featuredmedia":[{"embeddable":true,"href":"https:\/\/ak47.nu\/fr\/wp-json\/wp\/v2\/media\/52932"}],"wp:attachment":[{"href":"https:\/\/ak47.nu\/fr\/wp-json\/wp\/v2\/media?parent=52926"}],"wp:term":[{"taxonomy":"product_brand","embeddable":true,"href":"https:\/\/ak47.nu\/fr\/wp-json\/wp\/v2\/product_brand?post=52926"},{"taxonomy":"product_cat","embeddable":true,"href":"https:\/\/ak47.nu\/fr\/wp-json\/wp\/v2\/product_cat?post=52926"},{"taxonomy":"product_tag","embeddable":true,"href":"https:\/\/ak47.nu\/fr\/wp-json\/wp\/v2\/product_tag?post=52926"}],"curies":[{"name":"wp","href":"https:\/\/api.w.org\/{rel}","templated":true}]}}