{"id":53126,"date":"2023-04-17T09:39:29","date_gmt":"2023-04-17T07:39:29","guid":{"rendered":"https:\/\/ak47.nu\/produkt\/src-replika-titan-6-platinum-co2-6mm-airsoft-revolver\/"},"modified":"2025-10-23T17:25:46","modified_gmt":"2025-10-23T15:25:46","slug":"src-titan-6-platinum-co2-revolver-airsoft-6mm","status":"publish","type":"product","link":"https:\/\/ak47.nu\/fr\/produit\/airsoft\/co2\/revolvrar\/src-titan-6-platinum-co2-revolver-airsoft-6mm\/","title":{"rendered":"SRC Titan 6\" Platinum CO2 Revolver Airsoft 6MM"},"content":{"rendered":"<h1>SRC Titan 6\" Platinum CO2 6MM R\u00e9plique Revolver Airsoft<\/h1>\n<h2>R\u00e9plique solide en m\u00e9tal avec alimentation CO2<\/h2>\n<p>Le SRC Titan 6\" Platinum est une r\u00e9plique de revolver airsoft impressionnante, fabriqu\u00e9e par SRC, qui se distingue par sa construction robuste et sa conception r\u00e9aliste. Presque toutes les pi\u00e8ces, y compris le m\u00e9canisme avec le marteau, la d\u00e9tente et le barillet, sont en m\u00e9tal, ce qui procure une sensation de solidit\u00e9. Seule la poign\u00e9e du pistolet est en polym\u00e8re pour plus de confort et de maniabilit\u00e9. Cette r\u00e9plique de revolver imite un syst\u00e8me d'alimentation en cartouche authentique avec un barillet rotatif, comme un vrai revolver. Chaque cartouche contient une seule bille de 6 mm.<\/p>\n<h3>Caract\u00e9ristiques et avantages :<\/h3>\n<ul>\n <li><strong>Alimentation r\u00e9aliste en cartouche :<\/strong> D\u00e9couvrez la sensation d'un vrai revolver avec un syst\u00e8me d'alimentation en cartouche authentique.<\/li>\n <li><strong>Construction m\u00e9tallique :<\/strong> Am\u00e9liore la durabilit\u00e9 et offre un poids et une sensation r\u00e9alistes.<\/li>\n <li><strong>Accessoires inclus :<\/strong> L'ensemble comprend 6 cartouches et un speedloader d\u00e9di\u00e9 https:\/\/ak47.nu\/butik\/, permettant des rechargements rapides et faciles.<\/li>\n <li><strong>Rails RIS\/Picatinny :<\/strong> Deux rails m\u00e9talliques sont inclus pour fixer des accessoires suppl\u00e9mentaires tels que des optiques ou des lampes tactiques.<\/li>\n <li><strong>Fonction de s\u00e9curit\u00e9 :<\/strong> Le d\u00e9verrouillage du barillet sert \u00e9galement de s\u00e9curit\u00e9, bloquant la d\u00e9tente et le marteau.<\/li>\n <li><strong>Alimentation CO2 :<\/strong> La poign\u00e9e du pistolet abrite une capsule de CO2 standard de 12 g, install\u00e9e sans outils.<\/li>\n<\/ul>\n<p>La vis\u00e9e est facilit\u00e9e par des points luminescents sur la mire arri\u00e8re du revolver. Ce revolver airsoft allie r\u00e9alisme et fonctionnalit\u00e9, ce qui en fait un excellent choix pour les amateurs d'airsoft. Pour d\u00e9couvrir d'autres r\u00e9pliques, visitez notre <a href=\"https:\/\/ak47.nu\/fr\/airsoft\/\">cat\u00e9gorie airsoft<\/a>. N'oubliez pas de consulter <a href=\"https:\/\/ak47.nu\/fr\/\">notre site web<\/a> pour plus d'offres !<\/p>\n<h3>Donn\u00e9es techniques :<\/h3>\n<ul>\n <li>Vitesse : ~300 FPS<\/li>\n <li>Source d'alimentation : CO2<\/li>\n <li>Mode de tir : Simple<\/li>\n <li>Longueur : 300 mm<\/li>\n <li>Poids : 950 g<\/li>\n <li>Type de chargeur : Barillet de revolver<\/li>\n <li>Capacit\u00e9 du chargeur : 6 pi\u00e8ces<\/li>\n <li>Hop-Up : Non<\/li>\n <li>Blow Back : Non<\/li>\n <li>Fabriqu\u00e9 en : M\u00e9tal + Polym\u00e8re<\/li>\n <li>Type de filetage : Aucun<\/li>\n <li>Couleur : Platine<\/li>\n<\/ul>\n<h3>L'ensemble comprend :<\/h3>\n<ul>\n <li>R\u00e9plique du revolver<\/li>\n <li>6 x R\u00e9pliques de cartouches<\/li>\n <li>Speedloader de cartouches<\/li>\n <li>2 x Rails de montage RIS<\/li>\n<\/ul>","protected":false},"excerpt":{"rendered":"<p>SRC Titan 6&#8243; Platinum CO2 6MM R\u00e9plique Revolver Airsoft R\u00e9plique solide en m\u00e9tal avec alimentation CO2 Le SRC Titan 6&#8243; Platinum est une r\u00e9plique de revolver airsoft impressionnante, fabriqu\u00e9e par SRC, qui se distingue par sa construction robuste et sa conception r\u00e9aliste. Presque toutes les pi\u00e8ces, y compris le m\u00e9canisme avec le marteau, la d\u00e9tente [&#8230;]","protected":false},"featured_media":53094,"template":"","meta":[],"product_brand":[],"product_cat":[406],"product_tag":[],"class_list":{"0":"post-53126","1":"product","2":"type-product","3":"status-publish","4":"has-post-thumbnail","6":"product_cat-revolvrar","7":"pa_brand-src","8":"pa_farg-platina-silver","10":"first","11":"outofstock","12":"sale","13":"taxable","14":"shipping-taxable","15":"purchasable","16":"product-type-simple"},"_links":{"self":[{"href":"https:\/\/ak47.nu\/fr\/wp-json\/wp\/v2\/product\/53126","targetHints":{"allow":["GET"]}}],"collection":[{"href":"https:\/\/ak47.nu\/fr\/wp-json\/wp\/v2\/product"}],"about":[{"href":"https:\/\/ak47.nu\/fr\/wp-json\/wp\/v2\/types\/product"}],"wp:featuredmedia":[{"embeddable":true,"href":"https:\/\/ak47.nu\/fr\/wp-json\/wp\/v2\/media\/53094"}],"wp:attachment":[{"href":"https:\/\/ak47.nu\/fr\/wp-json\/wp\/v2\/media?parent=53126"}],"wp:term":[{"taxonomy":"product_brand","embeddable":true,"href":"https:\/\/ak47.nu\/fr\/wp-json\/wp\/v2\/product_brand?post=53126"},{"taxonomy":"product_cat","embeddable":true,"href":"https:\/\/ak47.nu\/fr\/wp-json\/wp\/v2\/product_cat?post=53126"},{"taxonomy":"product_tag","embeddable":true,"href":"https:\/\/ak47.nu\/fr\/wp-json\/wp\/v2\/product_tag?post=53126"}],"curies":[{"name":"wp","href":"https:\/\/api.w.org\/{rel}","templated":true}]}}