{"id":53259,"date":"2023-04-17T14:03:30","date_gmt":"2023-04-17T12:03:30","guid":{"rendered":"https:\/\/ak47.nu\/produkt\/ak-airsoft-sxr-8870-hagelgevar-fjader-airsoft-replika\/"},"modified":"2025-12-03T22:52:27","modified_gmt":"2025-12-03T21:52:27","slug":"a-k-sxr-8870-replique-airsoft-fusil-a-pompe-ressort","status":"publish","type":"product","link":"https:\/\/ak47.nu\/fr\/produit\/airsoft\/fjader\/hagelgevar-fjader\/a-k-sxr-8870-replique-airsoft-fusil-a-pompe-ressort\/","title":{"rendered":"A&K SXR-8870 R\u00e9plique Airsoft Fusil \u00e0 Pompe Ressort"},"content":{"rendered":"<h1>A&K SXR-8870 R\u00e9plique Airsoft Fusil \u00e0 Pompe \u00e0 Ressort<\/h1>\n<h2>R\u00e9plique de Fusil \u00e0 Pompe \u00e0 Ressort Solide<\/h2>\n<p>Cette r\u00e9plique \u00e0 ressort d'un fusil \u00e0 pompe de la s\u00e9rie SXR est fabriqu\u00e9e \u00e0 partir d'une combinaison de m\u00e9tal et de polym\u00e8re durable. \u00c0 l'exception de la poign\u00e9e de pistolet en polym\u00e8re et de l'avant, le reste de la r\u00e9plique est en m\u00e9tal. Cela donne \u00e0 la r\u00e9plique un poids r\u00e9aliste d'un peu plus de 2 kg et contribue \u00e0 une sensation de solidit\u00e9. Des pi\u00e8ces bien assembl\u00e9es et des mat\u00e9riaux de haute qualit\u00e9 garantissent que le SXR-8870 fait une impression robuste d\u00e8s que vous le tenez. D\u00e9couvrez diff\u00e9rents <a href=\"https:\/\/ak47.nu\/fr\/butik\/\">pistolets airsoft<\/a>. <\/p>\n<p>La r\u00e9plique est aliment\u00e9e par un ressort et est livr\u00e9e avec un chargeur pouvant contenir 40 BBs. Vivez une exp\u00e9rience airsoft r\u00e9aliste avec ce fusil \u00e0 pompe bien fait.<\/p>\n<h3>L'ensemble comprend :<\/h3>\n<ul>\n <li>R\u00e9plique<\/li>\n <li>Chargeur<\/li>\n<\/ul>\n<h3>Sp\u00e9cifications :<\/h3>\n<ul>\n <li>Vitesse : ~300 FPS<\/li>\n <li>Entra\u00eenement : Ressort<\/li>\n <li>Mode de tir : Simple<\/li>\n <li>Longueur : 565 mm<\/li>\n <li>Poids : 2060 g<\/li>\n <li>Type de chargeur : Mid-Cap<\/li>\n <li>Capacit\u00e9 du chargeur : 40 BBs<\/li>\n <li>Hop-Up : Oui<\/li>\n <li>Mat\u00e9riau : Polym\u00e8re + M\u00e9tal<\/li>\n<\/ul>\n<p>D\u00e9couvrez d'autres r\u00e9pliques d'airsoft de haute qualit\u00e9 sur <a href=\"https:\/\/ak47.nu\/fr\/butik\/\">notre page airsoft<\/a>. Explorez notre large gamme de <a href=\"https:\/\/ak47.nu\/fr\/airsoft\/\">fusils \u00e0 pompe airsoft<\/a> pour trouver le mod\u00e8le parfait pour vos besoins. Visitez <a href=\"https:\/\/ak47.nu\/fr\/\">notre page d'accueil<\/a> pour voir toute notre gamme.<\/p>","protected":false},"excerpt":{"rendered":"<p>K\u00f6p A&amp;K Airsoft SXR-8870 Hagelgev\u00e4r fj\u00e4der Airsoft Replika online hos oss. Vi erbjuder h\u00f6gkvalitativa Airsoft replikor till konkurrenskraftiga priser. Utforska v\u00e5rt sortiment idag och njut av en autentisk och sp\u00e4nnande Airsoft-upplevelse.<\/p>","protected":false},"featured_media":53235,"template":"","meta":[],"product_brand":[],"product_cat":[498],"product_tag":[],"class_list":{"0":"post-53259","1":"product","2":"type-product","3":"status-publish","4":"has-post-thumbnail","6":"product_cat-hagelgevar-fjader","7":"pa_brand-ak","9":"first","10":"outofstock","11":"sale","12":"taxable","13":"shipping-taxable","14":"purchasable","15":"product-type-simple"},"_links":{"self":[{"href":"https:\/\/ak47.nu\/fr\/wp-json\/wp\/v2\/product\/53259","targetHints":{"allow":["GET"]}}],"collection":[{"href":"https:\/\/ak47.nu\/fr\/wp-json\/wp\/v2\/product"}],"about":[{"href":"https:\/\/ak47.nu\/fr\/wp-json\/wp\/v2\/types\/product"}],"wp:featuredmedia":[{"embeddable":true,"href":"https:\/\/ak47.nu\/fr\/wp-json\/wp\/v2\/media\/53235"}],"wp:attachment":[{"href":"https:\/\/ak47.nu\/fr\/wp-json\/wp\/v2\/media?parent=53259"}],"wp:term":[{"taxonomy":"product_brand","embeddable":true,"href":"https:\/\/ak47.nu\/fr\/wp-json\/wp\/v2\/product_brand?post=53259"},{"taxonomy":"product_cat","embeddable":true,"href":"https:\/\/ak47.nu\/fr\/wp-json\/wp\/v2\/product_cat?post=53259"},{"taxonomy":"product_tag","embeddable":true,"href":"https:\/\/ak47.nu\/fr\/wp-json\/wp\/v2\/product_tag?post=53259"}],"curies":[{"name":"wp","href":"https:\/\/api.w.org\/{rel}","templated":true}]}}