{"id":53796,"date":"2023-05-23T13:38:33","date_gmt":"2023-05-23T11:38:33","guid":{"rendered":"https:\/\/ak47.nu\/produkt\/el-elak74n-elektrisk-essential-automatkarbin-airsoft-replika-aeg-6mm\/"},"modified":"2025-12-03T23:15:39","modified_gmt":"2025-12-03T22:15:39","slug":"el-elak74n-essential-fusil-automatique-airsoft-aeg","status":"publish","type":"product","link":"https:\/\/ak47.nu\/fr\/produit\/airsoft\/el-drivna\/automatkarbiner\/el-elak74n-essential-fusil-automatique-airsoft-aeg\/","title":{"rendered":"E&L ELAK74N Essential AEG R\u00e9plique Airsoft"},"content":{"rendered":"<h1>E&L ELAK74N Essential AEG Fusil Automatique - R\u00e9plique Airsoft<\/h1>\n<h2>Sensation Authentique et Construction Robuste<\/h2>\n<p>La l\u00e9gendaire r\u00e9plique airsoft E&L ELAK74N Essential AEG est de retour, offrant une solution abordable sans compromettre la qualit\u00e9. Fabriqu\u00e9e enti\u00e8rement en acier, avec une apparence r\u00e9aliste et une bo\u00eete de vitesses robuste, cette r\u00e9plique est parfaite pour les amateurs d'airsoft. Veuillez noter que la batterie et le chargeur ne sont pas inclus dans cet ensemble.<\/p>\n\n<p>Les r\u00e9pliques airsoft E&L sont assembl\u00e9es dans une usine o\u00f9 de v\u00e9ritables armes \u00e0 feu sont fabriqu\u00e9es, ce qui conf\u00e8re \u00e0 la r\u00e9plique la m\u00eame sensation authentique que l'original. Certains \u00e9l\u00e9ments externes proviennent m\u00eame de la m\u00eame cha\u00eene de production. Le fabricant s'est efforc\u00e9 de rendre la r\u00e9plique aussi similaire que possible \u00e0 l'arme \u00e0 feu d'origine. D\u00e9couvrez notre s\u00e9lection d'<a href=\"https:\/\/ak47.nu\/fr\/butik\/\">accessoires airsoft compatibles<\/a> pour am\u00e9liorer votre exp\u00e9rience.<\/p>\n\n<h3>Caract\u00e9ristiques de l'E&L ELAK74N Essential :<\/h3>\n<ul>\n    <li>Construction 100% acier (pas d'\u00e9l\u00e9ments ZnAl)<\/li>\n    <li>Garde-main, crosse et couvercle anti-poussi\u00e8re en bois verni<\/li>\n    <li>Pi\u00e8ces en acier recouvertes d'oxydation<\/li>\n    <li>Poign\u00e9e pistolet en polym\u00e8re<\/li>\n    <li>Compartiment batterie sous le couvercle anti-poussi\u00e8re<\/li>\n    <li>Rail de montage lat\u00e9ral pour optiques<\/li>\n    <li>Chambre Hop-Up en m\u00e9tal<\/li>\n    <li>D\u00e9montage partiel sans outils<\/li>\n    <li>Entretoise de puits de chargeur pour des changements de chargeur rapides<\/li>\n    <li>Chargeur Mid-Cap (150 BBs)<\/li>\n<\/ul>\n<p>Explorez notre large gamme de <a href=\"https:\/\/ak47.nu\/fr\/airsoft\/\">fusils Airsoft AEG<\/a> pour trouver plus d'options.<\/p>\n\n<h3>Bo\u00eete de Vitesses et Composants Internes<\/h3>\n<p>La bo\u00eete de vitesses V3 est dot\u00e9e d'un syst\u00e8me de changement de ressort rapide et d'un syst\u00e8me MOSFET pour une r\u00e9ponse de d\u00e9tente et un ROF am\u00e9lior\u00e9s, m\u00eame avec des ressorts et des batteries plus puissants. Le circuit a \u00e9t\u00e9 test\u00e9 avec une batterie LiPo de 13,5 V et un ressort M150.<\/p>\n\n<ul>\n    <li>Cylindre en acier inoxydable<\/li>\n    <li>Piston en polycarbonate avec 1 dent en acier<\/li>\n    <li>Tappet Plate en POM r\u00e9sistante \u00e0 l'usure<\/li>\n    <li>Roulements en acier de 9 mm<\/li>\n    <li>Engrenages en acier fritt\u00e9 durables<\/li>\n    <li>D\u00e9tente en acier<\/li>\n<\/ul>\n\n<h3>Informations Compl\u00e9mentaires<\/h3>\n<p><b>Veuillez noter :<\/b> La batterie et le chargeur ne sont pas inclus. Am\u00e9liorez votre exp\u00e9rience airsoft avec des <a href=\"https:\/\/ak47.nu\/fr\/\">produits airsoft<\/a> de haute qualit\u00e9 de notre gamme.<\/p>\n\n<p><b>L'ensemble comprend :<\/b> R\u00e9plique, chargeur Mid-Cap, burette d'huile, manuel d'utilisation et certificat de contr\u00f4le qualit\u00e9.<\/p>","protected":false},"excerpt":{"rendered":"<p>K\u00f6p E&amp;L ELAK74N Elektrisk Essential automatkarbin airsoft replika &#8211; AEG &#8211; 6mm hos oss. Vi erbjuder h\u00f6gkvalitativa airsoft replikor till konkurrenskraftiga priser. Utforska v\u00e5rt breda sortiment och njut av en realistisk och sp\u00e4nnande airsoft-upplevelse.<\/p>","protected":false},"featured_media":53760,"template":"","meta":[],"product_brand":[],"product_cat":[400],"product_tag":[],"class_list":{"0":"post-53796","1":"product","2":"type-product","3":"status-publish","4":"has-post-thumbnail","6":"product_cat-automatkarbiner","7":"pa_brand-el","9":"first","10":"outofstock","11":"taxable","12":"shipping-taxable","13":"purchasable","14":"product-type-simple"},"_links":{"self":[{"href":"https:\/\/ak47.nu\/fr\/wp-json\/wp\/v2\/product\/53796","targetHints":{"allow":["GET"]}}],"collection":[{"href":"https:\/\/ak47.nu\/fr\/wp-json\/wp\/v2\/product"}],"about":[{"href":"https:\/\/ak47.nu\/fr\/wp-json\/wp\/v2\/types\/product"}],"wp:featuredmedia":[{"embeddable":true,"href":"https:\/\/ak47.nu\/fr\/wp-json\/wp\/v2\/media\/53760"}],"wp:attachment":[{"href":"https:\/\/ak47.nu\/fr\/wp-json\/wp\/v2\/media?parent=53796"}],"wp:term":[{"taxonomy":"product_brand","embeddable":true,"href":"https:\/\/ak47.nu\/fr\/wp-json\/wp\/v2\/product_brand?post=53796"},{"taxonomy":"product_cat","embeddable":true,"href":"https:\/\/ak47.nu\/fr\/wp-json\/wp\/v2\/product_cat?post=53796"},{"taxonomy":"product_tag","embeddable":true,"href":"https:\/\/ak47.nu\/fr\/wp-json\/wp\/v2\/product_tag?post=53796"}],"curies":[{"name":"wp","href":"https:\/\/api.w.org\/{rel}","templated":true}]}}