{"id":54056,"date":"2023-05-29T15:42:33","date_gmt":"2023-05-29T13:42:33","guid":{"rendered":"https:\/\/ak47.nu\/produkt\/specna-arms-sa-h02-one-airsoft-automatkarbin-replika-6mm-elektrisk\/"},"modified":"2025-08-21T10:34:53","modified_gmt":"2025-08-21T08:34:53","slug":"specna-arms-sa-h02-one-replique-airsoft-automatique","status":"publish","type":"product","link":"https:\/\/ak47.nu\/fr\/produit\/airsoft\/el-drivna\/automatkarbiner\/specna-arms-sa-h02-one-replique-airsoft-automatique\/","title":{"rendered":"Specna Arms SA-H02 ONE\u2122 R\u00e9plique Airsoft | 6mm \u00c9lectrique"},"content":{"rendered":"<h1>Specna Arms SA-H02 ONE\u2122 R\u00e9plique de Fusil d'Assaut Airsoft<\/h1>\n<h2>R\u00e9plique de Haute Qualit\u00e9 avec Syst\u00e8me de Changement Rapide de Ressort<\/h2>\n<p>La r\u00e9plique de carabine SA-H02 de Specna Arms est fabriqu\u00e9e en alliage de zinc et d'aluminium, avec des \u00e9l\u00e9ments en acier utilis\u00e9s dans les points les plus vuln\u00e9rables de la r\u00e9plique (toutes les vis, goupilles et \u00e9merillons de sangle). La crosse de type SF accueillant la batterie et la poign\u00e9e pistolet sont en plastique polym\u00e8re. Le corps et les rails RIS de la r\u00e9plique ont \u00e9t\u00e9 anodis\u00e9s, ce qui garantit un degr\u00e9 \u00e9lev\u00e9 de protection contre la corrosion. La peinture de la r\u00e9plique elle-m\u00eame a \u00e9t\u00e9 r\u00e9alis\u00e9e par poudrage, apr\u00e8s sablage de la surface. Cela assure une r\u00e9sistance \u00e0 l'abrasion beaucoup plus \u00e9lev\u00e9e que d'habitude pour la peinture appliqu\u00e9e. Les marquages du fabricant se trouvent sur leReceiveur.<\/p>\n\n<p>La r\u00e9plique a \u00e9t\u00e9 tr\u00e8s bien adapt\u00e9e - d'une mani\u00e8re presque exclusivement observ\u00e9e chez les fabricants G&P ou Classic Army - et est parfaitement \u00e9quilibr\u00e9e. Ceci assure une maniabilit\u00e9 parfaite de la r\u00e9plique, et son poids est presque imperceptible apr\u00e8s avoir plac\u00e9 la r\u00e9plique sur l'\u00e9paule. D\u00e9couvrez notre large gamme d'<a href=\"https:\/\/ak47.nu\/fr\/butik\/\">accessoires airsoft<\/a> pour am\u00e9liorer encore votre exp\u00e9rience. Visitez notre <a href=\"https:\/\/ak47.nu\/fr\/airsoft\/\">cat\u00e9gorie de fusils airsoft<\/a> pour d\u00e9couvrir des produits similaires.<\/p>\n\n<h3>Syst\u00e8me de Changement Rapide de Ressort - Enter & Convert\u2122<\/h3>\n<p>La r\u00e9plique utilise un syst\u00e8me de changement rapide de ressort, appel\u00e9 Enter & Convert\u2122. Ceci permet un ajustement rapide et efficace de la puissance de la r\u00e9plique aux conditions attendues sur le terrain de jeu sans avoir besoin d'acc\u00e9der \u00e0 un atelier ou \u00e0 un certain nombre d'outils sp\u00e9cialis\u00e9s. Apr\u00e8s avoir retir\u00e9 la gearbox du corps de la r\u00e9plique, le processus de remplacement du ressort lui-m\u00eame ne prend litt\u00e9ralement que quelques secondes. Explorez notre gamme et trouvez la <a href=\"https:\/\/ak47.nu\/fr\/\">r\u00e9plique airsoft<\/a> adapt\u00e9e \u00e0 vos besoins.<\/p>\n\n<p>Les avantages du syst\u00e8me Enter & Convert\u2122 ne peuvent \u00eatre surestim\u00e9s. Compte tenu de la tendance qui pr\u00e9vaut dans toute l'Europe \u00e0 appliquer des limites l\u00e9gales \u00e0 la vitesse initiale de la r\u00e9plique, ce syst\u00e8me offre \u00e0 l'utilisateur des opportunit\u00e9s consid\u00e9rables et beaucoup de libert\u00e9. Le syst\u00e8me ESA\u2122 vous permet de changer rapidement, avec peu ou pas d'effort, le ressort principal et d'ajuster ainsi la vitesse initiale de la r\u00e9plique aux exigences de l'organisateur du jeu. Ceci garantit un compromis id\u00e9al entre l'efficacit\u00e9 de vos tirs et votre propre s\u00e9curit\u00e9 ainsi que celle des autres joueurs.<\/p>","protected":false},"excerpt":{"rendered":"<p>Specna Arms &#8211; SA-H02 ONE\u2122 Airsoft Automatkarbin replika &#8211; 6mm Elektrisk \u00e4r en h\u00f6gkvalitativ airsoft replika av en automatkarbin. Med sin elektriska drift och 6mm ammunition \u00e4r den perfekt f\u00f6r airsoft-entusiaster. K\u00f6p denna replika fr\u00e5n Specna Arms f\u00f6r en autentisk och sp\u00e4nnande spelupplevelse.<\/p>","protected":false},"featured_media":54020,"template":"","meta":[],"product_brand":[],"product_cat":[368,400,398],"product_tag":[],"class_list":{"0":"post-54056","1":"product","2":"type-product","3":"status-publish","4":"has-post-thumbnail","6":"product_cat-airsoft","7":"product_cat-automatkarbiner","8":"product_cat-el-drivna","9":"pa_brand-specna-arms","11":"first","12":"outofstock","13":"sale","14":"taxable","15":"shipping-taxable","16":"purchasable","17":"product-type-simple"},"_links":{"self":[{"href":"https:\/\/ak47.nu\/fr\/wp-json\/wp\/v2\/product\/54056","targetHints":{"allow":["GET"]}}],"collection":[{"href":"https:\/\/ak47.nu\/fr\/wp-json\/wp\/v2\/product"}],"about":[{"href":"https:\/\/ak47.nu\/fr\/wp-json\/wp\/v2\/types\/product"}],"wp:featuredmedia":[{"embeddable":true,"href":"https:\/\/ak47.nu\/fr\/wp-json\/wp\/v2\/media\/54020"}],"wp:attachment":[{"href":"https:\/\/ak47.nu\/fr\/wp-json\/wp\/v2\/media?parent=54056"}],"wp:term":[{"taxonomy":"product_brand","embeddable":true,"href":"https:\/\/ak47.nu\/fr\/wp-json\/wp\/v2\/product_brand?post=54056"},{"taxonomy":"product_cat","embeddable":true,"href":"https:\/\/ak47.nu\/fr\/wp-json\/wp\/v2\/product_cat?post=54056"},{"taxonomy":"product_tag","embeddable":true,"href":"https:\/\/ak47.nu\/fr\/wp-json\/wp\/v2\/product_tag?post=54056"}],"curies":[{"name":"wp","href":"https:\/\/api.w.org\/{rel}","templated":true}]}}