{"id":54114,"date":"2023-05-30T13:53:31","date_gmt":"2023-05-30T11:53:31","guid":{"rendered":"https:\/\/ak47.nu\/produkt\/1318-mod-73-usa-1873-bygelrepeter-replika-gra-2\/"},"modified":"2026-03-21T12:41:57","modified_gmt":"2026-03-21T11:41:57","slug":"1318-mod-73-usa-1873-bygelrepeter-replika-gra-2","status":"publish","type":"product","link":"https:\/\/ak47.nu\/fr\/produit\/repliques\/gevar-replikor\/1318-mod-73-usa-1873-bygelrepeter-replika-gra-2\/","title":{"rendered":"1318 &#8211; MOD. 73 USA 1873 Bygelrepeter replika"},"content":{"rendered":"<p>Reproduktion av ett gev\u00e4r, tillverkat av metall och tr\u00e4, med simulerande laddnings- och skjutmekanism.<br id=\"isPasted\">Modell 1873 var ett repetitionsgev\u00e4r med bygelrepeter, det vill s\u00e4ga det till\u00e4t att flera skott avfyrades innan man laddade om, kastade ut det gamla h\u00f6ljet och ersatte det med ett nytt genom att man\u00f6vrera en bygel f\u00e4st vid avtryckarskyddet; d\u00e4rav termen &#8221;repeterande gev\u00e4r&#8221;.<\/p>\n<p>Dess funktion best\u00e5r av en horisontell r\u00f6relsef\u00f6rslutning som har n\u00e5len i linje inuti; N\u00e4r den nedre spaken aktiveras, l\u00e5ser den upp l\u00e5set, flyttar det sedan bak\u00e5t, avt\u00e4cker slutstycket, ger utrymme \u00e5t en lyftplatta och monterar slutstycket bakifr\u00e5n. Vid slutet av dess bak\u00e5tg\u00e5ende r\u00f6relse f\u00e5r sp\u00e4rren en kula att r\u00f6ra sig fr\u00e5n magasinet till lyftplattan, och sedan h\u00f6jer spakens \u00f6msesidiga fram\u00e5tr\u00f6relse upp plattan och placerar kulan framf\u00f6r kammaren, d\u00e4r den trycks in vid st\u00e4ngningen. Det sista slaget upp\u00e5t med bygeln l\u00e5ser \u00e5terigen st\u00e4ngningen i trippl\u00e4get.<\/p>\n<p>Modellen 1873 var det mest anv\u00e4nda gev\u00e4ret p\u00e5 sin tid, p\u00e5 grund av sin st\u00e5lkonstruktion och f\u00f6r att den anv\u00e4nde samma centrala slagpatroner som revolvrar fr\u00e5n den perioden. Det gjorde att skytten kunde b\u00e4ra tv\u00e5 olika vapen med samma typ av ammunition. Den producerades i s\u00e5 stora kvantiteter att den blev ett vanligt inslag i v\u00e4stra USA, och fick smeknamnet &#8221;The gun that won the West&#8221;, p\u00e5 grund av dess r\u00f6tter och m\u00e5ngsidighet. Det var inspirationen till filmen &#8221;Winchester &#8217;73&#8221;, som spelades in 1950, med James Stewart i huvudrollen och regisserad av Anthony Mann.<\/p>\n<p>Res till den amerikanska western med den historiska reproduktionen av detta DENIX-gev\u00e4r, ett vapen som \u00e4r mycket uppskattat av historiska reenactors och vapensamlare!<\/p>\n<p>L\u00e4ngd: 110 cm<br id=\"isPasted\"><br \/>Vikt: 2625 g<\/p>\n<p>V\u00e5ra replikor \u00e4r licensfria och g\u00e5r ej att g\u00f6ra skarpa. Snygga och h\u00e4ftiga som dekoration!<\/p>","protected":false},"excerpt":{"rendered":"<p>K\u00f6p en h\u00f6gkvalitativ replika av den klassiska 1318 &#8211; MOD. 73 USA 1873 Bygelrepeter fr\u00e5n USA. Utforska v\u00e5rt sortiment av autentiska och detaljerade replikor som \u00e4r perfekta f\u00f6r samlare och vapenentusiaster. Best\u00e4ll idag och f\u00e5 din replika levererad till d\u00f6rren.<\/p>","protected":false},"featured_media":54125,"template":"","meta":[],"product_brand":[],"product_cat":[446],"product_tag":[],"class_list":{"0":"post-54114","1":"product","2":"type-product","3":"status-publish","4":"has-post-thumbnail","6":"product_cat-gevar-replikor","7":"pa_brand-denix","8":"pa_modell-black","9":"pa_modell-black-nickel","10":"pa_modell-brass-black","11":"pa_modell-bright-nickel","12":"pa_modell-grey","14":"first","15":"instock","16":"sale","17":"taxable","18":"shipping-taxable","19":"purchasable","20":"product-type-variable"},"_links":{"self":[{"href":"https:\/\/ak47.nu\/fr\/wp-json\/wp\/v2\/product\/54114","targetHints":{"allow":["GET"]}}],"collection":[{"href":"https:\/\/ak47.nu\/fr\/wp-json\/wp\/v2\/product"}],"about":[{"href":"https:\/\/ak47.nu\/fr\/wp-json\/wp\/v2\/types\/product"}],"wp:featuredmedia":[{"embeddable":true,"href":"https:\/\/ak47.nu\/fr\/wp-json\/wp\/v2\/media\/54125"}],"wp:attachment":[{"href":"https:\/\/ak47.nu\/fr\/wp-json\/wp\/v2\/media?parent=54114"}],"wp:term":[{"taxonomy":"product_brand","embeddable":true,"href":"https:\/\/ak47.nu\/fr\/wp-json\/wp\/v2\/product_brand?post=54114"},{"taxonomy":"product_cat","embeddable":true,"href":"https:\/\/ak47.nu\/fr\/wp-json\/wp\/v2\/product_cat?post=54114"},{"taxonomy":"product_tag","embeddable":true,"href":"https:\/\/ak47.nu\/fr\/wp-json\/wp\/v2\/product_tag?post=54114"}],"curies":[{"name":"wp","href":"https:\/\/api.w.org\/{rel}","templated":true}]}}