{"id":54557,"date":"2023-07-16T13:21:56","date_gmt":"2023-07-16T11:21:56","guid":{"rendered":"https:\/\/ak47.nu\/produkt\/kolser-replika-arkebus-muskedunder\/"},"modified":"2025-12-17T13:26:43","modified_gmt":"2025-12-17T12:26:43","slug":"kolser-replika-arkebus-muskedunder","status":"publish","type":"product","link":"https:\/\/ak47.nu\/fr\/produit\/repliques\/replique-darmes-de-guerre\/kolser-replika-arkebus-muskedunder\/","title":{"rendered":"Kolser &#8211; Replika &#8211; Arkebus \/ muskedunder"},"content":{"rendered":"<p>Kolser &#8211; 1800 -talets arquebus flintl\u00e5s pistol<\/p>\n<p>Magnifik kopia av artonde \u00e5rhundradet arquebus pistol f\u00f6rf\u00e4der till musket. Det har som ett helt dekorerat handtag fr\u00e5n greppet hela v\u00e4gen uppf\u00f6r fatet. Kolser, som tillverkare av denna kopia, str\u00e4var efter att beh\u00e5lla sin originalitet genom att dekorera fatet gjord av metall med vackra ristningar som utsmyckar dess estetik.<\/p>\n<p>Vapens kropp \u00e4r gjord av harts som ger styrka och h\u00e5llbarhet till detta majest\u00e4tiska vapen som \u00e4r 48 cm l\u00e5ng, vilket g\u00f6r det \u00e4nnu mer imponerande n\u00e4r man ut\u00f6var det. Dess m\u00e4ter 48 cm totalt. Dess original anv\u00e4ndes i det europeiska infanteriets led. Det \u00e4r ett vapen av stor betydelse, som kommer att sticker ut bland din samling.<\/p>\n<p>48 cm<\/p>","protected":false},"excerpt":{"rendered":"<p>K\u00f6p h\u00f6gkvalitativa kolser och replikor av arkebus och muskedunder. Utforska v\u00e5rt sortiment av historiska vapen f\u00f6r samlare och entusiaster. Handla nu f\u00f6r att f\u00e5 din autentiska replika levererad snabbt och s\u00e4kert.<\/p>","protected":false},"featured_media":54558,"template":"","meta":[],"product_brand":[],"product_cat":[448],"product_tag":[],"class_list":{"0":"post-54557","1":"product","2":"type-product","3":"status-publish","4":"has-post-thumbnail","6":"product_cat-ovriga-vapen-replikor","7":"pa_brand-kolser","8":"pa_modell-brass","9":"pa_modell-ivory","10":"pa_modell-silver","12":"first","13":"outofstock","14":"sale","15":"taxable","16":"shipping-taxable","17":"purchasable","18":"product-type-variable"},"_links":{"self":[{"href":"https:\/\/ak47.nu\/fr\/wp-json\/wp\/v2\/product\/54557","targetHints":{"allow":["GET"]}}],"collection":[{"href":"https:\/\/ak47.nu\/fr\/wp-json\/wp\/v2\/product"}],"about":[{"href":"https:\/\/ak47.nu\/fr\/wp-json\/wp\/v2\/types\/product"}],"wp:featuredmedia":[{"embeddable":true,"href":"https:\/\/ak47.nu\/fr\/wp-json\/wp\/v2\/media\/54558"}],"wp:attachment":[{"href":"https:\/\/ak47.nu\/fr\/wp-json\/wp\/v2\/media?parent=54557"}],"wp:term":[{"taxonomy":"product_brand","embeddable":true,"href":"https:\/\/ak47.nu\/fr\/wp-json\/wp\/v2\/product_brand?post=54557"},{"taxonomy":"product_cat","embeddable":true,"href":"https:\/\/ak47.nu\/fr\/wp-json\/wp\/v2\/product_cat?post=54557"},{"taxonomy":"product_tag","embeddable":true,"href":"https:\/\/ak47.nu\/fr\/wp-json\/wp\/v2\/product_tag?post=54557"}],"curies":[{"name":"wp","href":"https:\/\/api.w.org\/{rel}","templated":true}]}}