{"id":54597,"date":"2023-07-16T13:22:51","date_gmt":"2023-07-16T11:22:51","guid":{"rendered":"https:\/\/ak47.nu\/produkt\/kolser-replika-1700-tals-flintlaspistol\/"},"modified":"2025-12-03T22:42:15","modified_gmt":"2025-12-03T21:42:15","slug":"kolser-replika-1700-tals-flintlaspistol","status":"publish","type":"product","link":"https:\/\/ak47.nu\/fr\/produit\/repliques\/replique-darmes-de-guerre\/kolser-replika-1700-tals-flintlaspistol\/","title":{"rendered":"Kolser &#8211; Replika &#8211; 1700-tals flintl\u00e5spistol"},"content":{"rendered":"<p>Kolser &#8211; 1800 -talets flintl\u00e5spistol<\/p>\n<p>Otrolig kopia av 1700 -talets tyska flintl\u00e5spistol, med tanke p\u00e5 de noggranna och vackra detaljerna som Kolser ger den den ber\u00f6ringen av exklusivitet och elegans. 1700 -talets vapen, som g\u00e5r tillbaka till det frankiska imperiet tills det blev en del av Preussen<\/p>","protected":false},"excerpt":{"rendered":"<p>Hitta en exakt replika av en 1700-tals flintl\u00e5spistol fr\u00e5n Kolser. Perfekt f\u00f6r samlare och historieentusiaster. Uppt\u00e4ck v\u00e5rt sortiment av autentiska och detaljerade replikor f\u00f6r att l\u00e4gga till en unik touch till din samling. Best\u00e4ll idag och njut av den historiska sk\u00f6nheten och kvaliteten hos en Kolser replika flintl\u00e5spistol fr\u00e5n 1700-talet.<\/p>","protected":false},"featured_media":54602,"template":"","meta":[],"product_brand":[],"product_cat":[448],"product_tag":[],"class_list":{"0":"post-54597","1":"product","2":"type-product","3":"status-publish","4":"has-post-thumbnail","6":"product_cat-ovriga-vapen-replikor","7":"pa_brand-kolser","8":"pa_modell-brass","9":"pa_modell-ivory","10":"pa_modell-silver","12":"first","13":"instock","14":"taxable","15":"shipping-taxable","16":"purchasable","17":"product-type-variable"},"_links":{"self":[{"href":"https:\/\/ak47.nu\/fr\/wp-json\/wp\/v2\/product\/54597","targetHints":{"allow":["GET"]}}],"collection":[{"href":"https:\/\/ak47.nu\/fr\/wp-json\/wp\/v2\/product"}],"about":[{"href":"https:\/\/ak47.nu\/fr\/wp-json\/wp\/v2\/types\/product"}],"wp:featuredmedia":[{"embeddable":true,"href":"https:\/\/ak47.nu\/fr\/wp-json\/wp\/v2\/media\/54602"}],"wp:attachment":[{"href":"https:\/\/ak47.nu\/fr\/wp-json\/wp\/v2\/media?parent=54597"}],"wp:term":[{"taxonomy":"product_brand","embeddable":true,"href":"https:\/\/ak47.nu\/fr\/wp-json\/wp\/v2\/product_brand?post=54597"},{"taxonomy":"product_cat","embeddable":true,"href":"https:\/\/ak47.nu\/fr\/wp-json\/wp\/v2\/product_cat?post=54597"},{"taxonomy":"product_tag","embeddable":true,"href":"https:\/\/ak47.nu\/fr\/wp-json\/wp\/v2\/product_tag?post=54597"}],"curies":[{"name":"wp","href":"https:\/\/api.w.org\/{rel}","templated":true}]}}