{"id":55134,"date":"2023-09-07T15:22:34","date_gmt":"2023-09-07T13:22:34","guid":{"rendered":"https:\/\/ak47.nu\/produkt\/crosman-psm45-4-5mm-luftpistol-fjader\/"},"modified":"2025-12-03T23:59:57","modified_gmt":"2025-12-03T22:59:57","slug":"crosman-psm45-4-5mm-pistolet-a-air-ressort","status":"publish","type":"product","link":"https:\/\/ak47.nu\/fr\/produit\/luftvapen\/pump\/pistoler-pump\/crosman-psm45-4-5mm-pistolet-a-air-ressort\/","title":{"rendered":"Crosman PSM45 4.5mm Pistolet \u00e0 Air Ressort | R\u00e9aliste"},"content":{"rendered":"<h1>Crosman PSM45 4.5mm Pistolet \u00e0 Air Ressort<\/h1>\n<h2>Pistolet \u00e0 air r\u00e9aliste avec culasse en m\u00e9tal<\/h2>\n<p>Le Crosman PSM45 est un pistolet \u00e0 air comprim\u00e9 \u00e0 ressort qui combine un design r\u00e9aliste avec une fonctionnalit\u00e9 fiable. Dot\u00e9 d'une culasse en m\u00e9tal et d'un cadre en polym\u00e8re, il offre une construction solide et un poids qui imite une v\u00e9ritable arme \u00e0 feu. Ce pistolet \u00e0 air est id\u00e9al pour les d\u00e9butants et les tireurs exp\u00e9riment\u00e9s \u00e0 la recherche d'une exp\u00e9rience de tir abordable et divertissante. Vous voulez d\u00e9couvrir d'autres options ? Consultez notre s\u00e9lection d'<a href=\"https:\/\/ak47.nu\/fr\/butik\/\">autres pistolets \u00e0 air<\/a> !<\/p>\n\n<h3>Caract\u00e9ristiques et avantages<\/h3>\n<ul>\n <li><strong>Culasse en m\u00e9tal et cadre en polym\u00e8re :<\/strong> Offre une sensation robuste et r\u00e9aliste.<\/li>\n <li><strong>Poids r\u00e9aliste :<\/strong> Am\u00e9liore la sensation et la manipulation du pistolet.<\/li>\n <li><strong>Rail d'accessoires :<\/strong> Permet de monter des lunettes de vis\u00e9e et d'autres accessoires.<\/li>\n <li><strong>Mires fixes :<\/strong> Offre une r\u00e9f\u00e9rence de vis\u00e9e claire et rapide.<\/li>\n <li><strong>Chargeur de 20 coups :<\/strong> Permet un tir plus rapide et plus continu.<\/li>\n<\/ul>\n\n<h3>Sp\u00e9cifications<\/h3>\n<ul>\n <li>Poids : 0,59 kg<\/li>\n <li>Marque : Crosman<\/li>\n <li>Calibre : .177 (4.5 mm)<\/li>\n <li>Couleur : Noir<\/li>\n <li>Vitesse : BB en acier jusqu'\u00e0 58 m\/s<\/li>\n <li>Longueur totale : 8.25\"<\/li>\n <li>Fonction : R\u00e9p\u00e9teur<\/li>\n <li>Rail : Weaver\/Picatinny<\/li>\n <li>S\u00e9curit\u00e9 : Culasse<\/li>\n <li>Sonorit\u00e9 : 2-Faible-Moyenne<\/li>\n <li>Capacit\u00e9 du chargeur : 20<\/li>\n <li>Type de canon : Canon lisse<\/li>\n <li>Mire avant : Fixe<\/li>\n <li>Mire arri\u00e8re : Fixe<\/li>\n <li>Source d'\u00e9nergie : Piston \u00e0 ressort<\/li>\n <li>Munitions : 5.1gr<\/li>\n<\/ul>\n\n<p>Ce pistolet \u00e0 air a une vitesse allant jusqu'\u00e0 58 m\/s avec des billes d'acier et un chargeur de 20 coups, ce qui vous offre suffisamment de temps de tir avant de recharger. Vous souhaitez voir ce que <a href=\"https:\/\/ak47.nu\/fr\/luftvapen\/\">Crosman a d'autre \u00e0 offrir<\/a> ? Avec le rail d'accessoires, vous pouvez facilement monter des lunettes de vis\u00e9e pour am\u00e9liorer votre pr\u00e9cision. <a href=\"https:\/\/ak47.nu\/fr\/\">Visitez notre site web<\/a> pour voir notre gamme compl\u00e8te de produits !<\/p>","protected":false},"excerpt":{"rendered":"<p>K\u00f6p Crosman PSM45 4.5mm luftpistol med fj\u00e4dermekanism online &#8211; b\u00e4sta pris och snabb leverans. Perfekt f\u00f6r tr\u00e4ning och precisionsskytte.<\/p>","protected":false},"featured_media":55106,"template":"","meta":[],"product_brand":[],"product_cat":[439],"product_tag":[],"class_list":{"0":"post-55134","1":"product","2":"type-product","3":"status-publish","4":"has-post-thumbnail","6":"product_cat-pistoler-pump","7":"pa_brand-crosman","9":"first","10":"outofstock","11":"taxable","12":"shipping-taxable","13":"purchasable","14":"product-type-simple"},"_links":{"self":[{"href":"https:\/\/ak47.nu\/fr\/wp-json\/wp\/v2\/product\/55134","targetHints":{"allow":["GET"]}}],"collection":[{"href":"https:\/\/ak47.nu\/fr\/wp-json\/wp\/v2\/product"}],"about":[{"href":"https:\/\/ak47.nu\/fr\/wp-json\/wp\/v2\/types\/product"}],"wp:featuredmedia":[{"embeddable":true,"href":"https:\/\/ak47.nu\/fr\/wp-json\/wp\/v2\/media\/55106"}],"wp:attachment":[{"href":"https:\/\/ak47.nu\/fr\/wp-json\/wp\/v2\/media?parent=55134"}],"wp:term":[{"taxonomy":"product_brand","embeddable":true,"href":"https:\/\/ak47.nu\/fr\/wp-json\/wp\/v2\/product_brand?post=55134"},{"taxonomy":"product_cat","embeddable":true,"href":"https:\/\/ak47.nu\/fr\/wp-json\/wp\/v2\/product_cat?post=55134"},{"taxonomy":"product_tag","embeddable":true,"href":"https:\/\/ak47.nu\/fr\/wp-json\/wp\/v2\/product_tag?post=55134"}],"curies":[{"name":"wp","href":"https:\/\/api.w.org\/{rel}","templated":true}]}}