{"id":55139,"date":"2023-09-08T09:09:27","date_gmt":"2023-09-08T07:09:27","guid":{"rendered":"https:\/\/ak47.nu\/produkt\/crosman-p10-kit-4-5mm-luftpistol-co2\/"},"modified":"2025-12-03T23:59:59","modified_gmt":"2025-12-03T22:59:59","slug":"crosman-p10-kit-pistolet-a-air-co2-4-5-mm","status":"publish","type":"product","link":"https:\/\/ak47.nu\/fr\/produit\/luftvapen\/co2-airguns\/pistoler-co2-airguns\/crosman-p10-kit-pistolet-a-air-co2-4-5-mm\/","title":{"rendered":"Crosman P10 Kit Pistolet \u00e0 Air Co2 4,5 mm"},"content":{"rendered":"<h1>Crosman P10 Kit Pistolet \u00e0 Air Co2 4,5 mm<\/h1>\n<h2>Aper\u00e7u<\/h2>\n<p>Le kit Crosman P10 est une solution compl\u00e8te pour ceux qui recherchent un pistolet \u00e0 air CO2 amusant et fiable. Il est livr\u00e9 avec tout ce dont vous avez besoin pour commencer - \u00e0 l'exception des cartouches de CO2, qui doivent \u00eatre achet\u00e9es s\u00e9par\u00e9ment. Parfait pour les d\u00e9butants comme pour les tireurs exp\u00e9riment\u00e9s. Pour d\u00e9couvrir notre gamme d'autres produits de qualit\u00e9, consultez notre <a href=\"https:\/\/ak47.nu\/fr\/butik\/\">section pistolets \u00e0 air comprim\u00e9<\/a>.<\/p>\n<h2>Principales caract\u00e9ristiques<\/h2>\n<h3>Canon en acier<\/h3>\n<p>Le canon en acier robuste contribue \u00e0 la pr\u00e9cision et \u00e0 la long\u00e9vit\u00e9. Cela garantit une exp\u00e9rience de tir fiable \u00e0 chaque fois.<\/p>\n<h3>Poign\u00e9e amovible<\/h3>\n<p>La poign\u00e9e amovible facilite le changement rapide et en douceur des cartouches de CO2, minimisant ainsi les interruptions de tir. Vous voulez voir d'autres <a href=\"https:\/\/ak47.nu\/fr\/luftvapen\/co2-airguns\/\">mod\u00e8les Crosman ?<\/a><\/p>\n<h3>Chargeur \u00e0 d\u00e9gagement rapide<\/h3>\n<p>Avec un chargeur \u00e0 d\u00e9gagement rapide pouvant contenir 20 cartouches, vous pouvez recharger rapidement et continuer \u00e0 vous entra\u00eener. C'est parfait pour les s\u00e9ries de tirs rapides et augmente l'efficacit\u00e9 de votre entra\u00eenement.<\/p>\n<h3>Rail Picatinny<\/h3>\n<p>Le rail Picatinny sous le canon vous permet de monter des accessoires tels qu'un laser ou une lampe, ce qui augmente la polyvalence et les applications du pistolet. Pour plus d'informations sur l'entreprise, visitez <a href=\"https:\/\/ak47.nu\/fr\/\">notre site Web<\/a>.<\/p>\n<h3>Syst\u00e8me de vis\u00e9e fixe<\/h3>\n<p>Le syst\u00e8me de vis\u00e9e fixe avec lame et encoche offre une image de vis\u00e9e simple et fiable, ce qui facilite l'atteinte de la cible m\u00eame lors de tirs rapides.<\/p>\n<h2>L'ensemble comprend :<\/h2>\n<ul>\n<li>Pistolet P10<\/li>\n<li>BB Copperhead<\/li>\n<li>Lunettes de s\u00e9curit\u00e9<\/li>\n<\/ul>\n<h2>Sp\u00e9cifications<\/h2>\n<ul>\n<li>Poids : 0,5 kg<\/li>\n<li>Marque : Crosman<\/li>\n<li>Calibre : . 177 (4,5 mm)<\/li>\n<li>Couleur : Noir<\/li>\n<li>Vitesse initiale : BB en acier jusqu'\u00e0 144 m\/s<\/li>\n<li>S\u00e9curit\u00e9 : S\u00e9lecteur<\/li>\n<li>Capacit\u00e9 de tir : 20<\/li>\n<li>Vis\u00e9e avant : Lame fixe<\/li>\n<li>Vis\u00e9e arri\u00e8re : Encoche fixe<\/li>\n<li>Action : Semi-automatique<\/li>\n<li>Source d'alimentation : CO2<\/li>\n<li>Munitions : BB en acier<\/li>\n<\/ul>","protected":false},"excerpt":{"rendered":"<p>K\u00f6p Crosman P10 Kit 4.5mm Luftpistol Co2 online &#8211; B\u00e4sta priser p\u00e5 Co2-luftpistoler hos oss! Med Crosman P10 Kit f\u00e5r du en h\u00f6gkvalitativ och p\u00e5litlig luftpistol f\u00f6r sport- och fritidsbruk. Best\u00e4ll nu och njut av precision och kraft med denna 4.5mm Co2-luftpistol.<\/p>","protected":false},"featured_media":55135,"template":"","meta":[],"product_brand":[],"product_cat":[432],"product_tag":[],"class_list":{"0":"post-55139","1":"product","2":"type-product","3":"status-publish","4":"has-post-thumbnail","6":"product_cat-pistoler-co2-airguns","7":"pa_brand-crosman","9":"first","10":"outofstock","11":"taxable","12":"shipping-taxable","13":"purchasable","14":"product-type-simple"},"_links":{"self":[{"href":"https:\/\/ak47.nu\/fr\/wp-json\/wp\/v2\/product\/55139","targetHints":{"allow":["GET"]}}],"collection":[{"href":"https:\/\/ak47.nu\/fr\/wp-json\/wp\/v2\/product"}],"about":[{"href":"https:\/\/ak47.nu\/fr\/wp-json\/wp\/v2\/types\/product"}],"wp:featuredmedia":[{"embeddable":true,"href":"https:\/\/ak47.nu\/fr\/wp-json\/wp\/v2\/media\/55135"}],"wp:attachment":[{"href":"https:\/\/ak47.nu\/fr\/wp-json\/wp\/v2\/media?parent=55139"}],"wp:term":[{"taxonomy":"product_brand","embeddable":true,"href":"https:\/\/ak47.nu\/fr\/wp-json\/wp\/v2\/product_brand?post=55139"},{"taxonomy":"product_cat","embeddable":true,"href":"https:\/\/ak47.nu\/fr\/wp-json\/wp\/v2\/product_cat?post=55139"},{"taxonomy":"product_tag","embeddable":true,"href":"https:\/\/ak47.nu\/fr\/wp-json\/wp\/v2\/product_tag?post=55139"}],"curies":[{"name":"wp","href":"https:\/\/api.w.org\/{rel}","templated":true}]}}