{"id":55166,"date":"2023-09-08T14:18:28","date_gmt":"2023-09-08T12:18:28","guid":{"rendered":"https:\/\/ak47.nu\/produkt\/crosman-domed-500-st-45mm\/"},"modified":"2025-12-04T00:00:06","modified_gmt":"2025-12-03T23:00:06","slug":"crosman-domed-4-5mm-500-unites","status":"publish","type":"product","link":"https:\/\/ak47.nu\/fr\/produit\/tillbehor-2\/ammo\/45mm-airgun\/crosman-domed-4-5mm-500-unites\/","title":{"rendered":"Crosman Domed 4,5mm - 500 Unit\u00e9s Plombs"},"content":{"rendered":"<h1>Crosman Domed 4,5 mm Plombs - 500 Unit\u00e9s<\/h1>\n<h2>Pour le Tir Longue Distance et la Chasse<\/h2>\n<p>Les <b>Crosman Domed 4,5 mm (500 unit\u00e9s)<\/b> sont id\u00e9ales pour ceux qui ont besoin de munitions pour le tir longue distance et la chasse. <a href=\"https:\/\/ak47.nu\/fr\/butik\/\">Ces plombs<\/a> sont en forme de d\u00f4me, ce qui signifie qu'ils ont un nez arrondi qui r\u00e9duit la r\u00e9sistance a\u00e9rodynamique et offre un vol plus stable.<\/p>\n<h3>Sp\u00e9cifications :<\/h3>\n<ul>\n <li><b>Poids :<\/b> 0,255 kg<\/li>\n <li><b>Marque :<\/b> Crosman<\/li>\n <li><b>Calibre :<\/b> .177 (4,5 mm)<\/li>\n <li><b>Poids par plomb :<\/b> 7,9gr\/ 0,51g<\/li>\n <li><b>Type de munition :<\/b> Plombs<\/li>\n <li><b>Forme de la munition :<\/b> Domed (D\u00f4me)<\/li>\n <li><b>Quantit\u00e9 :<\/b> 500<\/li>\n <li><b>Mat\u00e9riau :<\/b> Plomb<\/li>\n<\/ul>\n<p>Les plombs sont fabriqu\u00e9s en plomb et sont livr\u00e9s dans un emballage de 500 unit\u00e9s. Avec leur calibre de 4,5 mm, <a href=\"https:\/\/ak47.nu\/fr\/butik\/\">ces plombs<\/a> conviennent \u00e0 la plupart des armes \u00e0 air comprim\u00e9. La conception a\u00e9rodynamique contribue \u00e0 une pr\u00e9cision et une port\u00e9e accrues, ce qui les rend adapt\u00e9s au tir sur cible et \u00e0 la chasse. Pour plus d'informations sur <a href=\"https:\/\/ak47.nu\/fr\/tillbehor-2\/ammo\/45mm-airgun\/\">nos produits de munitions<\/a>, visitez notre site web. Ces plombs de <a href=\"https:\/\/ak47.nu\/fr\/\">Crosman<\/a> garantissent une qualit\u00e9 et des performances \u00e9lev\u00e9es \u00e0 chaque tir.<\/p>","protected":false},"excerpt":{"rendered":"<p>K\u00f6p Crosman Domed 500 st 4,5mm &#8211; H\u00f6gkvalitativa diaboler f\u00f6r precisionsskytte. Perfekta f\u00f6r b\u00e5de nyb\u00f6rjare och erfarna skyttar. Best\u00e4ll idag f\u00f6r snabb leverans!<\/p>","protected":false},"featured_media":55162,"template":"","meta":[],"product_brand":[],"product_cat":[461],"product_tag":[],"class_list":{"0":"post-55166","1":"product","2":"type-product","3":"status-publish","4":"has-post-thumbnail","6":"product_cat-45mm-airgun","7":"pa_brand-crosman","9":"first","10":"outofstock","11":"taxable","12":"shipping-taxable","13":"purchasable","14":"product-type-simple"},"_links":{"self":[{"href":"https:\/\/ak47.nu\/fr\/wp-json\/wp\/v2\/product\/55166","targetHints":{"allow":["GET"]}}],"collection":[{"href":"https:\/\/ak47.nu\/fr\/wp-json\/wp\/v2\/product"}],"about":[{"href":"https:\/\/ak47.nu\/fr\/wp-json\/wp\/v2\/types\/product"}],"wp:featuredmedia":[{"embeddable":true,"href":"https:\/\/ak47.nu\/fr\/wp-json\/wp\/v2\/media\/55162"}],"wp:attachment":[{"href":"https:\/\/ak47.nu\/fr\/wp-json\/wp\/v2\/media?parent=55166"}],"wp:term":[{"taxonomy":"product_brand","embeddable":true,"href":"https:\/\/ak47.nu\/fr\/wp-json\/wp\/v2\/product_brand?post=55166"},{"taxonomy":"product_cat","embeddable":true,"href":"https:\/\/ak47.nu\/fr\/wp-json\/wp\/v2\/product_cat?post=55166"},{"taxonomy":"product_tag","embeddable":true,"href":"https:\/\/ak47.nu\/fr\/wp-json\/wp\/v2\/product_tag?post=55166"}],"curies":[{"name":"wp","href":"https:\/\/api.w.org\/{rel}","templated":true}]}}