{"id":55180,"date":"2023-09-11T10:24:27","date_gmt":"2023-09-11T08:24:27","guid":{"rendered":"https:\/\/ak47.nu\/produkt\/kolser-replika-colt-peacemaker-revolver-replika-11-675-pipa\/"},"modified":"2026-01-24T14:47:03","modified_gmt":"2026-01-24T13:47:03","slug":"kolser-replika-colt-peacemaker-revolver-replika-11-675-pipa","status":"publish","type":"product","link":"https:\/\/ak47.nu\/fr\/produit\/repliques\/revolvrar-replikor\/kolser-replika-colt-peacemaker-revolver-replika-11-675-pipa\/","title":{"rendered":"Kolser &#8211; Replika &#8211; Colt Peacemaker Revolver Replika 1:1 &#8211; 6,75&#8243; Pipa"},"content":{"rendered":"<p>Colt Peacemaker revolver replika 1:1 &#8211; 31 CM l\u00e5ng, 6,75&#8243; Pipa<br \/><b>OBS Replika kulor ing\u00e5r, leksaksknallpulver (100 pack 1 skott) passar till dessa kulor!<br \/>Denna revolver kan ej skjuta riktiga kulor utan \u00e4r enbart till f\u00f6r dekoration, historisk reenactment eller dylikt. Det rekommenderas ej att anv\u00e4nda kulor utan knallpulver skott d\u00e5 detta kan skada revolvern och\/eller kula, det rekommenderas \u00e4ven att olja in mekanismens delar till och fr\u00e5n.<\/b><\/p>\n<p>En underbar Colt revolver replika fr\u00e5n Kolser f\u00f6r dig som vill \u00e5teruppleva den vilda v\u00e4stern.<\/p>\n<p>Colt single action USA 1873 6,75&#8243; pipa replika revolver modellen finns i m\u00e4ssing-, bl\u00e5else-, nickelpl\u00e4terad- och \u00e5ldrad metall-finish, uppn\u00e5dd genom manuella processer som appliceras p\u00e5 varje del av pistolen, vilket \u00e5terskapar en av Gamla V\u00e4sterns mest emblematiska pistoler.<\/p>\n<p>Kolser beh\u00e5ller de ursprungliga m\u00e5tten p\u00e5 den 31 cm l\u00e5nga &#8217;73 Single Action som, i kombination med vikten av dess grepp gjorda av \u00e4kta tr\u00e4 eller ett h\u00f6gkvalitativt handtag i antingen elfenbensimitation, imiterat ben eller imiterat tr\u00e4, g\u00f6r att den ser ut och k\u00e4nns som en riktig Colt 45.<\/p>\n<p>F\u00f6rmodligen den mest k\u00e4nda av de gamla v\u00e4sternvapnen. Historiskt sett anv\u00e4ndes Colt revolvrar fr\u00e5n eran av s\u00e5dana som Buffalo Bill, Pat Garret och Wild Bill Hickock.<\/p>\n<p>Denna Colt Single Action replika har en fungerande mekanism och en omladdningsbar roterande cylinder f\u00f6r Kolser tillverkade imitationskulor som ocks\u00e5 \u00e4r anpassade f\u00f6r knallpulver.<\/p>","protected":false},"excerpt":{"rendered":"<p>K\u00f6p en 1:1 replika av en Colt Peacemaker Revolver med 6,75&#8243; pipa fr\u00e5n Kolser. Perfekt f\u00f6r samlare och revolverentusiaster.<\/p>","protected":false},"featured_media":55196,"template":"","meta":[],"product_brand":[],"product_cat":[443],"product_tag":[],"class_list":{"0":"post-55180","1":"product","2":"type-product","3":"status-publish","4":"has-post-thumbnail","6":"product_cat-revolvrar-replikor","7":"pa_brand-kolser","8":"pa_modell-imitation-bone-bull","9":"pa_modell-imitation-bone-snake","10":"pa_modell-imitation-ivory","11":"pa_modell-imitation-wood","12":"pa_modell-real-wood","14":"first","15":"outofstock","16":"sale","17":"taxable","18":"shipping-taxable","19":"purchasable","20":"product-type-variable"},"_links":{"self":[{"href":"https:\/\/ak47.nu\/fr\/wp-json\/wp\/v2\/product\/55180","targetHints":{"allow":["GET"]}}],"collection":[{"href":"https:\/\/ak47.nu\/fr\/wp-json\/wp\/v2\/product"}],"about":[{"href":"https:\/\/ak47.nu\/fr\/wp-json\/wp\/v2\/types\/product"}],"wp:featuredmedia":[{"embeddable":true,"href":"https:\/\/ak47.nu\/fr\/wp-json\/wp\/v2\/media\/55196"}],"wp:attachment":[{"href":"https:\/\/ak47.nu\/fr\/wp-json\/wp\/v2\/media?parent=55180"}],"wp:term":[{"taxonomy":"product_brand","embeddable":true,"href":"https:\/\/ak47.nu\/fr\/wp-json\/wp\/v2\/product_brand?post=55180"},{"taxonomy":"product_cat","embeddable":true,"href":"https:\/\/ak47.nu\/fr\/wp-json\/wp\/v2\/product_cat?post=55180"},{"taxonomy":"product_tag","embeddable":true,"href":"https:\/\/ak47.nu\/fr\/wp-json\/wp\/v2\/product_tag?post=55180"}],"curies":[{"name":"wp","href":"https:\/\/api.w.org\/{rel}","templated":true}]}}