{"id":55400,"date":"2023-09-13T09:38:25","date_gmt":"2023-09-13T07:38:25","guid":{"rendered":"https:\/\/ak47.nu\/produkt\/gelbee-gfgbb7-water-bead-gel-bbs-for-gel-bb-blasters-20000-st\/"},"modified":"2025-08-21T10:33:10","modified_gmt":"2025-08-21T08:33:10","slug":"gelbee-gfgb7-billes-de-gel-a-eau-20000-unites","status":"publish","type":"product","link":"https:\/\/ak47.nu\/fr\/produit\/tillbehor-2\/ammo\/gelbee-gfgb7-billes-de-gel-a-eau-20000-unites\/","title":{"rendered":"Gelbee GFGBB7 Billes de Gel \u00e0 Eau, 20000 Unit\u00e9s | Gelbee"},"content":{"rendered":"<h1>Gelbee GFGBB7 Billes de Gel \u00e0 Eau pour Blasters de Billes de Gel (20000 Unit\u00e9s)<\/h1>\n\n<h2>Billes de Gel \u00c9cologiques et Pratiques<\/h2>\n<p>D\u00e9couvrez Gelbee GFGBB7, des billes de gel \u00e9cologiques parfaites pour vos blasters de billes de gel. Ces billes de gel non toxiques, non tachantes et non irritantes ne n\u00e9cessitent aucun nettoyage et offrent juste assez de \"stick\" pour vous faire savoir que vous avez \u00e9t\u00e9 touch\u00e9. \u00c9vitez le nettoyage et profitez de jeux remplis d'action !<\/p>\n\n<h2>Caract\u00e9ristiques<\/h2>\n<ul>\n    <li><b>\u00c9cologiques:<\/b> Fabriqu\u00e9es \u00e0 partir de polym\u00e8re super absorbant (SAP) qui est doux pour l'environnement.<\/li>\n    <li><b>Non Toxiques et S\u00fbres:<\/b> Peuvent \u00eatre utilis\u00e9es sans risque d'irritation ou de dommages.<\/li>\n    <li><b>Pas de Nettoyage:<\/b> Ne laissent pas de taches et ne n\u00e9cessitent aucun nettoyage ult\u00e9rieur. Parfaites pour une utilisation en ext\u00e9rieur !<\/li>\n    <li><b>Sac Refermable:<\/b> Livr\u00e9es dans un sac pratique et autonome qui r\u00e9duit les d\u00e9chets d'emballage et maintient vos billes de gel organis\u00e9es.<\/li>\n    <li><b>20000 Unit\u00e9s:<\/b>  Chaque sac contient 20000 billes de gel, vous offrant ainsi beaucoup de munitions pour un jeu durable.<\/li>\n<\/ul>\n\n<h2>Utilisation<\/h2>\n<p>Les billes de gel se dilatent jusqu'\u00e0 10 fois leur taille lorsqu'elles sont ajout\u00e9es \u00e0 l'eau. Cela les rend faciles \u00e0 pr\u00e9parer et \u00e0 utiliser. Parfaites pour tous les blasters de billes de gel. Tirez le meilleur parti de votre <a href=\"https:\/\/ak47.nu\/fr\/butik\/\">Blaster de Gel<\/a> avec ces <a href=\"https:\/\/ak47.nu\/fr\/tillbehor-2\/ammo\/\">munitions<\/a>.<\/p>\n\n<h2>Sp\u00e9cifications<\/h2>\n<ul>\n    <li>UGS: GFGBB7<\/li>\n    <li>Quantit\u00e9: 20000<\/li>\n<\/ul>\n\n<p>Commandez d\u00e8s aujourd'hui vos billes de gel \u00e0 eau Gelbee GFGBB7 et pr\u00e9parez-vous \u00e0 l'action ! Consultez notre large gamme et <a href=\"https:\/\/ak47.nu\/fr\/\">am\u00e9liorez votre exp\u00e9rience de jeu !<\/a><\/p>","protected":false},"excerpt":{"rendered":"<p>K\u00f6p Gelbee GFGBB7 Water Bead Gel-BBs f\u00f6r Gel-BB Blasters &#8211; 20000 st | Gel-BB Blasters tillbeh\u00f6r | H\u00f6gkvalitativa vattenkulor f\u00f6r optimal prestanda | Snabb leverans | K\u00f6p online nu!<\/p>","protected":false},"featured_media":55392,"template":"","meta":[],"product_brand":[],"product_cat":[458,450],"product_tag":[],"class_list":{"0":"post-55400","1":"product","2":"type-product","3":"status-publish","4":"has-post-thumbnail","6":"product_cat-ammo","7":"product_cat-tillbehor-2","8":"pa_brand-gelbee","9":"pa_farg-gul","11":"first","12":"outofstock","13":"sale","14":"taxable","15":"shipping-taxable","16":"purchasable","17":"product-type-simple"},"_links":{"self":[{"href":"https:\/\/ak47.nu\/fr\/wp-json\/wp\/v2\/product\/55400","targetHints":{"allow":["GET"]}}],"collection":[{"href":"https:\/\/ak47.nu\/fr\/wp-json\/wp\/v2\/product"}],"about":[{"href":"https:\/\/ak47.nu\/fr\/wp-json\/wp\/v2\/types\/product"}],"wp:featuredmedia":[{"embeddable":true,"href":"https:\/\/ak47.nu\/fr\/wp-json\/wp\/v2\/media\/55392"}],"wp:attachment":[{"href":"https:\/\/ak47.nu\/fr\/wp-json\/wp\/v2\/media?parent=55400"}],"wp:term":[{"taxonomy":"product_brand","embeddable":true,"href":"https:\/\/ak47.nu\/fr\/wp-json\/wp\/v2\/product_brand?post=55400"},{"taxonomy":"product_cat","embeddable":true,"href":"https:\/\/ak47.nu\/fr\/wp-json\/wp\/v2\/product_cat?post=55400"},{"taxonomy":"product_tag","embeddable":true,"href":"https:\/\/ak47.nu\/fr\/wp-json\/wp\/v2\/product_tag?post=55400"}],"curies":[{"name":"wp","href":"https:\/\/api.w.org\/{rel}","templated":true}]}}