{"id":55405,"date":"2023-09-13T10:39:29","date_gmt":"2023-09-13T08:39:29","guid":{"rendered":"https:\/\/ak47.nu\/produkt\/game-face-gfbdb-pro-darts-100-st\/"},"modified":"2025-08-21T10:33:08","modified_gmt":"2025-08-21T08:33:08","slug":"game-face-gfbdb-pro-darts-100-pcs","status":"publish","type":"product","link":"https:\/\/ak47.nu\/fr\/produit\/tillbehor-2\/ammo\/game-face-gfbdb-pro-darts-100-pcs\/","title":{"rendered":"Game Face GFBDB Pro Darts 100 Pcs"},"content":{"rendered":"<h1>Game Face GFBDB Pro Darts 100 Pcs<\/h1>\n<h2>Am\u00e9liorez vos performances de fl\u00e9chettes avec les Game Face Pro Darts<\/h2>\n<p>Les Game Face GFBDB Pro Darts sont con\u00e7ues pour vous donner un avantage concurrentiel. Ces fl\u00e9chettes demi-longueur de qualit\u00e9 comp\u00e9tition sont fabriqu\u00e9es avec des composants et de la mousse extra-l\u00e9gers, ce qui se traduit par une vitesse accrue et une pr\u00e9cision fiable. Avec un paquet de 100, vous aurez suffisamment de munitions pour dominer le jeu. S'adapte parfaitement aux blasters Game Face Trion, Geon et autres. D\u00e9couvrez notre large gamme de <a href=\"https:\/\/ak47.nu\/fr\/butik\/\">blasters compatibles<\/a> pour maximiser votre exp\u00e9rience de jeu. Visitez notre <a href=\"https:\/\/ak47.nu\/fr\/tillbehor-2\/ammo\/\">cat\u00e9gorie de fl\u00e9chettes<\/a> pour trouver plus d'options et d'accessoires. Pour plus d'informations sur Game Face et nos produits, visitez <a href=\"https:\/\/ak47.nu\/fr\/\">notre page d'accueil<\/a>.<\/p>\n<h3>Caract\u00e9ristiques principales :<\/h3>\n<ul>\n <li><b>Qualit\u00e9 Comp\u00e9tition :<\/b> Con\u00e7ues pour les joueurs de fl\u00e9chettes s\u00e9rieux.<\/li>\n <li><b>Fl\u00e9chettes Demi-Longueur :<\/b> Compatibles avec Trion, Geon et autres blasters.<\/li>\n <li><b>Extra-L\u00e9g\u00e8res :<\/b> Offrent une vitesse accrue sans compromettre la pr\u00e9cision.<\/li>\n <li><b>Paquet de 100 :<\/b> Vous assure d'avoir suffisamment de munitions pour une utilisation prolong\u00e9e.<\/li>\n<\/ul>\n<p>Avec les Game Face Pro Darts, vous obtenez une combinaison de vitesse, de pr\u00e9cision et de fiabilit\u00e9. Am\u00e9liorez votre exp\u00e9rience de fl\u00e9chettes d\u00e8s aujourd'hui !<\/p>","protected":false},"excerpt":{"rendered":"<p>K\u00f6p Game Face GFBDB Pro Darts 100 st online &#8211; Perfekt f\u00f6r dartentusiaster. Med h\u00f6g kvalitet och precision \u00e4r dessa dartpilar ett utm\u00e4rkt val f\u00f6r b\u00e5de nyb\u00f6rjare och erfarna spelare. Best\u00e4ll nu och f\u00f6rb\u00e4ttra ditt dartspel med dessa professionella dartpilar.<\/p>","protected":false},"featured_media":55401,"template":"","meta":[],"product_brand":[],"product_cat":[458,450],"product_tag":[],"class_list":{"0":"post-55405","1":"product","2":"type-product","3":"status-publish","4":"has-post-thumbnail","6":"product_cat-ammo","7":"product_cat-tillbehor-2","8":"pa_brand-game-face","9":"pa_farg-gron","11":"first","12":"outofstock","13":"sale","14":"taxable","15":"shipping-taxable","16":"purchasable","17":"product-type-simple"},"_links":{"self":[{"href":"https:\/\/ak47.nu\/fr\/wp-json\/wp\/v2\/product\/55405","targetHints":{"allow":["GET"]}}],"collection":[{"href":"https:\/\/ak47.nu\/fr\/wp-json\/wp\/v2\/product"}],"about":[{"href":"https:\/\/ak47.nu\/fr\/wp-json\/wp\/v2\/types\/product"}],"wp:featuredmedia":[{"embeddable":true,"href":"https:\/\/ak47.nu\/fr\/wp-json\/wp\/v2\/media\/55401"}],"wp:attachment":[{"href":"https:\/\/ak47.nu\/fr\/wp-json\/wp\/v2\/media?parent=55405"}],"wp:term":[{"taxonomy":"product_brand","embeddable":true,"href":"https:\/\/ak47.nu\/fr\/wp-json\/wp\/v2\/product_brand?post=55405"},{"taxonomy":"product_cat","embeddable":true,"href":"https:\/\/ak47.nu\/fr\/wp-json\/wp\/v2\/product_cat?post=55405"},{"taxonomy":"product_tag","embeddable":true,"href":"https:\/\/ak47.nu\/fr\/wp-json\/wp\/v2\/product_tag?post=55405"}],"curies":[{"name":"wp","href":"https:\/\/api.w.org\/{rel}","templated":true}]}}