{"id":56829,"date":"2024-01-12T08:47:41","date_gmt":"2024-01-12T07:47:41","guid":{"rendered":"https:\/\/ak47.nu\/produkt\/replica-of-military-sharps-carbine-usa-1859\/"},"modified":"2025-08-21T10:31:57","modified_gmt":"2025-08-21T08:31:57","slug":"replique-fusil-sharps-militaire-usa-1859","status":"publish","type":"product","link":"https:\/\/ak47.nu\/fr\/produit\/repliques\/gevar-replikor\/replique-fusil-sharps-militaire-usa-1859\/","title":{"rendered":"R\u00e9plique du fusil Sharps Militaire, USA 1859 | DENIX"},"content":{"rendered":"<h1>R\u00e9plique du fusil Sharps Militaire, USA 1859<\/h1>\n<h2>R\u00e9plique historique d'un fusil Sharps de la guerre de S\u00e9cession<\/h2>\n<p>Revivez les reconstitutions historiques de la guerre de S\u00e9cession avec la r\u00e9plique DENIX de ce fusil ! Cette reproduction d'un fusil est faite de m\u00e9tal et de bois, avec un m\u00e9canisme simul\u00e9 de chargement et de tir. <a href=\"https:\/\/ak47.nu\/fr\/\">Explorez notre gamme de r\u00e9pliques d'armes<\/a>.<\/p>\n<h3>Fusil Sharps : Une conception r\u00e9volutionnaire<\/h3>\n<p>Le fusil Sharps, cr\u00e9\u00e9 \u00e0 partir du design de Christian Sharps en 1848, \u00e9tait un fusil \u00e0 verrou qui, en plus de pouvoir utiliser la capsule fulminante standard, avait un m\u00e9canisme d'amor\u00e7age plut\u00f4t inhabituel. Il contenait une colonne de capsules fulminantes et en pla\u00e7ait une sur la chemin\u00e9e \u00e0 chaque fois que la g\u00e2chette \u00e9tait serr\u00e9e et que le marteau tombait, ce qui facilitait le tir. <a href=\"https:\/\/ak47.nu\/fr\/repliques\/gevar-replikor\/\">D\u00e9couvrez d'autres r\u00e9pliques de la guerre de S\u00e9cession<\/a>.<\/p>\n<h3>Populaire pendant la guerre de S\u00e9cession et les guerres indiennes<\/h3>\n<p>La version fusil des Sharps \u00e9tait tr\u00e8s populaire dans la cavalerie de l'Union et de la Conf\u00e9d\u00e9ration, et contrairement au fusil, environ 90 000 exemplaires du mod\u00e8le 1859 ont \u00e9t\u00e9 fabriqu\u00e9s. Son verrou se pr\u00eatait aux conversions. De nouvelles cartouches m\u00e9talliques ont \u00e9t\u00e9 d\u00e9velopp\u00e9es \u00e0 la fin des ann\u00e9es 1860, de sorte que de nombreux fusils ont \u00e9t\u00e9 utilis\u00e9s pendant les guerres indiennes dans les d\u00e9cennies qui ont suivi la guerre de S\u00e9cession (1861-1865). <a href=\"https:\/\/ak47.nu\/fr\/butik\/\">Voir des r\u00e9pliques d'armes historiques similaires<\/a>.<\/p>\n<ul>\n <li>Dimensions : 101 cm<\/li>\n <li>Poids : 2 505 g<\/li>\n<\/ul>","protected":false},"excerpt":{"rendered":"<p>R\u00e9plique du fusil Sharps Militaire, USA 1859 R\u00e9plique historique d&#8217;un fusil Sharps de la guerre de S\u00e9cession Revivez les reconstitutions historiques de la guerre de S\u00e9cession avec la r\u00e9plique DENIX de ce fusil ! Cette reproduction d&#8217;un fusil est faite de m\u00e9tal et de bois, avec un m\u00e9canisme simul\u00e9 de chargement et de tir. Explorez [&#8230;]","protected":false},"featured_media":56793,"template":"","meta":[],"product_brand":[],"product_cat":[446,441],"product_tag":[],"class_list":{"0":"post-56829","1":"product","2":"type-product","3":"status-publish","4":"has-post-thumbnail","6":"product_cat-gevar-replikor","7":"product_cat-replikor","8":"pa_brand-denix","10":"first","11":"outofstock","12":"sale","13":"taxable","14":"shipping-taxable","15":"purchasable","16":"product-type-simple"},"_links":{"self":[{"href":"https:\/\/ak47.nu\/fr\/wp-json\/wp\/v2\/product\/56829","targetHints":{"allow":["GET"]}}],"collection":[{"href":"https:\/\/ak47.nu\/fr\/wp-json\/wp\/v2\/product"}],"about":[{"href":"https:\/\/ak47.nu\/fr\/wp-json\/wp\/v2\/types\/product"}],"wp:featuredmedia":[{"embeddable":true,"href":"https:\/\/ak47.nu\/fr\/wp-json\/wp\/v2\/media\/56793"}],"wp:attachment":[{"href":"https:\/\/ak47.nu\/fr\/wp-json\/wp\/v2\/media?parent=56829"}],"wp:term":[{"taxonomy":"product_brand","embeddable":true,"href":"https:\/\/ak47.nu\/fr\/wp-json\/wp\/v2\/product_brand?post=56829"},{"taxonomy":"product_cat","embeddable":true,"href":"https:\/\/ak47.nu\/fr\/wp-json\/wp\/v2\/product_cat?post=56829"},{"taxonomy":"product_tag","embeddable":true,"href":"https:\/\/ak47.nu\/fr\/wp-json\/wp\/v2\/product_tag?post=56829"}],"curies":[{"name":"wp","href":"https:\/\/api.w.org\/{rel}","templated":true}]}}