{"id":57644,"date":"2024-04-11T16:26:12","date_gmt":"2024-04-11T14:26:12","guid":{"rendered":"https:\/\/ak47.nu\/produkt\/jj-custom-works-colt-45-peacemaker-holster-hoger-4-75-ljusbrun-plain-nickelnitar\/"},"modified":"2025-12-04T02:14:29","modified_gmt":"2025-12-04T01:14:29","slug":"jj-custom-works-colt-45-peacemaker-holster-hoger-4-75-ljusbrun-plain-nickelnitar","status":"publish","type":"product","link":"https:\/\/ak47.nu\/fr\/produit\/tillbehor-2\/troupes\/jj-custom-works-colt-45-peacemaker-holster-hoger-4-75-ljusbrun-plain-nickelnitar\/","title":{"rendered":"Colt .45 Peacemaker H\u00f6lster &#8211; H\u00f6ger &#8211; 4.75&#8243; &#8211; Ljusbrun &#8211; Plain &#8211; Nickelnitar"},"content":{"rendered":"<p><strong>Handgjort h\u00f6lster f\u00f6r Colt .45 Peacemaker Revolvrar och liknande!<\/strong><\/p>\n<p>Helt handgjort i Sverige av svenskt vegitabiliskt garvat l\u00e4der fr\u00e5n T\u00e4rnsj\u00f6. T\u00e4rnsj\u00f6 l\u00e4der \u00e4r av fantastisk bra kvalite och kommer vid r\u00e4tt sk\u00f6tsel h\u00e5lla en livstid. <\/p>\n<p> v\u00e5ra h\u00f6lster tillverkas i Arboga och kan f\u00e5s i upp till tusentals olika varianter. Allt fr\u00e5n l\u00e4ngder 2,25 tum till 12 tums pipa, h\u00f6ger eller v\u00e4nster, i tretton eller flera olika f\u00e4rger &#8211; med olika typer av m\u00f6nster eller stilrent utan. Vi har h\u00f6lstret f\u00f6r att passa till just dig! V\u00e5ra h\u00f6lster \u00e4r av h\u00f6g kvalite och har superbra passform.  <br \/> Vi \u00e4r stolta \u00f6ver att kunna presentera en s\u00e5dan kvalitetsprodukt till s\u00e5dant l\u00e5gt pris som dessa med s\u00e5 m\u00e5nga olika valm\u00f6jligheter. Observera att detta \u00e4r vegitabiliskt garvat l\u00e4der! Inget kromgarvat milj\u00f6farligt avfall! <\/p>\n<p> Sm\u00f6rj g\u00e4rna h\u00f6lstret regelbundet med l\u00e4derfett f\u00f6r att h\u00e5lla det i gott skick. Vi har gjort dem f\u00f6r att desstuom vara enkla att reparera om olyckan \u00e4r framme, att reparera stygn och byta nitar \u00e4r enkelt. <\/p>\n<p> Vi g\u00f6r dessa av svenskt l\u00e4der fr\u00e5n T\u00e4rnsj\u00f6 garveri och det \u00e4r s\u00e5 klart vegitabiliskt garvad l\u00e4der! Detta \u00e4r en h\u00e5llbar och milj\u00f6v\u00e4nlig produkt utan farliga kemikalier s\u00e5som m\u00e5nga andra kromgarvade produkter. Detta \u00e4r en lokalt producerad produkt utan on\u00f6diga transporter baserade p\u00e5 l\u00e4der fr\u00e5n svenska kor med bland v\u00e4rldens b\u00e4sta djurh\u00e5llning. <\/p>","protected":false},"excerpt":{"rendered":"<p>Handgjort H\u00f6lster f\u00f6r Western revolver colt 45 peacemaker gjort av svenskt t\u00e4rnsj\u00f6l\u00e4der av h\u00f6g kvalitet<\/p>","protected":false},"featured_media":57664,"template":"","meta":[],"product_brand":[],"product_cat":[563],"product_tag":[],"class_list":{"0":"post-57644","1":"product","2":"type-product","3":"status-publish","4":"has-post-thumbnail","6":"product_cat-holsters","7":"pa_brand-jj-custom-works","8":"pa_modell-left-side-12-2","9":"pa_modell-left-side-225-2","10":"pa_modell-left-side-475","11":"pa_modell-left-side-55","12":"pa_modell-left-side-75","13":"pa_modell-right-side-12","14":"pa_modell-right-side-225","15":"pa_modell-right-side-475","16":"pa_modell-right-side-55","17":"pa_modell-right-side-75","19":"first","20":"instock","21":"taxable","22":"shipping-taxable","23":"purchasable","24":"product-type-variable"},"_links":{"self":[{"href":"https:\/\/ak47.nu\/fr\/wp-json\/wp\/v2\/product\/57644","targetHints":{"allow":["GET"]}}],"collection":[{"href":"https:\/\/ak47.nu\/fr\/wp-json\/wp\/v2\/product"}],"about":[{"href":"https:\/\/ak47.nu\/fr\/wp-json\/wp\/v2\/types\/product"}],"wp:featuredmedia":[{"embeddable":true,"href":"https:\/\/ak47.nu\/fr\/wp-json\/wp\/v2\/media\/57664"}],"wp:attachment":[{"href":"https:\/\/ak47.nu\/fr\/wp-json\/wp\/v2\/media?parent=57644"}],"wp:term":[{"taxonomy":"product_brand","embeddable":true,"href":"https:\/\/ak47.nu\/fr\/wp-json\/wp\/v2\/product_brand?post=57644"},{"taxonomy":"product_cat","embeddable":true,"href":"https:\/\/ak47.nu\/fr\/wp-json\/wp\/v2\/product_cat?post=57644"},{"taxonomy":"product_tag","embeddable":true,"href":"https:\/\/ak47.nu\/fr\/wp-json\/wp\/v2\/product_tag?post=57644"}],"curies":[{"name":"wp","href":"https:\/\/api.w.org\/{rel}","templated":true}]}}