{"id":58084,"date":"2024-05-20T13:30:36","date_gmt":"2024-05-20T11:30:36","guid":{"rendered":"https:\/\/ak47.nu\/produkt\/denix-wooden-stand-for-revolvers\/"},"modified":"2025-12-04T02:19:44","modified_gmt":"2025-12-04T01:19:44","slug":"denix-support-bois-revolver","status":"publish","type":"product","link":"https:\/\/ak47.nu\/fr\/produit\/repliques\/tillbehor-replikor\/denix-support-bois-revolver\/","title":{"rendered":"Denix - Support en Bois pour Revolver | Pr\u00e9sentoir R\u00e9plique"},"content":{"rendered":"<h1>Denix Support en Bois pour Revolver<\/h1>\n<h2>Mettez en valeur vos r\u00e9pliques de la meilleure fa\u00e7on<\/h2>\n<p>Ce support en bois de Denix est parfait pour exposer \u00e9l\u00e9gamment vos r\u00e9pliques de revolvers. Le support est con\u00e7u pour mettre en valeur vos r\u00e9pliques et leur donner une place de choix dans votre maison ou votre bureau. Veuillez noter que le revolver n'est pas inclus.<\/p>\n\n<h3>Sp\u00e9cifications du produit<\/h3>\n<ul>\n  <li>Longueur : 33 cm<\/li>\n  <li>Poids : 270 g<\/li>\n<\/ul>\n\n<h3>Parfait pour les collectionneurs<\/h3>\n<p>Si vous \u00eates un collectionneur d'armes de r\u00e9plique, ce support en bois est un incontournable. Il vous donne la possibilit\u00e9 d'exposer vos pr\u00e9cieuses r\u00e9pliques de mani\u00e8re \u00e9l\u00e9gante et s\u00fbre. Placez le support sur une \u00e9tag\u00e8re, un bureau ou dans une vitrine pour cr\u00e9er une exposition impressionnante. Compl\u00e9tez votre collection avec cet \u00e9l\u00e9gant support en bois et donnez \u00e0 vos r\u00e9pliques l'attention qu'elles m\u00e9ritent. D\u00e9couvrez d'autres <a href=\"https:\/\/ak47.nu\/fr\/butik\/\">armes de r\u00e9plique Denix<\/a> chez nous. Trouvez \u00e9galement d'autres <a href=\"https:\/\/ak47.nu\/fr\/repliques\/\">objets de collection et r\u00e9pliques<\/a> qui pourraient vous int\u00e9resser.<\/p>\n<p>Visitez notre <a href=\"https:\/\/ak47.nu\/fr\/\">site web<\/a> pour voir toute notre gamme de produits.<\/p>","protected":false},"excerpt":{"rendered":"<p>Denix Support en Bois pour Revolver Mettez en valeur vos r\u00e9pliques de la meilleure fa\u00e7on Ce support en bois de Denix est parfait pour exposer \u00e9l\u00e9gamment vos r\u00e9pliques de revolvers. Le support est con\u00e7u pour mettre en valeur vos r\u00e9pliques et leur donner une place de choix dans votre maison ou votre bureau. Veuillez noter [&#8230;]","protected":false},"featured_media":58076,"template":"","meta":[],"product_brand":[],"product_cat":[449],"product_tag":[],"class_list":{"0":"post-58084","1":"product","2":"type-product","3":"status-publish","4":"has-post-thumbnail","6":"product_cat-tillbehor-replikor","7":"pa_brand-denix","8":"pa_farg-trad","10":"first","11":"outofstock","12":"taxable","13":"shipping-taxable","14":"purchasable","15":"product-type-simple"},"_links":{"self":[{"href":"https:\/\/ak47.nu\/fr\/wp-json\/wp\/v2\/product\/58084","targetHints":{"allow":["GET"]}}],"collection":[{"href":"https:\/\/ak47.nu\/fr\/wp-json\/wp\/v2\/product"}],"about":[{"href":"https:\/\/ak47.nu\/fr\/wp-json\/wp\/v2\/types\/product"}],"wp:featuredmedia":[{"embeddable":true,"href":"https:\/\/ak47.nu\/fr\/wp-json\/wp\/v2\/media\/58076"}],"wp:attachment":[{"href":"https:\/\/ak47.nu\/fr\/wp-json\/wp\/v2\/media?parent=58084"}],"wp:term":[{"taxonomy":"product_brand","embeddable":true,"href":"https:\/\/ak47.nu\/fr\/wp-json\/wp\/v2\/product_brand?post=58084"},{"taxonomy":"product_cat","embeddable":true,"href":"https:\/\/ak47.nu\/fr\/wp-json\/wp\/v2\/product_cat?post=58084"},{"taxonomy":"product_tag","embeddable":true,"href":"https:\/\/ak47.nu\/fr\/wp-json\/wp\/v2\/product_tag?post=58084"}],"curies":[{"name":"wp","href":"https:\/\/api.w.org\/{rel}","templated":true}]}}