{"id":58102,"date":"2024-05-20T14:13:38","date_gmt":"2024-05-20T12:13:38","guid":{"rendered":"https:\/\/ak47.nu\/produkt\/denix-trastall-2\/"},"modified":"2025-12-04T02:19:51","modified_gmt":"2025-12-04T01:19:51","slug":"presentoir-bois-denix-repliques","status":"publish","type":"product","link":"https:\/\/ak47.nu\/fr\/produit\/repliques\/tillbehor-replikor\/presentoir-bois-denix-repliques\/","title":{"rendered":"Pr\u00e9sentoir en Bois Denix pour R\u00e9pliques"},"content":{"rendered":"<h1>Pr\u00e9sentoir en Bois Denix pour R\u00e9pliques<\/h1>\n<h2>Mettez en valeur vos r\u00e9pliques avec style<\/h2>\n<p>Ce pr\u00e9sentoir en bois de Denix est parfait pour exposer vos r\u00e9pliques de mani\u00e8re \u00e9l\u00e9gante. Compatible avec plusieurs mod\u00e8les Denix. Veuillez noter que la r\u00e9plique n'est pas incluse.<\/p>\n<h3>Caract\u00e9ristiques<\/h3>\n<ul>\n <li>Hauteur : 24 cm<\/li>\n <li>Poids : 53 g<\/li>\n <li>Compatible avec plusieurs r\u00e9pliques Denix<\/li>\n<\/ul>\n<p>Offrez \u00e0 vos r\u00e9pliques l'attention qu'elles m\u00e9ritent avec ce pr\u00e9sentoir en bois de Denix. Parfait pour les collectionneurs et les passionn\u00e9s qui souhaitent exposer leurs r\u00e9pliques avec style. Compl\u00e9tez votre collection d\u00e8s aujourd'hui ! D\u00e9couvrez davantage de <a href=\"https:\/\/ak47.nu\/fr\/butik\/\">r\u00e9pliques Denix<\/a> dans notre gamme. Visitez notre <a href=\"https:\/\/ak47.nu\/fr\/repliques\/\">cat\u00e9gorie de r\u00e9pliques d'armes<\/a> pour voir toute la s\u00e9lection. Plus de produits sont disponibles sur notre <a href=\"https:\/\/ak47.nu\/fr\/\">page d'accueil<\/a>.<\/p>","protected":false},"excerpt":{"rendered":"<p>Pr\u00e9sentoir en Bois Denix pour R\u00e9pliques Mettez en valeur vos r\u00e9pliques avec style Ce pr\u00e9sentoir en bois de Denix est parfait pour exposer vos r\u00e9pliques de mani\u00e8re \u00e9l\u00e9gante. Compatible avec plusieurs mod\u00e8les Denix. Veuillez noter que la r\u00e9plique n&#8217;est pas incluse. Caract\u00e9ristiques Hauteur : 24 cm Poids : 53 g Compatible avec plusieurs r\u00e9pliques Denix [&#8230;]","protected":false},"featured_media":58093,"template":"","meta":[],"product_brand":[],"product_cat":[449],"product_tag":[],"class_list":{"0":"post-58102","1":"product","2":"type-product","3":"status-publish","4":"has-post-thumbnail","6":"product_cat-tillbehor-replikor","7":"pa_brand-denix","8":"pa_farg-trad","10":"first","11":"instock","12":"sale","13":"taxable","14":"shipping-taxable","15":"purchasable","16":"product-type-simple"},"_links":{"self":[{"href":"https:\/\/ak47.nu\/fr\/wp-json\/wp\/v2\/product\/58102","targetHints":{"allow":["GET"]}}],"collection":[{"href":"https:\/\/ak47.nu\/fr\/wp-json\/wp\/v2\/product"}],"about":[{"href":"https:\/\/ak47.nu\/fr\/wp-json\/wp\/v2\/types\/product"}],"wp:featuredmedia":[{"embeddable":true,"href":"https:\/\/ak47.nu\/fr\/wp-json\/wp\/v2\/media\/58093"}],"wp:attachment":[{"href":"https:\/\/ak47.nu\/fr\/wp-json\/wp\/v2\/media?parent=58102"}],"wp:term":[{"taxonomy":"product_brand","embeddable":true,"href":"https:\/\/ak47.nu\/fr\/wp-json\/wp\/v2\/product_brand?post=58102"},{"taxonomy":"product_cat","embeddable":true,"href":"https:\/\/ak47.nu\/fr\/wp-json\/wp\/v2\/product_cat?post=58102"},{"taxonomy":"product_tag","embeddable":true,"href":"https:\/\/ak47.nu\/fr\/wp-json\/wp\/v2\/product_tag?post=58102"}],"curies":[{"name":"wp","href":"https:\/\/api.w.org\/{rel}","templated":true}]}}