{"id":58591,"date":"2024-08-19T10:48:32","date_gmt":"2024-08-19T08:48:32","guid":{"rendered":"https:\/\/ak47.nu\/produkt\/okategoriserad\/derringer-grepp-panel-svart\/"},"modified":"2025-12-04T02:33:12","modified_gmt":"2025-12-04T01:33:12","slug":"plaque-de-poignee-derringer-noire","status":"publish","type":"product","link":"https:\/\/ak47.nu\/fr\/produit\/repliques\/tillbehor-replikor\/plaque-de-poignee-derringer-noire\/","title":{"rendered":"Plaque de poign\u00e9e Derringer - Noire | Kolser"},"content":{"rendered":"<h1>Plaque de poign\u00e9e Derringer - Noire<\/h1>\n<h2>Plaques de poign\u00e9e Kolser Derringer<\/h2>\n<p>Am\u00e9liorez votre r\u00e9plique Kolser Derringer avec ces \u00e9l\u00e9gantes plaques de poign\u00e9e noires. Fabriqu\u00e9es en r\u00e9sine durable, ces plaques offrent \u00e0 la fois style et durabilit\u00e9. S'adapte parfaitement \u00e0 la r\u00e9plique Kolser Derringer mod\u00e8le 8752. Am\u00e9liorez la prise en main et l'apparence de votre r\u00e9plique avec ces plaques de poign\u00e9e de haute qualit\u00e9.<\/p>\n<h3>Caract\u00e9ristiques et avantages<\/h3>\n<ul>\n<li><strong>Couleur :<\/strong> Noir<\/li>\n<li><strong>Mat\u00e9riau :<\/strong> R\u00e9sine r\u00e9sistante<\/li>\n<li><strong>Compatibilit\u00e9 :<\/strong> R\u00e9plique Kolser Derringer mod\u00e8le 8752<\/li>\n<li><strong>Fabricant :<\/strong> Kolser<\/li>\n<li><strong>Num\u00e9ro d'article :<\/strong> 47-1026<\/li>\n<\/ul>\n<p>Ces plaques de poign\u00e9e noires sont faciles \u00e0 installer et offrent une prise en main s\u00fbre. <a href=\"https:\/\/ak47.nu\/fr\/butik\/\">D\u00e9couvrez nos autres produits Kolser<\/a> pour compl\u00e9ter votre collection. Pour plus d'informations sur notre gamme d'accessoires de r\u00e9plique, visitez notre <a href=\"https:\/\/ak47.nu\/fr\/repliques\/\">cat\u00e9gorie d'accessoires de r\u00e9plique<\/a>. Ne manquez pas l'occasion d'am\u00e9liorer votre Kolser Derringer \u2013 <a href=\"https:\/\/ak47.nu\/fr\/\">achetez vos plaques de poign\u00e9e d\u00e8s aujourd'hui\u00a0!<\/a><\/p>","protected":false},"excerpt":{"rendered":"<p>Plaque de poign\u00e9e Derringer &#8211; Noire Plaques de poign\u00e9e Kolser Derringer Am\u00e9liorez votre r\u00e9plique Kolser Derringer avec ces \u00e9l\u00e9gantes plaques de poign\u00e9e noires. Fabriqu\u00e9es en r\u00e9sine durable, ces plaques offrent \u00e0 la fois style et durabilit\u00e9. S&#8217;adapte parfaitement \u00e0 la r\u00e9plique Kolser Derringer mod\u00e8le 8752. Am\u00e9liorez la prise en main et l&#8217;apparence de votre r\u00e9plique [&#8230;]","protected":false},"featured_media":58590,"template":"","meta":[],"product_brand":[],"product_cat":[449],"product_tag":[],"class_list":{"0":"post-58591","1":"product","2":"type-product","3":"status-publish","4":"has-post-thumbnail","6":"product_cat-tillbehor-replikor","7":"pa_brand-kolser","8":"pa_farg-svart","10":"first","11":"instock","12":"sale","13":"taxable","14":"shipping-taxable","15":"purchasable","16":"product-type-simple"},"_links":{"self":[{"href":"https:\/\/ak47.nu\/fr\/wp-json\/wp\/v2\/product\/58591","targetHints":{"allow":["GET"]}}],"collection":[{"href":"https:\/\/ak47.nu\/fr\/wp-json\/wp\/v2\/product"}],"about":[{"href":"https:\/\/ak47.nu\/fr\/wp-json\/wp\/v2\/types\/product"}],"wp:featuredmedia":[{"embeddable":true,"href":"https:\/\/ak47.nu\/fr\/wp-json\/wp\/v2\/media\/58590"}],"wp:attachment":[{"href":"https:\/\/ak47.nu\/fr\/wp-json\/wp\/v2\/media?parent=58591"}],"wp:term":[{"taxonomy":"product_brand","embeddable":true,"href":"https:\/\/ak47.nu\/fr\/wp-json\/wp\/v2\/product_brand?post=58591"},{"taxonomy":"product_cat","embeddable":true,"href":"https:\/\/ak47.nu\/fr\/wp-json\/wp\/v2\/product_cat?post=58591"},{"taxonomy":"product_tag","embeddable":true,"href":"https:\/\/ak47.nu\/fr\/wp-json\/wp\/v2\/product_tag?post=58591"}],"curies":[{"name":"wp","href":"https:\/\/api.w.org\/{rel}","templated":true}]}}