{"id":58595,"date":"2024-08-19T10:48:49","date_gmt":"2024-08-19T08:48:49","guid":{"rendered":"https:\/\/ak47.nu\/produkt\/okategoriserad\/derringer-grepp-panel-imitation-elfenben\/"},"modified":"2026-01-07T14:27:41","modified_gmt":"2026-01-07T13:27:41","slug":"plaquettes-de-crosse-derringer-imitation-ivoire","status":"publish","type":"product","link":"https:\/\/ak47.nu\/fr\/produit\/repliques\/tillbehor-replikor\/plaquettes-de-crosse-derringer-imitation-ivoire\/","title":{"rendered":"Plaquettes de Crosse Derringer - Imitation Ivoire | Kolser"},"content":{"rendered":"<h1>Plaquettes de Crosse Derringer - Imitation Ivoire<\/h1>\n<h2>Plaquettes de Crosse R\u00e9plique Derringer Kolser<\/h2>\n<p>Ces plaquettes de crosse en imitation ivoire de Kolser sont fabriqu\u00e9es en r\u00e9sine r\u00e9sistante et s'adaptent au mod\u00e8le 8752 de r\u00e9plique Derringer Kolser. Am\u00e9liorez votre r\u00e9plique avec ces plaquettes de crosse \u00e9l\u00e9gantes et durables. Explorez notre s\u00e9lection d'autres <a href=\"https:\/\/ak47.nu\/fr\/butik\/\">pi\u00e8ces de r\u00e9plique Kolser<\/a> pour compl\u00e9ter votre collection.<\/p>\n<h3>Caract\u00e9ristiques :<\/h3>\n<ul>\n <li><strong>Mat\u00e9riau :<\/strong> R\u00e9sine r\u00e9sistante<\/li>\n <li><strong>Design :<\/strong> Imitation ivoire<\/li>\n <li><strong>Compatibilit\u00e9 :<\/strong> Compatible avec le mod\u00e8le 8752 de r\u00e9plique Derringer Kolser<\/li>\n<\/ul>\n<p>Pour plus d'informations sur Kolser et ses produits, visitez notre <a href=\"https:\/\/ak47.nu\/fr\/\">page d'accueil<\/a>. Consultez \u00e9galement notre large gamme d'<a href=\"https:\/\/ak47.nu\/fr\/repliques\/\">accessoires pour armes de r\u00e9plique<\/a>.<\/p>","protected":false},"excerpt":{"rendered":"<p>Plaquettes de Crosse Derringer &#8211; Imitation Ivoire Plaquettes de Crosse R\u00e9plique Derringer Kolser Ces plaquettes de crosse en imitation ivoire de Kolser sont fabriqu\u00e9es en r\u00e9sine r\u00e9sistante et s&#8217;adaptent au mod\u00e8le 8752 de r\u00e9plique Derringer Kolser. Am\u00e9liorez votre r\u00e9plique avec ces plaquettes de crosse \u00e9l\u00e9gantes et durables. Explorez notre s\u00e9lection d&#8217;autres pi\u00e8ces de r\u00e9plique Kolser [&#8230;]","protected":false},"featured_media":58594,"template":"","meta":[],"product_brand":[],"product_cat":[449],"product_tag":[],"class_list":{"0":"post-58595","1":"product","2":"type-product","3":"status-publish","4":"has-post-thumbnail","6":"product_cat-tillbehor-replikor","7":"pa_brand-kolser","8":"pa_farg-ben-vit","10":"first","11":"instock","12":"taxable","13":"shipping-taxable","14":"purchasable","15":"product-type-simple"},"_links":{"self":[{"href":"https:\/\/ak47.nu\/fr\/wp-json\/wp\/v2\/product\/58595","targetHints":{"allow":["GET"]}}],"collection":[{"href":"https:\/\/ak47.nu\/fr\/wp-json\/wp\/v2\/product"}],"about":[{"href":"https:\/\/ak47.nu\/fr\/wp-json\/wp\/v2\/types\/product"}],"wp:featuredmedia":[{"embeddable":true,"href":"https:\/\/ak47.nu\/fr\/wp-json\/wp\/v2\/media\/58594"}],"wp:attachment":[{"href":"https:\/\/ak47.nu\/fr\/wp-json\/wp\/v2\/media?parent=58595"}],"wp:term":[{"taxonomy":"product_brand","embeddable":true,"href":"https:\/\/ak47.nu\/fr\/wp-json\/wp\/v2\/product_brand?post=58595"},{"taxonomy":"product_cat","embeddable":true,"href":"https:\/\/ak47.nu\/fr\/wp-json\/wp\/v2\/product_cat?post=58595"},{"taxonomy":"product_tag","embeddable":true,"href":"https:\/\/ak47.nu\/fr\/wp-json\/wp\/v2\/product_tag?post=58595"}],"curies":[{"name":"wp","href":"https:\/\/api.w.org\/{rel}","templated":true}]}}