{"id":58597,"date":"2024-08-19T10:48:54","date_gmt":"2024-08-19T08:48:54","guid":{"rendered":"https:\/\/ak47.nu\/produkt\/okategoriserad\/derringer-grepp-panel-imitation-tra\/"},"modified":"2026-01-07T14:27:45","modified_gmt":"2026-01-07T13:27:45","slug":"plaque-de-poignee-derringer-imitation-bois","status":"publish","type":"product","link":"https:\/\/ak47.nu\/fr\/produit\/repliques\/tillbehor-replikor\/plaque-de-poignee-derringer-imitation-bois\/","title":{"rendered":"Plaque de Poign\u00e9e Derringer - Imitation Bois | Kolser"},"content":{"rendered":"<h1>Plaque de Poign\u00e9e Derringer - Imitation Bois<\/h1>\n<h2>Plaques de Poign\u00e9e pour R\u00e9plique Derringer Kolser<\/h2>\n<p>Ces plaques de poign\u00e9e en imitation bois de Kolser sont fabriqu\u00e9es en r\u00e9sine r\u00e9sistante et s'adaptent parfaitement au mod\u00e8le 8752 de la r\u00e9plique Derringer Kolser. Am\u00e9liorez votre r\u00e9plique avec ces plaques de poign\u00e9e \u00e9l\u00e9gantes et durables.<\/p>\n<h3>Caract\u00e9ristiques :<\/h3>\n<ul>\n <li><strong>Mat\u00e9riau :<\/strong> R\u00e9sine r\u00e9sistante<\/li>\n <li><strong>Design :<\/strong> Imitation bois<\/li>\n <li><strong>Adapt\u00e9 pour :<\/strong> R\u00e9plique Derringer Kolser mod\u00e8le 8752<\/li>\n<\/ul>\n<p>Am\u00e9liorez l'apparence et la sensation de votre r\u00e9plique Derringer Kolser avec ces plaques de poign\u00e9e de haute qualit\u00e9. Consultez notre <a href=\"https:\/\/ak47.nu\/fr\/repliques\/\">cat\u00e9gorie d'armes de r\u00e9plique Kolser<\/a> pour d\u00e9couvrir plus d'accessoires et <a href=\"https:\/\/ak47.nu\/fr\/butik\/\">d'autres pi\u00e8ces de r\u00e9plique<\/a>. Vous pouvez \u00e9galement visiter notre <a href=\"https:\/\/ak47.nu\/fr\/\">page d'accueil<\/a> pour explorer toute notre gamme.<\/p>","protected":false},"excerpt":{"rendered":"<p>Plaque de Poign\u00e9e Derringer &#8211; Imitation Bois Plaques de Poign\u00e9e pour R\u00e9plique Derringer Kolser Ces plaques de poign\u00e9e en imitation bois de Kolser sont fabriqu\u00e9es en r\u00e9sine r\u00e9sistante et s&#8217;adaptent parfaitement au mod\u00e8le 8752 de la r\u00e9plique Derringer Kolser. Am\u00e9liorez votre r\u00e9plique avec ces plaques de poign\u00e9e \u00e9l\u00e9gantes et durables. Caract\u00e9ristiques : Mat\u00e9riau : R\u00e9sine [&#8230;]","protected":false},"featured_media":58596,"template":"","meta":[],"product_brand":[],"product_cat":[449],"product_tag":[],"class_list":{"0":"post-58597","1":"product","2":"type-product","3":"status-publish","4":"has-post-thumbnail","6":"product_cat-tillbehor-replikor","7":"pa_brand-kolser","8":"pa_farg-trad","10":"first","11":"instock","12":"taxable","13":"shipping-taxable","14":"purchasable","15":"product-type-simple"},"_links":{"self":[{"href":"https:\/\/ak47.nu\/fr\/wp-json\/wp\/v2\/product\/58597","targetHints":{"allow":["GET"]}}],"collection":[{"href":"https:\/\/ak47.nu\/fr\/wp-json\/wp\/v2\/product"}],"about":[{"href":"https:\/\/ak47.nu\/fr\/wp-json\/wp\/v2\/types\/product"}],"wp:featuredmedia":[{"embeddable":true,"href":"https:\/\/ak47.nu\/fr\/wp-json\/wp\/v2\/media\/58596"}],"wp:attachment":[{"href":"https:\/\/ak47.nu\/fr\/wp-json\/wp\/v2\/media?parent=58597"}],"wp:term":[{"taxonomy":"product_brand","embeddable":true,"href":"https:\/\/ak47.nu\/fr\/wp-json\/wp\/v2\/product_brand?post=58597"},{"taxonomy":"product_cat","embeddable":true,"href":"https:\/\/ak47.nu\/fr\/wp-json\/wp\/v2\/product_cat?post=58597"},{"taxonomy":"product_tag","embeddable":true,"href":"https:\/\/ak47.nu\/fr\/wp-json\/wp\/v2\/product_tag?post=58597"}],"curies":[{"name":"wp","href":"https:\/\/api.w.org\/{rel}","templated":true}]}}